{"id":1907887,"date":"2025-07-27T16:18:06","date_gmt":"2025-07-27T14:18:06","guid":{"rendered":"https:\/\/liquidmaster.pl\/blend-brothers-charmie-5-pack-microfiber-purple\/"},"modified":"2026-04-18T04:50:59","modified_gmt":"2026-04-18T02:50:59","slug":"blend-brothers-charmie-5-pack-microfiber-purple","status":"publish","type":"product","link":"https:\/\/liquidmaster.pl\/en\/blend-brothers-charmie-5-pack-microfiber-purple-40x40cm-zestaw-5-sztuk-mikrofibr\/","title":{"rendered":"Blend Brothers CHARMIE 5-Pack Microfiber Purple 40x40cm \u2013 set of 5 microfibers"},"content":{"rendered":"<p>CHARMIE \u2013 Endless Wipe Micorfiber\u00a0<\/p>\n<p>CHARMIE Endless Wipe Microfiber is a short-pile microfiber with seamless edges, combining two seemingly contradictory qualities: softness and effectiveness. Precisely laser-cut edges and extremely fine fibers guarantee safe use. The microfiber works effectively on surfaces without scratching. CHARMIE Endless Wipe Microfiber is incredibly versatile \u2013 ideal for cleaning, polishing, and protecting.<\/p>\n<p>Size 40\u00d740 cm<\/p>\n<p>Weight 420 gsm<\/p>\n<p>Pack of 5<\/p>","protected":false},"excerpt":{"rendered":"<p>CHARMIE &#8211; Endless Wipe Micorfiber\u00a0 CHARMIE Endless Wipe Mikrofiber to mikrofibra o kr\u00f3tkim w\u0142osiu i bezobszyciowych kraw\u0119dziach, \u0142\u0105cz\u0105ca dwie pozornie sprzeczne cechy: mi\u0119kko\u015b\u0107 i skuteczno\u015b\u0107. Precyzyjnie ci\u0119te laserowo kraw\u0119dzie oraz niezwykle delikatne w\u0142\u00f3kna gwarantuj\u0105 bezpiecze\u0144stwo podczas u\u017cytkowania. Mikrofibra efektywnie pracuje na powierzchni, nie powoduj\u0105c zarysowa\u0144. CHARMIE Endless Wipe Mikrofiber jest niezwykle wszechstronna \u2013 idealna do&hellip;&nbsp;<a href=\"https:\/\/liquidmaster.pl\/en\/blend-brothers-charmie-5-pack-microfiber-purple-40x40cm-zestaw-5-sztuk-mikrofibr\/\" rel=\"bookmark\">Read More \u00bb<span class=\"screen-reader-text\">Blend Brothers CHARMIE 5-Pack Microfiber Purple 40x40cm \u2013 set of 5 microfibers<\/span><\/a><\/p>","protected":false},"featured_media":1907889,"comment_status":"open","ping_status":"open","template":"","meta":{"neve_meta_sidebar":"","neve_meta_container":"","neve_meta_enable_content_width":"","neve_meta_content_width":0,"neve_meta_title_alignment":"","neve_meta_author_avatar":"","neve_post_elements_order":"","neve_meta_disable_header":"","neve_meta_disable_footer":"","neve_meta_disable_title":"","_themeisle_gutenberg_block_has_review":false},"product_brand":[],"product_cat":[757,758,798],"product_tag":[936],"class_list":{"0":"post-1907887","1":"product","2":"type-product","3":"status-publish","4":"has-post-thumbnail","6":"product_cat-akcesoria","7":"product_cat-mikrofibry-i-reczniki","8":"product_cat-uniwersalne","9":"product_tag-blend-brothers","11":"first","12":"instock","13":"taxable","14":"shipping-taxable","15":"purchasable","16":"product-type-simple"},"_links":{"self":[{"href":"https:\/\/liquidmaster.pl\/en\/wp-json\/wp\/v2\/product\/1907887","targetHints":{"allow":["GET"]}}],"collection":[{"href":"https:\/\/liquidmaster.pl\/en\/wp-json\/wp\/v2\/product"}],"about":[{"href":"https:\/\/liquidmaster.pl\/en\/wp-json\/wp\/v2\/types\/product"}],"replies":[{"embeddable":true,"href":"https:\/\/liquidmaster.pl\/en\/wp-json\/wp\/v2\/comments?post=1907887"}],"wp:featuredmedia":[{"embeddable":true,"href":"https:\/\/liquidmaster.pl\/en\/wp-json\/wp\/v2\/media\/1907889"}],"wp:attachment":[{"href":"https:\/\/liquidmaster.pl\/en\/wp-json\/wp\/v2\/media?parent=1907887"}],"wp:term":[{"taxonomy":"product_brand","embeddable":true,"href":"https:\/\/liquidmaster.pl\/en\/wp-json\/wp\/v2\/product_brand?post=1907887"},{"taxonomy":"product_cat","embeddable":true,"href":"https:\/\/liquidmaster.pl\/en\/wp-json\/wp\/v2\/product_cat?post=1907887"},{"taxonomy":"product_tag","embeddable":true,"href":"https:\/\/liquidmaster.pl\/en\/wp-json\/wp\/v2\/product_tag?post=1907887"}],"curies":[{"name":"wp","href":"https:\/\/api.w.org\/{rel}","templated":true}]}}