{"id":1907872,"date":"2025-07-27T16:13:05","date_gmt":"2025-07-27T14:13:05","guid":{"rendered":"https:\/\/liquidmaster.pl\/blend-brothers-blankie-microfiber-purple\/"},"modified":"2026-04-19T03:39:11","modified_gmt":"2026-04-19T01:39:11","slug":"blend-brothers-blankie-microfiber-purple","status":"publish","type":"product","link":"https:\/\/liquidmaster.pl\/en\/blend-brothers-blankie-microfiber-purple-40x40cm-uniwersalna-mikrofibra\/","title":{"rendered":"Blend Brothers BLANKIE Microfiber Purple 40x40cm \u2013 universal microfiber"},"content":{"rendered":"<p>BLANKIE \u2013 All Purpose Micorfiber<\/p>\n<p>BLANKIE All-Purpose Microfiber is an exceptionally versatile and universal microfiber designed for use on various car parts. It&#039;s perfect for protecting paintwork during lapping, waxing, and applying quick detailers. Laser cutting ensures exceptional precision and guarantees the safety of protected surfaces.<\/p>\n<p>Size 40\u00d740 cm<\/p>\n<p>Weight 300 gsm<\/p>","protected":false},"excerpt":{"rendered":"<p>BLANKIE &#8211; All Purpose Micorfiber BLANKIE All Purpose Mikrofiber to wyj\u0105tkowo wszechstronna i uniwersalna mikrofibra stworzona do pracy z r\u00f3\u017cnymi elementami samochodu. Doskonale sprawdzi si\u0119 przy zabezpieczaniu lakieru podczas docierania pow\u0142ok, wosk\u00f3w oraz aplikacji quick detailer\u00f3w. Ci\u0119cie laserowe zapewnia niezwyk\u0142\u0105 precyzj\u0119 i gwarantuje bezpiecze\u0144stwo zabezpieczanych powierzchni. Rozmiar 40&#215;40 cm Gramatura 300 gsm<\/p>","protected":false},"featured_media":1907874,"comment_status":"open","ping_status":"open","template":"","meta":{"neve_meta_sidebar":"","neve_meta_container":"","neve_meta_enable_content_width":"","neve_meta_content_width":0,"neve_meta_title_alignment":"","neve_meta_author_avatar":"","neve_post_elements_order":"","neve_meta_disable_header":"","neve_meta_disable_footer":"","neve_meta_disable_title":"","_themeisle_gutenberg_block_has_review":false},"product_brand":[],"product_cat":[757,758,798],"product_tag":[936],"class_list":{"0":"post-1907872","1":"product","2":"type-product","3":"status-publish","4":"has-post-thumbnail","6":"product_cat-akcesoria","7":"product_cat-mikrofibry-i-reczniki","8":"product_cat-uniwersalne","9":"product_tag-blend-brothers","11":"first","12":"instock","13":"taxable","14":"shipping-taxable","15":"purchasable","16":"product-type-simple"},"_links":{"self":[{"href":"https:\/\/liquidmaster.pl\/en\/wp-json\/wp\/v2\/product\/1907872","targetHints":{"allow":["GET"]}}],"collection":[{"href":"https:\/\/liquidmaster.pl\/en\/wp-json\/wp\/v2\/product"}],"about":[{"href":"https:\/\/liquidmaster.pl\/en\/wp-json\/wp\/v2\/types\/product"}],"replies":[{"embeddable":true,"href":"https:\/\/liquidmaster.pl\/en\/wp-json\/wp\/v2\/comments?post=1907872"}],"wp:featuredmedia":[{"embeddable":true,"href":"https:\/\/liquidmaster.pl\/en\/wp-json\/wp\/v2\/media\/1907874"}],"wp:attachment":[{"href":"https:\/\/liquidmaster.pl\/en\/wp-json\/wp\/v2\/media?parent=1907872"}],"wp:term":[{"taxonomy":"product_brand","embeddable":true,"href":"https:\/\/liquidmaster.pl\/en\/wp-json\/wp\/v2\/product_brand?post=1907872"},{"taxonomy":"product_cat","embeddable":true,"href":"https:\/\/liquidmaster.pl\/en\/wp-json\/wp\/v2\/product_cat?post=1907872"},{"taxonomy":"product_tag","embeddable":true,"href":"https:\/\/liquidmaster.pl\/en\/wp-json\/wp\/v2\/product_tag?post=1907872"}],"curies":[{"name":"wp","href":"https:\/\/api.w.org\/{rel}","templated":true}]}}