{"id":1907869,"date":"2025-07-27T16:12:06","date_gmt":"2025-07-27T14:12:06","guid":{"rendered":"https:\/\/liquidmaster.pl\/blend-brothers-baddie-double-twist-drying-towel\/"},"modified":"2026-04-20T08:32:11","modified_gmt":"2026-04-20T06:32:11","slug":"blend-brothers-baddie-double-twist-drying-towel","status":"publish","type":"product","link":"https:\/\/liquidmaster.pl\/en\/blend-brothers-baddie-double-twist-drying-towel-60x90cm-dwustronny-recznik-do-osuszania-lakieru\/","title":{"rendered":"Blend Brothers BADDIE Double Twist Drying Towel 60x90cm \u2013 double-sided towel for drying nail polish"},"content":{"rendered":"<p>BADDIE &#8211; Double Twist Drying Towel<\/p>\n<p>BADDIE Double Twist Drying Towel to dwustronny r\u0119cznik z mikrofibry do osuszania samochodu, charakteryzuj\u0105cy si\u0119 doskona\u0142\u0105 ch\u0142onno\u015bci\u0105 wody. Unikalna metoda szycia zastosowana w produkcji sprawia, \u017ce r\u0119cznik jest niezwykle trwa\u0142y i na d\u0142ugo zachowuje swoje w\u0142a\u015bciwo\u015bci. Dzi\u0119ki dwustronnej konstrukcji i wysokiej gramaturze, r\u0119cznik ma wyj\u0105tkow\u0105 zdolno\u015b\u0107 poch\u0142aniania wody. Korzystaj\u0105c z BADDIE Twist Drying Towel, ka\u017cdy detailer i mi\u0142o\u015bnik motoryzacji mo\u017ce szybko i skutecznie osuszy\u0107 sw\u00f3j pojazd. R\u0119cznik jest bezpieczny dla osuszanych powierzchni \u2013 nie powoduje zarysowa\u0144.<\/p>\n<p>Rozmiar 60&#215;90 cm<\/p>\n<p>Gramatura 1200 gsm<\/p>","protected":false},"excerpt":{"rendered":"<p>BADDIE &#8211; Double Twist Drying Towel BADDIE Double Twist Drying Towel to dwustronny r\u0119cznik z mikrofibry do osuszania samochodu, charakteryzuj\u0105cy si\u0119 doskona\u0142\u0105 ch\u0142onno\u015bci\u0105 wody. Unikalna metoda szycia zastosowana w produkcji sprawia, \u017ce r\u0119cznik jest niezwykle trwa\u0142y i na d\u0142ugo zachowuje swoje w\u0142a\u015bciwo\u015bci. Dzi\u0119ki dwustronnej konstrukcji i wysokiej gramaturze, r\u0119cznik ma wyj\u0105tkow\u0105 zdolno\u015b\u0107 poch\u0142aniania wody. Korzystaj\u0105c&hellip;&nbsp;<a href=\"https:\/\/liquidmaster.pl\/en\/blend-brothers-baddie-double-twist-drying-towel-60x90cm-dwustronny-recznik-do-osuszania-lakieru\/\" rel=\"bookmark\">Read More \u00bb<span class=\"screen-reader-text\">Blend Brothers BADDIE Double Twist Drying Towel 60x90cm \u2013 double-sided towel for drying nail polish<\/span><\/a><\/p>","protected":false},"featured_media":1907871,"comment_status":"open","ping_status":"open","template":"","meta":{"neve_meta_sidebar":"","neve_meta_container":"","neve_meta_enable_content_width":"","neve_meta_content_width":0,"neve_meta_title_alignment":"","neve_meta_author_avatar":"","neve_post_elements_order":"","neve_meta_disable_header":"","neve_meta_disable_footer":"","neve_meta_disable_title":"","_themeisle_gutenberg_block_has_review":false},"product_brand":[],"product_cat":[734,733,781],"product_tag":[936],"class_list":{"0":"post-1907869","1":"product","2":"type-product","3":"status-publish","4":"has-post-thumbnail","6":"product_cat-mycie-i-osuszanie","7":"product_cat-na-zewnatrz","8":"product_cat-reczniki-do-osuszania","9":"product_tag-blend-brothers","11":"first","12":"outofstock","13":"taxable","14":"shipping-taxable","15":"purchasable","16":"product-type-simple"},"_links":{"self":[{"href":"https:\/\/liquidmaster.pl\/en\/wp-json\/wp\/v2\/product\/1907869","targetHints":{"allow":["GET"]}}],"collection":[{"href":"https:\/\/liquidmaster.pl\/en\/wp-json\/wp\/v2\/product"}],"about":[{"href":"https:\/\/liquidmaster.pl\/en\/wp-json\/wp\/v2\/types\/product"}],"replies":[{"embeddable":true,"href":"https:\/\/liquidmaster.pl\/en\/wp-json\/wp\/v2\/comments?post=1907869"}],"wp:featuredmedia":[{"embeddable":true,"href":"https:\/\/liquidmaster.pl\/en\/wp-json\/wp\/v2\/media\/1907871"}],"wp:attachment":[{"href":"https:\/\/liquidmaster.pl\/en\/wp-json\/wp\/v2\/media?parent=1907869"}],"wp:term":[{"taxonomy":"product_brand","embeddable":true,"href":"https:\/\/liquidmaster.pl\/en\/wp-json\/wp\/v2\/product_brand?post=1907869"},{"taxonomy":"product_cat","embeddable":true,"href":"https:\/\/liquidmaster.pl\/en\/wp-json\/wp\/v2\/product_cat?post=1907869"},{"taxonomy":"product_tag","embeddable":true,"href":"https:\/\/liquidmaster.pl\/en\/wp-json\/wp\/v2\/product_tag?post=1907869"}],"curies":[{"name":"wp","href":"https:\/\/api.w.org\/{rel}","templated":true}]}}