{"id":1907866,"date":"2025-07-27T16:10:07","date_gmt":"2025-07-27T14:10:07","guid":{"rendered":"https:\/\/liquidmaster.pl\/bigboi-washr-pro-fixed-wall-mount-uchwyt-scienny-na-myjke-cisnieniowa\/"},"modified":"2026-04-18T04:50:55","modified_gmt":"2026-04-18T02:50:55","slug":"bigboi-washr-pro-fixed-wall-mount-uchwyt-scienny-na-myjke-cisnieniowa","status":"publish","type":"product","link":"https:\/\/liquidmaster.pl\/en\/bigboi-washr-pro-fixed-wall-mount-uchwyt-scienny-na-myjke-cisnieniowa\/","title":{"rendered":"BigBoi WashR Pro Fixed Wall Mount &#8211; uchwyt \u015bcienny na myjk\u0119 ci\u015bnieniow\u0105"},"content":{"rendered":"<p>BigBoi WashR Pro &#038; WashR Duo Fixed Wall Mount<\/p>\n<p>Uchwyt zaprojektowany z my\u015bl\u0105 o myjkach WashR Pro i WashR Duo, kt\u00f3ry pozwala na ich zawieszenie na \u015bcianie. U\u0142atwia zachowa\u0107 porz\u0105dek w studiu detailingowym lub gara\u017cu pasjonata piel\u0119gnacji aut.<br \/>\nSolidna metalowa konstrukcja jest lakierowana metod\u0105 proszkow\u0105, dzi\u0119ki czemu uzyskano wysok\u0105 odporno\u015b\u0107 na uszkodzenia mechaniczne. Dodatkowo posiada wbudowany uchwyt na dysze, a tak\u017ce b\u0119ben na w\u0105\u017c z zestawu o d\u0142ugo\u015bci 13 metr\u00f3w (mo\u017ce zosta\u0107 wymieniony na w\u0105\u017c o d\u0142ugo\u015bci do 20 metr\u00f3w). \u0141atwy i szybko demonta\u017c w\u0119\u017ca umo\u017cliwia wbudowana szybkoz\u0142\u0105czka.<\/p>\n<p>Set contains:<\/p>\n<ul>\n<li>P\u00f3\u0142ka do monta\u017cu myjki z otworami pasuj\u0105cymi do WashR Pro,<\/li>\n<li>B\u0119ben z mocowaniem i r\u0105czk\u0105 do zwijania, obs\u0142uguje w\u0105\u017c do 20 metr\u00f3w i \u015brednicy \u00bc,<\/li>\n<li>Wbudowan\u0105 szybkoz\u0142\u0105czk\u0119 do w\u0119\u017ca,<\/li>\n<li>Uchwyt na dysze,<\/li>\n<li>Uchwyt na pistolet spustowy,<\/li>\n<li>W\u0105\u017c doprowadzaj\u0105cy wod\u0119 do b\u0119bna,<\/li>\n<li>\u015aruby do monta\u017cu na \u015bcianie.<\/li>\n<\/ul>\n<p>Nale\u017cy pami\u0119ta\u0107, \u017ce zestaw nie zawiera myjek WashR Pro i Duo, w\u0119\u017ca, pistoletu spustowego i dysz!<\/p>\n<p>\u00a0<\/p>","protected":false},"excerpt":{"rendered":"<p>BigBoi WashR Pro &#038; WashR Duo Fixed Wall Mount Uchwyt zaprojektowany z my\u015bl\u0105 o myjkach WashR Pro i WashR Duo, kt\u00f3ry pozwala na ich zawieszenie na \u015bcianie. U\u0142atwia zachowa\u0107 porz\u0105dek w studiu detailingowym lub gara\u017cu pasjonata piel\u0119gnacji aut. Solidna metalowa konstrukcja jest lakierowana metod\u0105 proszkow\u0105, dzi\u0119ki czemu uzyskano wysok\u0105 odporno\u015b\u0107 na uszkodzenia mechaniczne. Dodatkowo posiada&hellip;&nbsp;<a href=\"https:\/\/liquidmaster.pl\/en\/bigboi-washr-pro-fixed-wall-mount-uchwyt-scienny-na-myjke-cisnieniowa\/\" rel=\"bookmark\">Read More \u00bb<span class=\"screen-reader-text\">BigBoi WashR Pro Fixed Wall Mount &#8211; uchwyt \u015bcienny na myjk\u0119 ci\u015bnieniow\u0105<\/span><\/a><\/p>","protected":false},"featured_media":1907868,"comment_status":"open","ping_status":"open","template":"","meta":{"neve_meta_sidebar":"","neve_meta_container":"","neve_meta_enable_content_width":"","neve_meta_content_width":0,"neve_meta_title_alignment":"","neve_meta_author_avatar":"","neve_post_elements_order":"","neve_meta_disable_header":"","neve_meta_disable_footer":"","neve_meta_disable_title":"","_themeisle_gutenberg_block_has_review":false},"product_brand":[],"product_cat":[757,892,846],"product_tag":[1110],"class_list":{"0":"post-1907866","1":"product","2":"type-product","3":"status-publish","4":"has-post-thumbnail","6":"product_cat-akcesoria","7":"product_cat-myjki-cisnieniowe","8":"product_cat-reszta","9":"product_tag-bigboi","11":"first","12":"outofstock","13":"taxable","14":"shipping-taxable","15":"purchasable","16":"product-type-simple"},"_links":{"self":[{"href":"https:\/\/liquidmaster.pl\/en\/wp-json\/wp\/v2\/product\/1907866","targetHints":{"allow":["GET"]}}],"collection":[{"href":"https:\/\/liquidmaster.pl\/en\/wp-json\/wp\/v2\/product"}],"about":[{"href":"https:\/\/liquidmaster.pl\/en\/wp-json\/wp\/v2\/types\/product"}],"replies":[{"embeddable":true,"href":"https:\/\/liquidmaster.pl\/en\/wp-json\/wp\/v2\/comments?post=1907866"}],"wp:featuredmedia":[{"embeddable":true,"href":"https:\/\/liquidmaster.pl\/en\/wp-json\/wp\/v2\/media\/1907868"}],"wp:attachment":[{"href":"https:\/\/liquidmaster.pl\/en\/wp-json\/wp\/v2\/media?parent=1907866"}],"wp:term":[{"taxonomy":"product_brand","embeddable":true,"href":"https:\/\/liquidmaster.pl\/en\/wp-json\/wp\/v2\/product_brand?post=1907866"},{"taxonomy":"product_cat","embeddable":true,"href":"https:\/\/liquidmaster.pl\/en\/wp-json\/wp\/v2\/product_cat?post=1907866"},{"taxonomy":"product_tag","embeddable":true,"href":"https:\/\/liquidmaster.pl\/en\/wp-json\/wp\/v2\/product_tag?post=1907866"}],"curies":[{"name":"wp","href":"https:\/\/api.w.org\/{rel}","templated":true}]}}