{"id":1907857,"date":"2025-07-27T16:05:04","date_gmt":"2025-07-27T14:05:04","guid":{"rendered":"https:\/\/liquidmaster.pl\/shinemate-polishing-cone-zolty-qc-73x85mm-stozek-polerski\/"},"modified":"2026-04-18T04:50:39","modified_gmt":"2026-04-18T02:50:39","slug":"shinemate-polishing-cone-zolty-qc-73x85mm-stozek-polerski","status":"publish","type":"product","link":"https:\/\/liquidmaster.pl\/en\/shinemate-polishing-cone-zolty-qc-73x85mm-stozek-polerski\/","title":{"rendered":"ShineMate Polishing Cone \u017b\u00f3lty QC 73x85mm &#8211; sto\u017cek polerski"},"content":{"rendered":"<p>Polishing cone for polishing corners and hard-to-reach places.<\/p>\n<p>For use with liquid polishes to restore a high gloss finish. Suitable for use with power tools with a maximum speed of 3500 rpm.<\/p>\n<p>Size 73\u00d785 mm<\/p>\n<p>Mount: Quick Change<\/p>","protected":false},"excerpt":{"rendered":"<p>Sto\u017cek polerski do polerowania naro\u017cnik\u00f3w i trudno dost\u0119pnych miejsc. Do u\u017cycia z p\u0142ynnymi \u015brodkami polerskimi w celu przywr\u00f3cenia wysokiego po\u0142ysku. Nadaj\u0105 si\u0119 do u\u017cytku z elektronarz\u0119dziami o maksymalnej pr\u0119dko\u015bci 3500 obr.\/min.. Rozmiar 73&#215;85 mm Mocowanie:\u00a0Quick Change<\/p>","protected":false},"featured_media":1907859,"comment_status":"open","ping_status":"open","template":"","meta":{"neve_meta_sidebar":"","neve_meta_container":"","neve_meta_enable_content_width":"","neve_meta_content_width":0,"neve_meta_title_alignment":"","neve_meta_author_avatar":"","neve_post_elements_order":"","neve_meta_disable_header":"","neve_meta_disable_footer":"","neve_meta_disable_title":"","_themeisle_gutenberg_block_has_review":false},"product_brand":[],"product_cat":[823,822,748],"product_tag":[359],"class_list":{"0":"post-1907857","1":"product","2":"type-product","3":"status-publish","4":"has-post-thumbnail","6":"product_cat-gabki-polerskie","7":"product_cat-pady-polerskie","8":"product_cat-polerowanie","9":"product_tag-shine-mate","11":"first","12":"instock","13":"taxable","14":"shipping-taxable","15":"purchasable","16":"product-type-simple"},"_links":{"self":[{"href":"https:\/\/liquidmaster.pl\/en\/wp-json\/wp\/v2\/product\/1907857","targetHints":{"allow":["GET"]}}],"collection":[{"href":"https:\/\/liquidmaster.pl\/en\/wp-json\/wp\/v2\/product"}],"about":[{"href":"https:\/\/liquidmaster.pl\/en\/wp-json\/wp\/v2\/types\/product"}],"replies":[{"embeddable":true,"href":"https:\/\/liquidmaster.pl\/en\/wp-json\/wp\/v2\/comments?post=1907857"}],"wp:featuredmedia":[{"embeddable":true,"href":"https:\/\/liquidmaster.pl\/en\/wp-json\/wp\/v2\/media\/1907859"}],"wp:attachment":[{"href":"https:\/\/liquidmaster.pl\/en\/wp-json\/wp\/v2\/media?parent=1907857"}],"wp:term":[{"taxonomy":"product_brand","embeddable":true,"href":"https:\/\/liquidmaster.pl\/en\/wp-json\/wp\/v2\/product_brand?post=1907857"},{"taxonomy":"product_cat","embeddable":true,"href":"https:\/\/liquidmaster.pl\/en\/wp-json\/wp\/v2\/product_cat?post=1907857"},{"taxonomy":"product_tag","embeddable":true,"href":"https:\/\/liquidmaster.pl\/en\/wp-json\/wp\/v2\/product_tag?post=1907857"}],"curies":[{"name":"wp","href":"https:\/\/api.w.org\/{rel}","templated":true}]}}