{"id":1907845,"date":"2025-07-27T16:01:03","date_gmt":"2025-07-27T14:01:03","guid":{"rendered":"https:\/\/liquidmaster.pl\/scangrip-i-view-for-life-lampa-czolowa\/"},"modified":"2026-04-19T03:38:50","modified_gmt":"2026-04-19T01:38:50","slug":"scangrip-i-view-for-life-lampa-czolowa","status":"publish","type":"product","link":"https:\/\/liquidmaster.pl\/en\/scangrip-i-view-for-life-lampa-czolowa\/","title":{"rendered":"Scangrip I-VIEW FOR LIFE \u2013 headlamp"},"content":{"rendered":"<p>I-VIEW to mocna, \u0142adowana przez USB-C latarka LED na czo\u0142o, zaprojektowana z my\u015bl\u0105 o profesjonalistach. W przeciwie\u0144stwie do innych latarek, kt\u00f3re skupiaj\u0105 \u015bwiat\u0142o w jednym punkcie, I-VIEW o\u015bwietla ca\u0142e Twoje miejsce pracy.<\/p>\n<p>W trybie sensorowym, I-VIEW mo\u017cna \u0142atwo sterowa\u0107 ruchem r\u0119ki, nawet w grubych r\u0119kawicach. Latarka jest lekka, ma nowoczesny design i wygodny, pleciony pasek, idealny do d\u0142ugotrwa\u0142ego noszenia. Dodatkowo, wska\u017anik baterii umo\u017cliwia \u0142atwe monitorowanie jej stanu.<\/p>\n<p>I-VIEW jest wytrzyma\u0142a, odporna na wod\u0119 i kurz (IP65), co pozwala na jej u\u017cytkowanie w trudnych warunkach pracy. Dzi\u0119ki 12 diodom LED, oferuje regulowan\u0105 moc \u015bwietln\u0105 do 400 lumen\u00f3w. Tryb OPTILight zapewnia optymalne o\u015bwietlenie i czas pracy za pomoc\u0105 jednego dotkni\u0119cia. Latarka zapewnia sta\u0142\u0105 wydajno\u015b\u0107 \u015bwietln\u0105 zgodnie z norm\u0105 EN 13032-1.<\/p>\n<p>Dlaczego warto wybra\u0107 I-VIEW:<\/p>\n<ul>\n<li>\u0142adowana latarka LED do 400 lumen\u00f3w<\/li>\n<li>tryb OPTILight dla optymalnego \u015bwiat\u0142a i czasu pracy<\/li>\n<li>regulowane nat\u0119\u017cenie \u015bwiat\u0142a &#8211; 3 stopnie jasno\u015bci<\/li>\n<li>wska\u017anik baterii<\/li>\n<li>o\u015bwietla ca\u0142e miejsce pracy<\/li>\n<li>odporna na kurz i wod\u0119 (IP65)<\/li>\n<li>certyfikat do pracy w trudnych warunkach<\/li>\n<li>5-letnia gwarancja<\/li>\n<li>19% materia\u0142\u00f3w z recyklingu<\/li>\n<li>akcesoria i cz\u0119\u015bci zamienne dost\u0119pne<\/li>\n<\/ul>\n<p>Projekt I-VIEW jest obj\u0119ty patentem wzoru przemys\u0142owego UE nr DM\/237214<\/p>","protected":false},"excerpt":{"rendered":"<p>I-VIEW to mocna, \u0142adowana przez USB-C latarka LED na czo\u0142o, zaprojektowana z my\u015bl\u0105 o profesjonalistach. W przeciwie\u0144stwie do innych latarek, kt\u00f3re skupiaj\u0105 \u015bwiat\u0142o w jednym punkcie, I-VIEW o\u015bwietla ca\u0142e Twoje miejsce pracy. W trybie sensorowym, I-VIEW mo\u017cna \u0142atwo sterowa\u0107 ruchem r\u0119ki, nawet w grubych r\u0119kawicach. Latarka jest lekka, ma nowoczesny design i wygodny, pleciony pasek,&hellip;&nbsp;<a href=\"https:\/\/liquidmaster.pl\/en\/scangrip-i-view-for-life-lampa-czolowa\/\" rel=\"bookmark\">Read More \u00bb<span class=\"screen-reader-text\">Scangrip I-VIEW FOR LIFE \u2013 headlamp<\/span><\/a><\/p>","protected":false},"featured_media":1907847,"comment_status":"open","ping_status":"open","template":"","meta":{"neve_meta_sidebar":"","neve_meta_container":"","neve_meta_enable_content_width":"","neve_meta_content_width":0,"neve_meta_title_alignment":"","neve_meta_author_avatar":"","neve_post_elements_order":"","neve_meta_disable_header":"","neve_meta_disable_footer":"","neve_meta_disable_title":"","_themeisle_gutenberg_block_has_review":false},"product_brand":[],"product_cat":[749,827,748],"product_tag":[356],"class_list":{"0":"post-1907845","1":"product","2":"type-product","3":"status-publish","4":"has-post-thumbnail","6":"product_cat-akcesoria-polerskie","7":"product_cat-lampy-inspekcyjne","8":"product_cat-polerowanie","9":"product_tag-scangrip","11":"first","12":"instock","13":"taxable","14":"shipping-taxable","15":"purchasable","16":"product-type-simple"},"_links":{"self":[{"href":"https:\/\/liquidmaster.pl\/en\/wp-json\/wp\/v2\/product\/1907845","targetHints":{"allow":["GET"]}}],"collection":[{"href":"https:\/\/liquidmaster.pl\/en\/wp-json\/wp\/v2\/product"}],"about":[{"href":"https:\/\/liquidmaster.pl\/en\/wp-json\/wp\/v2\/types\/product"}],"replies":[{"embeddable":true,"href":"https:\/\/liquidmaster.pl\/en\/wp-json\/wp\/v2\/comments?post=1907845"}],"wp:featuredmedia":[{"embeddable":true,"href":"https:\/\/liquidmaster.pl\/en\/wp-json\/wp\/v2\/media\/1907847"}],"wp:attachment":[{"href":"https:\/\/liquidmaster.pl\/en\/wp-json\/wp\/v2\/media?parent=1907845"}],"wp:term":[{"taxonomy":"product_brand","embeddable":true,"href":"https:\/\/liquidmaster.pl\/en\/wp-json\/wp\/v2\/product_brand?post=1907845"},{"taxonomy":"product_cat","embeddable":true,"href":"https:\/\/liquidmaster.pl\/en\/wp-json\/wp\/v2\/product_cat?post=1907845"},{"taxonomy":"product_tag","embeddable":true,"href":"https:\/\/liquidmaster.pl\/en\/wp-json\/wp\/v2\/product_tag?post=1907845"}],"curies":[{"name":"wp","href":"https:\/\/api.w.org\/{rel}","templated":true}]}}