{"id":1907839,"date":"2025-07-27T15:59:00","date_gmt":"2025-07-27T13:59:00","guid":{"rendered":"https:\/\/liquidmaster.pl\/fresso-zack-drying-towel-90x60cm-puszysty-recznik-z-mikrofibry-do-osuszania-samochodu\/"},"modified":"2026-04-18T04:50:37","modified_gmt":"2026-04-18T02:50:37","slug":"fresso-zack-drying-towel-90x60cm-puszysty-recznik-z-mikrofibry-do-osuszania-samochodu","status":"publish","type":"product","link":"https:\/\/liquidmaster.pl\/en\/fresso-zack-drying-towel-90x60cm-puszysty-recznik-z-mikrofibry-do-osuszania-samochodu\/","title":{"rendered":"Fresso Zack Drying Towel 90x60cm \u2013 fluffy microfiber towel for drying your car"},"content":{"rendered":"<p>Wysokiej jako\u015bci r\u0119cznik z mikrofibry, zaprojektowany specjalnie do szybkiego i skutecznego osuszania samochod\u00f3w. Dzi\u0119ki wyj\u0105tkowo puszystej strukturze w\u0142\u00f3kien, r\u0119cznik doskonale ch\u0142onie wod\u0119, nie pozostawiaj\u0105c smug ani zaciek\u00f3w. Du\u017cy rozmiar 90 x 60 cm umo\u017cliwia wygodne i efektywne osuszanie nawet du\u017cych powierzchni, takich jak maska, dach czy drzwi. Delikatne kraw\u0119dzie gwarantuj\u0105 bezpiecze\u0144stwo lakieru, chroni\u0105c przed mikro zarysowaniami.<\/p>\n<p>Recommendations:<\/p>\n<ul>\n<li>Wash the towel before first use<\/li>\n<li>Wash at low temperature<\/li>\n<li>Do not use bleach or softeners for care<\/li>\n<li>Do not iron<\/li>\n<\/ul>\n<p>Key product features<\/p>\n<ul>\n<li>90 x 60 cm\u00a0<\/li>\n<li>Weight: 450 g\/m2<\/li>\n<li>G\u0119sta struktura z mi\u0119kkimi w\u0142\u00f3knami<\/li>\n<li>Doskona\u0142a ch\u0142onno\u015b\u0107<\/li>\n<li>Does not leave streaks<\/li>\n<li>Bezpieczny dla wszystkich powierzchni\u00a0\u00a0<\/li>\n<\/ul>\n<p>\u00a0<\/p>","protected":false},"excerpt":{"rendered":"<p>Wysokiej jako\u015bci r\u0119cznik z mikrofibry, zaprojektowany specjalnie do szybkiego i skutecznego osuszania samochod\u00f3w. Dzi\u0119ki wyj\u0105tkowo puszystej strukturze w\u0142\u00f3kien, r\u0119cznik doskonale ch\u0142onie wod\u0119, nie pozostawiaj\u0105c smug ani zaciek\u00f3w. Du\u017cy rozmiar 90 x 60 cm umo\u017cliwia wygodne i efektywne osuszanie nawet du\u017cych powierzchni, takich jak maska, dach czy drzwi. Delikatne kraw\u0119dzie gwarantuj\u0105 bezpiecze\u0144stwo lakieru, chroni\u0105c przed mikro&hellip;&nbsp;<a href=\"https:\/\/liquidmaster.pl\/en\/fresso-zack-drying-towel-90x60cm-puszysty-recznik-z-mikrofibry-do-osuszania-samochodu\/\" rel=\"bookmark\">Read More \u00bb<span class=\"screen-reader-text\">Fresso Zack Drying Towel 90x60cm \u2013 fluffy microfiber towel for drying your car<\/span><\/a><\/p>","protected":false},"featured_media":1907841,"comment_status":"open","ping_status":"open","template":"","meta":{"neve_meta_sidebar":"","neve_meta_container":"","neve_meta_enable_content_width":"","neve_meta_content_width":0,"neve_meta_title_alignment":"","neve_meta_author_avatar":"","neve_post_elements_order":"","neve_meta_disable_header":"","neve_meta_disable_footer":"","neve_meta_disable_title":"","_themeisle_gutenberg_block_has_review":false},"product_brand":[],"product_cat":[757,758,734,733,781],"product_tag":[296],"class_list":{"0":"post-1907839","1":"product","2":"type-product","3":"status-publish","4":"has-post-thumbnail","6":"product_cat-akcesoria","7":"product_cat-mikrofibry-i-reczniki","8":"product_cat-mycie-i-osuszanie","9":"product_cat-na-zewnatrz","10":"product_cat-reczniki-do-osuszania","11":"product_tag-fresso","13":"first","14":"instock","15":"taxable","16":"shipping-taxable","17":"purchasable","18":"product-type-simple"},"_links":{"self":[{"href":"https:\/\/liquidmaster.pl\/en\/wp-json\/wp\/v2\/product\/1907839","targetHints":{"allow":["GET"]}}],"collection":[{"href":"https:\/\/liquidmaster.pl\/en\/wp-json\/wp\/v2\/product"}],"about":[{"href":"https:\/\/liquidmaster.pl\/en\/wp-json\/wp\/v2\/types\/product"}],"replies":[{"embeddable":true,"href":"https:\/\/liquidmaster.pl\/en\/wp-json\/wp\/v2\/comments?post=1907839"}],"wp:featuredmedia":[{"embeddable":true,"href":"https:\/\/liquidmaster.pl\/en\/wp-json\/wp\/v2\/media\/1907841"}],"wp:attachment":[{"href":"https:\/\/liquidmaster.pl\/en\/wp-json\/wp\/v2\/media?parent=1907839"}],"wp:term":[{"taxonomy":"product_brand","embeddable":true,"href":"https:\/\/liquidmaster.pl\/en\/wp-json\/wp\/v2\/product_brand?post=1907839"},{"taxonomy":"product_cat","embeddable":true,"href":"https:\/\/liquidmaster.pl\/en\/wp-json\/wp\/v2\/product_cat?post=1907839"},{"taxonomy":"product_tag","embeddable":true,"href":"https:\/\/liquidmaster.pl\/en\/wp-json\/wp\/v2\/product_tag?post=1907839"}],"curies":[{"name":"wp","href":"https:\/\/api.w.org\/{rel}","templated":true}]}}