{"id":1907836,"date":"2025-07-27T15:58:05","date_gmt":"2025-07-27T13:58:05","guid":{"rendered":"https:\/\/liquidmaster.pl\/fresso-toby-perfect-finish-towel-40x40cm-puszysta-mikrofibra-do-lakieru\/"},"modified":"2026-04-18T04:50:36","modified_gmt":"2026-04-18T02:50:36","slug":"fresso-toby-perfect-finish-towel-40x40cm-puszysta-mikrofibra-do-lakieru","status":"publish","type":"product","link":"https:\/\/liquidmaster.pl\/en\/fresso-toby-perfect-finish-towel-40x40cm-puszysta-mikrofibra-do-lakieru\/","title":{"rendered":"Fresso Toby Perfect Finish Towel 40x40cm \u2013 fluffy microfiber for nail polish"},"content":{"rendered":"<p>Niezast\u0105piony podczas prac polerskich i dzia\u0142a\u0144 z wymagaj\u0105cymi produktami, takimi jak woski o g\u0119stej konsystencji. U\u0142atwia r\u00f3wnie\u017c usuwanie nadmiaru past polerskich mi\u0119dzy kolejnymi etapami polerowania lakieru. Starannie zaprojektowana struktura w\u0142\u00f3kien sprawia, \u017ce r\u0119cznik \u015bwietnie sprawdza si\u0119 we wn\u0119trzu pojazdu, pomagaj\u0105c w dok\u0142adnym docieraniu dressing\u00f3w do wybranych element\u00f3w. Kompaktowy rozmiar i precyzyjne wyko\u0144czenie sprawiaj\u0105, \u017ce to idealne narz\u0119dzie dla ka\u017cdego profesjonalisty i entuzjasty detailingu.<\/p>\n<p>Recommendations<\/p>\n<ul>\n<li>Wash the towel before first use<\/li>\n<li>Wash at low temperature<\/li>\n<li>Do not use bleach or softeners for care<\/li>\n<li>Do not iron<\/li>\n<\/ul>\n<p>Key product features<\/p>\n<ul>\n<li>40 x 40 cm\u00a0<\/li>\n<li>Gramatura: 600 g\/m2<\/li>\n<li>Skuteczny w \u015brodku i na zewn\u0105trz pojazdu<\/li>\n<li>Przystosowany do aplikacji wosk\u00f3w, past polerskich i dressing\u00f3w<\/li>\n<li>G\u0119sta struktura z mi\u0119kkimi w\u0142\u00f3knami\u00a0<\/li>\n<li>Bezpieczny dla wszystkich powierzchni\u00a0<\/li>\n<\/ul>\n<p>\u00a0<\/p>","protected":false},"excerpt":{"rendered":"<p>Niezast\u0105piony podczas prac polerskich i dzia\u0142a\u0144 z wymagaj\u0105cymi produktami, takimi jak woski o g\u0119stej konsystencji. U\u0142atwia r\u00f3wnie\u017c usuwanie nadmiaru past polerskich mi\u0119dzy kolejnymi etapami polerowania lakieru. Starannie zaprojektowana struktura w\u0142\u00f3kien sprawia, \u017ce r\u0119cznik \u015bwietnie sprawdza si\u0119 we wn\u0119trzu pojazdu, pomagaj\u0105c w dok\u0142adnym docieraniu dressing\u00f3w do wybranych element\u00f3w. Kompaktowy rozmiar i precyzyjne wyko\u0144czenie sprawiaj\u0105, \u017ce to&hellip;&nbsp;<a href=\"https:\/\/liquidmaster.pl\/en\/fresso-toby-perfect-finish-towel-40x40cm-puszysta-mikrofibra-do-lakieru\/\" rel=\"bookmark\">Read More \u00bb<span class=\"screen-reader-text\">Fresso Toby Perfect Finish Towel 40x40cm \u2013 fluffy microfiber for nail polish<\/span><\/a><\/p>","protected":false},"featured_media":1907838,"comment_status":"open","ping_status":"open","template":"","meta":{"neve_meta_sidebar":"","neve_meta_container":"","neve_meta_enable_content_width":"","neve_meta_content_width":0,"neve_meta_title_alignment":"","neve_meta_author_avatar":"","neve_post_elements_order":"","neve_meta_disable_header":"","neve_meta_disable_footer":"","neve_meta_disable_title":"","_themeisle_gutenberg_block_has_review":false},"product_brand":[],"product_cat":[757,758,780],"product_tag":[296],"class_list":{"0":"post-1907836","1":"product","2":"type-product","3":"status-publish","4":"has-post-thumbnail","6":"product_cat-akcesoria","7":"product_cat-mikrofibry-i-reczniki","8":"product_cat-pluszowe","9":"product_tag-fresso","11":"first","12":"instock","13":"taxable","14":"shipping-taxable","15":"purchasable","16":"product-type-simple"},"_links":{"self":[{"href":"https:\/\/liquidmaster.pl\/en\/wp-json\/wp\/v2\/product\/1907836","targetHints":{"allow":["GET"]}}],"collection":[{"href":"https:\/\/liquidmaster.pl\/en\/wp-json\/wp\/v2\/product"}],"about":[{"href":"https:\/\/liquidmaster.pl\/en\/wp-json\/wp\/v2\/types\/product"}],"replies":[{"embeddable":true,"href":"https:\/\/liquidmaster.pl\/en\/wp-json\/wp\/v2\/comments?post=1907836"}],"wp:featuredmedia":[{"embeddable":true,"href":"https:\/\/liquidmaster.pl\/en\/wp-json\/wp\/v2\/media\/1907838"}],"wp:attachment":[{"href":"https:\/\/liquidmaster.pl\/en\/wp-json\/wp\/v2\/media?parent=1907836"}],"wp:term":[{"taxonomy":"product_brand","embeddable":true,"href":"https:\/\/liquidmaster.pl\/en\/wp-json\/wp\/v2\/product_brand?post=1907836"},{"taxonomy":"product_cat","embeddable":true,"href":"https:\/\/liquidmaster.pl\/en\/wp-json\/wp\/v2\/product_cat?post=1907836"},{"taxonomy":"product_tag","embeddable":true,"href":"https:\/\/liquidmaster.pl\/en\/wp-json\/wp\/v2\/product_tag?post=1907836"}],"curies":[{"name":"wp","href":"https:\/\/api.w.org\/{rel}","templated":true}]}}