{"id":1907833,"date":"2025-07-27T15:57:04","date_gmt":"2025-07-27T13:57:04","guid":{"rendered":"https:\/\/liquidmaster.pl\/fresso-ashton-plus-drying-towel-90x60cm-recznik-do-osuszania-karoserii\/"},"modified":"2026-04-18T04:50:36","modified_gmt":"2026-04-18T02:50:36","slug":"fresso-ashton-plus-drying-towel-90x60cm-recznik-do-osuszania-karoserii","status":"publish","type":"product","link":"https:\/\/liquidmaster.pl\/en\/fresso-ashton-plus-drying-towel-90x60cm-recznik-do-osuszania-karoserii\/","title":{"rendered":"Fresso Ashton Plus Drying Towel 90x60cm \u2013 towel for drying the bodywork"},"content":{"rendered":"<p>Ashton Plus to r\u0119cznik stworzony z my\u015bl\u0105 o maksymalnej ch\u0142onno\u015bci. Jego g\u0119sta i zaawansowana struktura Twisted Pile poch\u0142ania wod\u0119 b\u0142yskawicznie, zapewniaj\u0105c szybkie i bezpieczne usuwanie wilgoci bez smug i ryzyka mikrozarysowa\u0144. Mi\u0119kkie, spiralnie skr\u0119cone w\u0142\u00f3kna gwarantuj\u0105 wyj\u0105tkowy komfort u\u017cytkowania, a ich zwi\u0119kszona obj\u0119to\u015b\u0107 przek\u0142ada si\u0119 na jeszcze lepsz\u0105 efektywno\u015b\u0107. Druga, g\u0142adka strona z kr\u00f3tszym w\u0142osiem \u015bwietnie sprawdzi si\u0119 przy piel\u0119gnacji szyb i detali. Efektywno\u015b\u0107 i precyzja na najwy\u017cszym poziomie.\u00a0<\/p>\n<p>Recommendations<\/p>\n<ul>\n<li>Wash the towel before first use<\/li>\n<li>Wash at low temperature<\/li>\n<li>Do not use bleach or softeners for care<\/li>\n<li>Do not iron<\/li>\n<\/ul>\n<p>Key product features<\/p>\n<ul>\n<li>Wymiary: 90 x 60 cm<\/li>\n<li>Gramatura: 1200 g\/m2<\/li>\n<li>G\u0119sta struktura z mi\u0119kkimi w\u0142\u00f3knami<\/li>\n<li>Bezpieczny dla wszystkich powierzchni<\/li>\n<li>Doskona\u0142a ch\u0142onno\u015b\u0107<\/li>\n<li>Does not leave streaks<\/li>\n<\/ul>","protected":false},"excerpt":{"rendered":"<p>Ashton Plus to r\u0119cznik stworzony z my\u015bl\u0105 o maksymalnej ch\u0142onno\u015bci. Jego g\u0119sta i zaawansowana struktura Twisted Pile poch\u0142ania wod\u0119 b\u0142yskawicznie, zapewniaj\u0105c szybkie i bezpieczne usuwanie wilgoci bez smug i ryzyka mikrozarysowa\u0144. Mi\u0119kkie, spiralnie skr\u0119cone w\u0142\u00f3kna gwarantuj\u0105 wyj\u0105tkowy komfort u\u017cytkowania, a ich zwi\u0119kszona obj\u0119to\u015b\u0107 przek\u0142ada si\u0119 na jeszcze lepsz\u0105 efektywno\u015b\u0107. Druga, g\u0142adka strona z kr\u00f3tszym w\u0142osiem&hellip;&nbsp;<a href=\"https:\/\/liquidmaster.pl\/en\/fresso-ashton-plus-drying-towel-90x60cm-recznik-do-osuszania-karoserii\/\" rel=\"bookmark\">Read More \u00bb<span class=\"screen-reader-text\">Fresso Ashton Plus Drying Towel 90x60cm \u2013 towel for drying the bodywork<\/span><\/a><\/p>","protected":false},"featured_media":1907835,"comment_status":"open","ping_status":"open","template":"","meta":{"neve_meta_sidebar":"","neve_meta_container":"","neve_meta_enable_content_width":"","neve_meta_content_width":0,"neve_meta_title_alignment":"","neve_meta_author_avatar":"","neve_post_elements_order":"","neve_meta_disable_header":"","neve_meta_disable_footer":"","neve_meta_disable_title":"","_themeisle_gutenberg_block_has_review":false},"product_brand":[],"product_cat":[757,758,734,733,781],"product_tag":[296],"class_list":{"0":"post-1907833","1":"product","2":"type-product","3":"status-publish","4":"has-post-thumbnail","6":"product_cat-akcesoria","7":"product_cat-mikrofibry-i-reczniki","8":"product_cat-mycie-i-osuszanie","9":"product_cat-na-zewnatrz","10":"product_cat-reczniki-do-osuszania","11":"product_tag-fresso","13":"first","14":"instock","15":"taxable","16":"shipping-taxable","17":"purchasable","18":"product-type-simple"},"_links":{"self":[{"href":"https:\/\/liquidmaster.pl\/en\/wp-json\/wp\/v2\/product\/1907833","targetHints":{"allow":["GET"]}}],"collection":[{"href":"https:\/\/liquidmaster.pl\/en\/wp-json\/wp\/v2\/product"}],"about":[{"href":"https:\/\/liquidmaster.pl\/en\/wp-json\/wp\/v2\/types\/product"}],"replies":[{"embeddable":true,"href":"https:\/\/liquidmaster.pl\/en\/wp-json\/wp\/v2\/comments?post=1907833"}],"wp:featuredmedia":[{"embeddable":true,"href":"https:\/\/liquidmaster.pl\/en\/wp-json\/wp\/v2\/media\/1907835"}],"wp:attachment":[{"href":"https:\/\/liquidmaster.pl\/en\/wp-json\/wp\/v2\/media?parent=1907833"}],"wp:term":[{"taxonomy":"product_brand","embeddable":true,"href":"https:\/\/liquidmaster.pl\/en\/wp-json\/wp\/v2\/product_brand?post=1907833"},{"taxonomy":"product_cat","embeddable":true,"href":"https:\/\/liquidmaster.pl\/en\/wp-json\/wp\/v2\/product_cat?post=1907833"},{"taxonomy":"product_tag","embeddable":true,"href":"https:\/\/liquidmaster.pl\/en\/wp-json\/wp\/v2\/product_tag?post=1907833"}],"curies":[{"name":"wp","href":"https:\/\/api.w.org\/{rel}","templated":true}]}}