{"id":1907821,"date":"2025-07-27T15:53:02","date_gmt":"2025-07-27T13:53:02","guid":{"rendered":"https:\/\/liquidmaster.pl\/chemicalworkz-bucket-dolly-rollwagen-wozek-na-wiadro-detailingowe\/"},"modified":"2026-04-18T04:50:34","modified_gmt":"2026-04-18T02:50:34","slug":"chemicalworkz-bucket-dolly-rollwagen-wozek-na-wiadro-detailingowe","status":"publish","type":"product","link":"https:\/\/liquidmaster.pl\/en\/chemicalworkz-bucket-dolly-rollwagen-wozek-na-wiadro-detailingowe\/","title":{"rendered":"Chemicalworkz Bucket Dolly Rollwagen &#8211; w\u00f3zek na wiadro detailingowe"},"content":{"rendered":"<p>ChemicalWorkz Bucket Dolly to niezast\u0105pione akcesorium! U\u0142atwia prac\u0119 w myjni, na podw\u00f3rku lub w strefie przygotowania, eliminuj\u0105c konieczno\u015b\u0107 ci\u0105g\u0142ego noszenia wiadra lub chodzenia wok\u00f3\u0142 pojazdu. Dzi\u0119ki temu gad\u017cetowi praca staje si\u0119 wygodniejsza i bardziej efektywna. Wykonany z wytrzyma\u0142ego materia\u0142u, jest odporny na chemikalia i bardzo trwa\u0142y.<\/p>\n<p>Wyposa\u017cony w trzy dodatkowe \u015bruby blokuj\u0105ce, Bucket Dolly zapewnia stabilno\u015b\u0107 wiadra, zapobiegaj\u0105c jego przewr\u00f3ceniu. Dodatkowo, taczka oferuje przestronny system przechowywania na butelki, szczotki i p\u0119dzle, aby\u015b zawsze mia\u0142 wszystko pod r\u0119k\u0105.<br \/>\nKey features<\/p>\n<ul>\n<li>Chemoodporny i trwa\u0142y \u2013 odporny na dzia\u0142anie \u015brodk\u00f3w chemicznych oraz uszkodzenia mechaniczne.<\/li>\n<li>3 \u015bruby blokuj\u0105ce \u2013 zapewniaj\u0105 stabilno\u015b\u0107 wiadra podczas pracy, eliminuj\u0105c ryzyko przewr\u00f3cenia.<\/li>\n<li>Przechowalnia na akcesoria \u2013 specjalne przegrody na butelki, szczotki i p\u0119dzle, zapewniaj\u0105ce porz\u0105dek.<\/li>\n<li>5 wysokiej jako\u015bci k\u00f3\u0142ek jezdnych \u2013 \u0142atwe manewrowanie i komfortowa praca.<\/li>\n<li>\u015arednica: \u00d845 cm, wysoko\u015b\u0107: 18 cm \u2013 odpowiednia wielko\u015b\u0107 dla standardowych wiader.<\/li>\n<\/ul>\n<p>Usage<\/p>\n<li>Umie\u015b\u0107 swoje wiadro w taczce ChemicalWorkz Bucket Dolly.<\/li>\n<li>Przykr\u0119\u0107 \u015bruby blokuj\u0105ce, aby zapewni\u0107 stabilno\u015b\u0107 wiadra podczas pracy.<\/li>\n<li>U\u017cywaj uchwyt\u00f3w do przechowywania butelek, p\u0119dzli i innych akcesori\u00f3w w \u0142atwo dost\u0119pnym miejscu.<\/li>\n<li>Przesuwaj taczki za pomoc\u0105 k\u00f3\u0142ek, co u\u0142atwi poruszanie si\u0119 wok\u00f3\u0142 pojazdu.<\/li>\n<p>Precautions<\/p>\n<ul>\n<li>Regularnie sprawdzaj stan k\u00f3\u0142ek, aby zapewni\u0107 ich p\u0142ynne dzia\u0142anie.<\/li>\n<li>U\u017cywaj taczki tylko w spos\u00f3b zgodny z jej przeznaczeniem.<\/li>\n<li>Unikaj nadmiernego obci\u0105\u017cania przegr\u00f3d, aby zachowa\u0107 ich funkcjonalno\u015b\u0107.<\/li>\n<\/ul>","protected":false},"excerpt":{"rendered":"<p>ChemicalWorkz Bucket Dolly to niezast\u0105pione akcesorium! U\u0142atwia prac\u0119 w myjni, na podw\u00f3rku lub w strefie przygotowania, eliminuj\u0105c konieczno\u015b\u0107 ci\u0105g\u0142ego noszenia wiadra lub chodzenia wok\u00f3\u0142 pojazdu. Dzi\u0119ki temu gad\u017cetowi praca staje si\u0119 wygodniejsza i bardziej efektywna. Wykonany z wytrzyma\u0142ego materia\u0142u, jest odporny na chemikalia i bardzo trwa\u0142y. Wyposa\u017cony w trzy dodatkowe \u015bruby blokuj\u0105ce, Bucket Dolly zapewnia&hellip;&nbsp;<a href=\"https:\/\/liquidmaster.pl\/en\/chemicalworkz-bucket-dolly-rollwagen-wozek-na-wiadro-detailingowe\/\" rel=\"bookmark\">Read More \u00bb<span class=\"screen-reader-text\">Chemicalworkz Bucket Dolly Rollwagen &#8211; w\u00f3zek na wiadro detailingowe<\/span><\/a><\/p>","protected":false},"featured_media":1907823,"comment_status":"open","ping_status":"open","template":"","meta":{"neve_meta_sidebar":"","neve_meta_container":"","neve_meta_enable_content_width":"","neve_meta_content_width":0,"neve_meta_title_alignment":"","neve_meta_author_avatar":"","neve_post_elements_order":"","neve_meta_disable_header":"","neve_meta_disable_footer":"","neve_meta_disable_title":"","_themeisle_gutenberg_block_has_review":false},"product_brand":[],"product_cat":[757,893,846],"product_tag":[],"class_list":{"0":"post-1907821","1":"product","2":"type-product","3":"status-publish","4":"has-post-thumbnail","6":"product_cat-akcesoria","7":"product_cat-inne","8":"product_cat-reszta","10":"first","11":"outofstock","12":"taxable","13":"shipping-taxable","14":"purchasable","15":"product-type-simple"},"_links":{"self":[{"href":"https:\/\/liquidmaster.pl\/en\/wp-json\/wp\/v2\/product\/1907821","targetHints":{"allow":["GET"]}}],"collection":[{"href":"https:\/\/liquidmaster.pl\/en\/wp-json\/wp\/v2\/product"}],"about":[{"href":"https:\/\/liquidmaster.pl\/en\/wp-json\/wp\/v2\/types\/product"}],"replies":[{"embeddable":true,"href":"https:\/\/liquidmaster.pl\/en\/wp-json\/wp\/v2\/comments?post=1907821"}],"wp:featuredmedia":[{"embeddable":true,"href":"https:\/\/liquidmaster.pl\/en\/wp-json\/wp\/v2\/media\/1907823"}],"wp:attachment":[{"href":"https:\/\/liquidmaster.pl\/en\/wp-json\/wp\/v2\/media?parent=1907821"}],"wp:term":[{"taxonomy":"product_brand","embeddable":true,"href":"https:\/\/liquidmaster.pl\/en\/wp-json\/wp\/v2\/product_brand?post=1907821"},{"taxonomy":"product_cat","embeddable":true,"href":"https:\/\/liquidmaster.pl\/en\/wp-json\/wp\/v2\/product_cat?post=1907821"},{"taxonomy":"product_tag","embeddable":true,"href":"https:\/\/liquidmaster.pl\/en\/wp-json\/wp\/v2\/product_tag?post=1907821"}],"curies":[{"name":"wp","href":"https:\/\/api.w.org\/{rel}","templated":true}]}}