{"id":1907818,"date":"2025-07-27T15:52:06","date_gmt":"2025-07-27T13:52:06","guid":{"rendered":"https:\/\/liquidmaster.pl\/chemotion-wheel-set-04-zestaw-do-czyszczenia-i-zabezpieczenia-kol\/"},"modified":"2026-04-19T03:38:45","modified_gmt":"2026-04-19T01:38:45","slug":"chemotion-wheel-set-04-zestaw-do-czyszczenia-i-zabezpieczenia-kol","status":"publish","type":"product","link":"https:\/\/liquidmaster.pl\/en\/chemotion-wheel-set-04-zestaw-do-czyszczenia-i-zabezpieczenia-kol\/","title":{"rendered":"Chemotion Wheel Set 04 \u2013 wheel cleaning and protection kit"},"content":{"rendered":"<p>Wheel Set to kompletny zestaw do czyszczenia oraz zabezpieczania k\u00f3\u0142. Zawiera specjalnie dobrane akcesoria oraz optymalne wielko\u015bci profesjonalnych preparat\u00f3w.<\/p>\n<p>The set includes:<\/p>\n<ul>\n<li>Tyre and Wheel Cleaner 500 ml<\/li>\n<li>Tyre Dressing Natural 250 ml<\/li>\n<li>Spray Wax 250 ml<\/li>\n<li>Du\u017cy p\u0119dzel do czyszczenia felg<\/li>\n<li>Szczotka do szorowania opon<\/li>\n<li>Aplikator do opon<\/li>\n<li>Microfiber<\/li>\n<\/ul>\n<p>Wheel Set to tak\u017ce fantastyczny pomys\u0142 na prezent dla niego lub dla niej. Bez w\u0105tpienia skuteczny i szalenie przydatny dla ka\u017cdego fana czystego samochodu.<\/p>","protected":false},"excerpt":{"rendered":"<p>Wheel Set to kompletny zestaw do czyszczenia oraz zabezpieczania k\u00f3\u0142. Zawiera specjalnie dobrane akcesoria oraz optymalne wielko\u015bci profesjonalnych preparat\u00f3w. W sk\u0142ad zestawu wchodz\u0105: Tyre and Wheel Cleaner 500 ml Tyre Dressing Natural 250 ml Spray Wax 250 ml Du\u017cy p\u0119dzel do czyszczenia felg Szczotka do szorowania opon Aplikator do opon Mikrofibra Wheel Set to tak\u017ce&hellip;&nbsp;<a href=\"https:\/\/liquidmaster.pl\/en\/chemotion-wheel-set-04-zestaw-do-czyszczenia-i-zabezpieczenia-kol\/\" rel=\"bookmark\">Read More \u00bb<span class=\"screen-reader-text\">Chemotion Wheel Set 04 \u2013 wheel cleaning and protection kit<\/span><\/a><\/p>","protected":false},"featured_media":1907820,"comment_status":"open","ping_status":"open","template":"","meta":{"neve_meta_sidebar":"","neve_meta_container":"","neve_meta_enable_content_width":"","neve_meta_content_width":0,"neve_meta_title_alignment":"","neve_meta_author_avatar":"","neve_post_elements_order":"","neve_meta_disable_header":"","neve_meta_disable_footer":"","neve_meta_disable_title":"","_themeisle_gutenberg_block_has_review":false},"product_brand":[],"product_cat":[746,745,733],"product_tag":[1113],"class_list":{"0":"post-1907818","1":"product","2":"type-product","3":"status-publish","4":"has-post-thumbnail","6":"product_cat-czyszczenie-felg","7":"product_cat-kola-i-opony","8":"product_cat-na-zewnatrz","9":"product_tag-chemotion","11":"first","12":"instock","13":"taxable","14":"shipping-taxable","15":"purchasable","16":"product-type-simple"},"_links":{"self":[{"href":"https:\/\/liquidmaster.pl\/en\/wp-json\/wp\/v2\/product\/1907818","targetHints":{"allow":["GET"]}}],"collection":[{"href":"https:\/\/liquidmaster.pl\/en\/wp-json\/wp\/v2\/product"}],"about":[{"href":"https:\/\/liquidmaster.pl\/en\/wp-json\/wp\/v2\/types\/product"}],"replies":[{"embeddable":true,"href":"https:\/\/liquidmaster.pl\/en\/wp-json\/wp\/v2\/comments?post=1907818"}],"wp:featuredmedia":[{"embeddable":true,"href":"https:\/\/liquidmaster.pl\/en\/wp-json\/wp\/v2\/media\/1907820"}],"wp:attachment":[{"href":"https:\/\/liquidmaster.pl\/en\/wp-json\/wp\/v2\/media?parent=1907818"}],"wp:term":[{"taxonomy":"product_brand","embeddable":true,"href":"https:\/\/liquidmaster.pl\/en\/wp-json\/wp\/v2\/product_brand?post=1907818"},{"taxonomy":"product_cat","embeddable":true,"href":"https:\/\/liquidmaster.pl\/en\/wp-json\/wp\/v2\/product_cat?post=1907818"},{"taxonomy":"product_tag","embeddable":true,"href":"https:\/\/liquidmaster.pl\/en\/wp-json\/wp\/v2\/product_tag?post=1907818"}],"curies":[{"name":"wp","href":"https:\/\/api.w.org\/{rel}","templated":true}]}}