{"id":1907815,"date":"2025-07-27T15:51:03","date_gmt":"2025-07-27T13:51:03","guid":{"rendered":"https:\/\/liquidmaster.pl\/carpro-dquartz-go-30ml-nanodiamentowa-powloka-ochronna\/"},"modified":"2026-04-18T04:50:32","modified_gmt":"2026-04-18T02:50:32","slug":"carpro-dquartz-go-30ml-nanodiamentowa-powloka-ochronna","status":"publish","type":"product","link":"https:\/\/liquidmaster.pl\/en\/carpro-dquartz-go-30ml-nanodiamentowa-powloka-ochronna\/","title":{"rendered":"CarPro DQuartz GO 30ml \u2013 nanodiamond protective coating"},"content":{"rendered":"<p>CarPro DQuartz GO<\/p>\n<p>Breakthrough nanodiamond technology now available to everyone! This unique premium protective coating has been reformulated to be user-friendly for everyday consumers. However, DQuartz GO retained all the features of the coating for professionals - durability and increased scratch resistance. Only the degree of smoothness has been improved.<\/p>\n<p>Why choose DQuartz GO?<\/p>\n<ul>\n<li>The coating has undergone a year of rigorous testing to ensure exceptional performance in protection \u2013 paint, metal and other surfaces. It offers the highest degree of protection and reliably increases surface hardness by up to 5 pencil degrees.<\/li>\n<li>DQuartz GO increases the hardness of the protected surface, thus reducing the occurrence of small scratches and overall wear. Provides long-lasting protection.<\/li>\n<li>The formula based on fluoropolymers not only increases the hardness of the coating, but also provides a satisfactory level of smoothness.<\/li>\n<li>DQuartz GO was created for use by car detailing enthusiasts. Thanks to this, you can apply top-class protection to your car in the comfort of your own garage.<\/li>\n<\/ul>\n<p>The most important features:<\/p>\n<ul>\n<li>Increases surface hardness by up to 5 degrees on a pencil scale,<\/li>\n<li>Extreme abrasion resistance,<\/li>\n<li>Works on metals<\/li>\n<li>Strongly hydrophobic,<\/li>\n<li>Resistance to chemicals and UV radiation.<\/li>\n<\/ul>\n<p>Capacity: 30 ml<\/p>","protected":false},"excerpt":{"rendered":"<p>CarPro DQuartz GO Prze\u0142omowa nanodiamentowana technologia od teraz dost\u0119pna dla wszystkich! Ta wyj\u0105tkowa pow\u0142oka ochronna klasy premium przesz\u0142a proces reformulacji, aby by\u0142a przyjazna w aplikacji dla zwyk\u0142ych konsument\u00f3w. DQuartz GO zachowa\u0142a jednak wszystkie cechy pow\u0142oki dla profesjonalist\u00f3w \u2013 trwa\u0142o\u015b\u0107 i zwi\u0119kszenie odporno\u015bci na zarysowania. Poprawiono jedynie stopie\u0144 g\u0142adko\u015bci. Dlaczego warto wybra\u0107 DQuartz GO? Pow\u0142oka przesz\u0142a&hellip;&nbsp;<a href=\"https:\/\/liquidmaster.pl\/en\/carpro-dquartz-go-30ml-nanodiamentowa-powloka-ochronna\/\" rel=\"bookmark\">Read More \u00bb<span class=\"screen-reader-text\">CarPro DQuartz GO 30ml \u2013 nanodiamond protective coating<\/span><\/a><\/p>","protected":false},"featured_media":1907817,"comment_status":"open","ping_status":"open","template":"","meta":{"neve_meta_sidebar":"","neve_meta_container":"","neve_meta_enable_content_width":"","neve_meta_content_width":0,"neve_meta_title_alignment":"","neve_meta_author_avatar":"","neve_post_elements_order":"","neve_meta_disable_header":"","neve_meta_disable_footer":"","neve_meta_disable_title":"","_themeisle_gutenberg_block_has_review":false},"product_brand":[],"product_cat":[733,766,775],"product_tag":[275],"class_list":{"0":"post-1907815","1":"product","2":"type-product","3":"status-publish","4":"has-post-thumbnail","6":"product_cat-na-zewnatrz","7":"product_cat-ochrona-lakieru","8":"product_cat-powloki-ceramiczne","9":"product_tag-carpro","11":"first","12":"instock","13":"taxable","14":"shipping-taxable","15":"purchasable","16":"product-type-simple"},"_links":{"self":[{"href":"https:\/\/liquidmaster.pl\/en\/wp-json\/wp\/v2\/product\/1907815","targetHints":{"allow":["GET"]}}],"collection":[{"href":"https:\/\/liquidmaster.pl\/en\/wp-json\/wp\/v2\/product"}],"about":[{"href":"https:\/\/liquidmaster.pl\/en\/wp-json\/wp\/v2\/types\/product"}],"replies":[{"embeddable":true,"href":"https:\/\/liquidmaster.pl\/en\/wp-json\/wp\/v2\/comments?post=1907815"}],"wp:featuredmedia":[{"embeddable":true,"href":"https:\/\/liquidmaster.pl\/en\/wp-json\/wp\/v2\/media\/1907817"}],"wp:attachment":[{"href":"https:\/\/liquidmaster.pl\/en\/wp-json\/wp\/v2\/media?parent=1907815"}],"wp:term":[{"taxonomy":"product_brand","embeddable":true,"href":"https:\/\/liquidmaster.pl\/en\/wp-json\/wp\/v2\/product_brand?post=1907815"},{"taxonomy":"product_cat","embeddable":true,"href":"https:\/\/liquidmaster.pl\/en\/wp-json\/wp\/v2\/product_cat?post=1907815"},{"taxonomy":"product_tag","embeddable":true,"href":"https:\/\/liquidmaster.pl\/en\/wp-json\/wp\/v2\/product_tag?post=1907815"}],"curies":[{"name":"wp","href":"https:\/\/api.w.org\/{rel}","templated":true}]}}