{"id":1907806,"date":"2025-07-27T15:48:06","date_gmt":"2025-07-27T13:48:06","guid":{"rendered":"https:\/\/liquidmaster.pl\/allegrini-y-100-5l-szampon-z-woskiem-do-lodzi\/"},"modified":"2026-04-18T04:50:26","modified_gmt":"2026-04-18T02:50:26","slug":"allegrini-y-100-5l-szampon-z-woskiem-do-lodzi","status":"publish","type":"product","link":"https:\/\/liquidmaster.pl\/en\/allegrini-y-100-5l-szampon-z-woskiem-do-lodzi\/","title":{"rendered":"Allegrini Y-100 5L &#8211; szampon z woskiem do \u0142odzi"},"content":{"rendered":"<p>SZAMPON Z WOSKIEM DO \u0141ODZI<\/p>\n<p>W jedym kroku jednocze\u015bnie czy\u015bci, nab\u0142yszcza i chroni. Tworzy cienk\u0105 pow\u0142ok\u0119 na powierzchni kad\u0142uba, zapewniaj\u0105c\u0105 d\u0142ugotrwa\u0142\u0105 i wysok\u0105 ochron\u0119.<\/p>\n<p>HOW TO USE:<\/p>\n<li>Wla\u0107 oko\u0142o 50 ml produktu do 5 litr\u00f3w wody.<\/li>\n<li>Umy\u0107 \u0142\u00f3d\u017a g\u0105bk\u0105 lub szczotk\u0105, sp\u0142uka\u0107 i osuszy\u0107.<\/li>\n<p>OSTRZE\u017bENIE: Nie stosowa\u0107 produktu na s\u0142o\u0144cu. Chroni\u0107 przed zamarzaniem.<\/p>\n<p>Capacity 5 L<\/p>","protected":false},"excerpt":{"rendered":"<p>SZAMPON Z WOSKIEM DO \u0141ODZI W jedym kroku jednocze\u015bnie czy\u015bci, nab\u0142yszcza i chroni. Tworzy cienk\u0105 pow\u0142ok\u0119 na powierzchni kad\u0142uba, zapewniaj\u0105c\u0105 d\u0142ugotrwa\u0142\u0105 i wysok\u0105 ochron\u0119. SPOS\u00d3B U\u017bYCIA: Wla\u0107 oko\u0142o 50 ml produktu do 5 litr\u00f3w wody. Umy\u0107 \u0142\u00f3d\u017a g\u0105bk\u0105 lub szczotk\u0105, sp\u0142uka\u0107 i osuszy\u0107. OSTRZE\u017bENIE: Nie stosowa\u0107 produktu na s\u0142o\u0144cu. Chroni\u0107 przed zamarzaniem. Pojemno\u015b\u0107 5 L<\/p>","protected":false},"featured_media":1907808,"comment_status":"open","ping_status":"open","template":"","meta":{"neve_meta_sidebar":"","neve_meta_container":"","neve_meta_enable_content_width":"","neve_meta_content_width":0,"neve_meta_title_alignment":"","neve_meta_author_avatar":"","neve_post_elements_order":"","neve_meta_disable_header":"","neve_meta_disable_footer":"","neve_meta_disable_title":"","_themeisle_gutenberg_block_has_review":false},"product_brand":[],"product_cat":[734,733,740],"product_tag":[],"class_list":{"0":"post-1907806","1":"product","2":"type-product","3":"status-publish","4":"has-post-thumbnail","6":"product_cat-mycie-i-osuszanie","7":"product_cat-na-zewnatrz","8":"product_cat-szampony-mycie-i-osuszanie","10":"first","11":"outofstock","12":"taxable","13":"shipping-taxable","14":"purchasable","15":"product-type-simple"},"_links":{"self":[{"href":"https:\/\/liquidmaster.pl\/en\/wp-json\/wp\/v2\/product\/1907806","targetHints":{"allow":["GET"]}}],"collection":[{"href":"https:\/\/liquidmaster.pl\/en\/wp-json\/wp\/v2\/product"}],"about":[{"href":"https:\/\/liquidmaster.pl\/en\/wp-json\/wp\/v2\/types\/product"}],"replies":[{"embeddable":true,"href":"https:\/\/liquidmaster.pl\/en\/wp-json\/wp\/v2\/comments?post=1907806"}],"wp:featuredmedia":[{"embeddable":true,"href":"https:\/\/liquidmaster.pl\/en\/wp-json\/wp\/v2\/media\/1907808"}],"wp:attachment":[{"href":"https:\/\/liquidmaster.pl\/en\/wp-json\/wp\/v2\/media?parent=1907806"}],"wp:term":[{"taxonomy":"product_brand","embeddable":true,"href":"https:\/\/liquidmaster.pl\/en\/wp-json\/wp\/v2\/product_brand?post=1907806"},{"taxonomy":"product_cat","embeddable":true,"href":"https:\/\/liquidmaster.pl\/en\/wp-json\/wp\/v2\/product_cat?post=1907806"},{"taxonomy":"product_tag","embeddable":true,"href":"https:\/\/liquidmaster.pl\/en\/wp-json\/wp\/v2\/product_tag?post=1907806"}],"curies":[{"name":"wp","href":"https:\/\/api.w.org\/{rel}","templated":true}]}}