{"id":1907797,"date":"2025-07-27T15:45:02","date_gmt":"2025-07-27T13:45:02","guid":{"rendered":"https:\/\/liquidmaster.pl\/swag-basic-interior-dressing-matte-500ml-hybrydowy-dressing-do-wnetrza\/"},"modified":"2026-04-18T04:50:24","modified_gmt":"2026-04-18T02:50:24","slug":"swag-basic-interior-dressing-matte-500ml-hybrydowy-dressing-do-wnetrza","status":"publish","type":"product","link":"https:\/\/liquidmaster.pl\/en\/swag-basic-interior-dressing-matte-500ml-hybrydowy-dressing-do-wnetrza\/","title":{"rendered":"Swag BASIC INTERIOR DRESSING MATTE 500ml &#8211; hybrydowy dressing do wn\u0119trza"},"content":{"rendered":"<p>Swag BASIC INTERIOR DRESSING DETAILER MATTE to hybrydowy dressing przeznaczony do bie\u017c\u0105cej piel\u0119gnacji wewn\u0119trznych element\u00f3w pojazdu, wykonanych z tworzyw sztucznych i gumy. Zosta\u0142 stworzony dla hobbyst\u00f3w, kt\u00f3rzy poszukuj\u0105 skutecznego \u015brodka typu 2w1, umo\u017cliwiaj\u0105cego szybk\u0105 piel\u0119gnacj\u0119 powierzchni kokpitu, boczk\u00f3w drzwi, s\u0142upk\u00f3w, listew wyka\u0144czaj\u0105cych i uszczelek gumowych.<\/p>\n<p>Formu\u0142a preparatu Swag BASIC INTERIOR DRESSING DETAILER MATTE konserwuje elementy plastikowe, pog\u0142\u0119biaj\u0105c ich kolor oraz tworz\u0105c warstw\u0119 ochronn\u0105 na powierzchniach gumowych, winylowych i plastikowych. Chroni przed skutkami intensywnej eksploatacji oraz promieniowaniem UV. Jednocze\u015bnie u\u0142atwia piel\u0119gnacj\u0119 wn\u0119trza pojazdu \u2013 ogranicza przywieranie zabrudze\u0144 do konserwowanych powierzchni.<\/p>\n<p>Swag BASIC INTERIOR DRESSING DETAILER MATTE zapewnia wyj\u0105tkowy efekt wizualny, wyr\u00f3wnuj\u0105c i pog\u0142\u0119biaj\u0105c koloryt element\u00f3w wn\u0119trza. Pozostawia g\u0142\u0119boko od\u017cywion\u0105 powierzchni\u0119 o matowym wyko\u0144czeniu.<\/p>\n<p>Swag BASIC INTERIOR DRESSING DETAILER MATTE posiada owocow\u0105 nut\u0119 zapachow\u0105, kt\u00f3ra uprzyjemnia aplikacj\u0119 i subtelnie aromatyzuje wn\u0119trze pojazdu. Forma produktu w postaci wygodnego sprayu optymalizuje czas piel\u0119gnacji u\u0142atwiaj\u0105c szybk\u0105 i dok\u0142adn\u0105 aplikacj\u0119 na ka\u017cdym elemencie wn\u0119trza.<\/p>\n<p>PROPERTIES<\/p>\n<ul>\n<li>Czy\u015bci i konserwuje 2in1<\/li>\n<li>Elementy plastikowe i gumowe<\/li>\n<li>Protects against degradation and UV<\/li>\n<li>Przyciemnia powierzchnie\u00a0<\/li>\n<li>Ogranicza brudzenie\u00a0<\/li>\n<li>Pog\u0142\u0119bia koloryt<\/li>\n<li>Matowe wyko\u0144czenie<\/li>\n<li>Bez t\u0142ustego nalotu<\/li>\n<li>Easy application<\/li>\n<li>Top performance<\/li>\n<li>Owocowych zapach<\/li>\n<li>For Hobbyists<\/li>\n<\/ul>\n<p>HOW TO USE<\/p>\n<li>SBIDDM aplikuj w zacienionym miejscu na ch\u0142odnej i czystej powierzchni.<\/li>\n<li>Przed u\u017cyciem wstrz\u0105\u015bnij butelk\u0105<\/li>\n<li>Na\u0142\u00f3\u017c niewielk\u0105 ilo\u015b\u0107 SBIDDM na aplikator g\u0105bkowy.<\/li>\n<li>Spread an even layer over the entire element.<\/li>\n<li>Je\u017celi powierzchnia jest zniszczona i po aplikacji wydaje si\u0119 sucha, na\u0142\u00f3\u017c produkt raz jeszcze.<\/li>\n<li>Po aplikacji odczekaj do 3 min.<\/li>\n<li>Ewentualny nadmiar mo\u017cesz zebra\u0107 mikrofibr\u0105.<\/li>\n<p>ADDITIONAL RECOMMENDATIONS<\/p>\n<ul>\n<li>Do not freeze.<\/li>\n<li>Shake before use.<\/li>\n<li>Protect from sunlight.<\/li>\n<li>Store in a cool and dry place.<\/li>\n<\/ul>\n<p>Capacity 500 ml<\/p>","protected":false},"excerpt":{"rendered":"<p>Swag BASIC INTERIOR DRESSING DETAILER MATTE to hybrydowy dressing przeznaczony do bie\u017c\u0105cej piel\u0119gnacji wewn\u0119trznych element\u00f3w pojazdu, wykonanych z tworzyw sztucznych i gumy. Zosta\u0142 stworzony dla hobbyst\u00f3w, kt\u00f3rzy poszukuj\u0105 skutecznego \u015brodka typu 2w1, umo\u017cliwiaj\u0105cego szybk\u0105 piel\u0119gnacj\u0119 powierzchni kokpitu, boczk\u00f3w drzwi, s\u0142upk\u00f3w, listew wyka\u0144czaj\u0105cych i uszczelek gumowych. Formu\u0142a preparatu Swag BASIC INTERIOR DRESSING DETAILER MATTE konserwuje elementy&hellip;&nbsp;<a href=\"https:\/\/liquidmaster.pl\/en\/swag-basic-interior-dressing-matte-500ml-hybrydowy-dressing-do-wnetrza\/\" rel=\"bookmark\">Read More \u00bb<span class=\"screen-reader-text\">Swag BASIC INTERIOR DRESSING MATTE 500ml &#8211; hybrydowy dressing do wn\u0119trza<\/span><\/a><\/p>","protected":false},"featured_media":1907799,"comment_status":"open","ping_status":"open","template":"","meta":{"neve_meta_sidebar":"","neve_meta_container":"","neve_meta_enable_content_width":"","neve_meta_content_width":0,"neve_meta_title_alignment":"","neve_meta_author_avatar":"","neve_post_elements_order":"","neve_meta_disable_header":"","neve_meta_disable_footer":"","neve_meta_disable_title":"","_themeisle_gutenberg_block_has_review":false},"product_brand":[],"product_cat":[796,795,768],"product_tag":[],"class_list":{"0":"post-1907797","1":"product","2":"type-product","3":"status-publish","4":"has-post-thumbnail","6":"product_cat-ochrona-plastikow-wewnetrznych","7":"product_cat-plastiki-wewnetrzne","8":"product_cat-wnetrze-auta","9":"pa_promocja-promocje","11":"first","12":"instock","13":"taxable","14":"shipping-taxable","15":"purchasable","16":"product-type-simple"},"_links":{"self":[{"href":"https:\/\/liquidmaster.pl\/en\/wp-json\/wp\/v2\/product\/1907797","targetHints":{"allow":["GET"]}}],"collection":[{"href":"https:\/\/liquidmaster.pl\/en\/wp-json\/wp\/v2\/product"}],"about":[{"href":"https:\/\/liquidmaster.pl\/en\/wp-json\/wp\/v2\/types\/product"}],"replies":[{"embeddable":true,"href":"https:\/\/liquidmaster.pl\/en\/wp-json\/wp\/v2\/comments?post=1907797"}],"wp:featuredmedia":[{"embeddable":true,"href":"https:\/\/liquidmaster.pl\/en\/wp-json\/wp\/v2\/media\/1907799"}],"wp:attachment":[{"href":"https:\/\/liquidmaster.pl\/en\/wp-json\/wp\/v2\/media?parent=1907797"}],"wp:term":[{"taxonomy":"product_brand","embeddable":true,"href":"https:\/\/liquidmaster.pl\/en\/wp-json\/wp\/v2\/product_brand?post=1907797"},{"taxonomy":"product_cat","embeddable":true,"href":"https:\/\/liquidmaster.pl\/en\/wp-json\/wp\/v2\/product_cat?post=1907797"},{"taxonomy":"product_tag","embeddable":true,"href":"https:\/\/liquidmaster.pl\/en\/wp-json\/wp\/v2\/product_tag?post=1907797"}],"curies":[{"name":"wp","href":"https:\/\/api.w.org\/{rel}","templated":true}]}}