{"id":1907794,"date":"2025-07-27T15:44:06","date_gmt":"2025-07-27T13:44:06","guid":{"rendered":"https:\/\/liquidmaster.pl\/italko-klocek-szlifierski-szaro-czarny-140mm\/"},"modified":"2026-04-18T04:50:23","modified_gmt":"2026-04-18T02:50:23","slug":"italko-klocek-szlifierski-szaro-czarny-140mm","status":"publish","type":"product","link":"https:\/\/liquidmaster.pl\/en\/italko-klocek-szlifierski-szaro-czarny-140mm\/","title":{"rendered":"ITALKO Klocek szlifierski szaro-czarny 140mm"},"content":{"rendered":"<p>Klocek szlifierski zbudowany jest z wysokiej jako\u015bci komponent\u00f3w, przez co osi\u0105gni\u0119to du\u017c\u0105 sztywno\u015b\u0107 wewn\u0119trzna klocka przy jednoczesnym zachowaniu jego bardzo niskiej wagi. Przez co jest on bardzo wygodny w u\u017cyciu i nie wymaga wk\u0142adania du\u017cej si\u0142y.\u00a0 Klocek pozwala na bardzo precyzyjn\u0105 i szybk\u0105 prac\u0119.<\/p>\n<p>Dodatkowa obr\u00f3bka powierzchni klocka gwarantuje r\u00f3wno\u015b\u0107 p\u0142aszczyzn, co przek\u0142ada si\u0119 na jako\u015b\u0107 obrabianego elementu jak r\u00f3wnie\u017c wygod\u0119 w dotyku.<\/p>","protected":false},"excerpt":{"rendered":"<p>Klocek szlifierski zbudowany jest z wysokiej jako\u015bci komponent\u00f3w, przez co osi\u0105gni\u0119to du\u017c\u0105 sztywno\u015b\u0107 wewn\u0119trzna klocka przy jednoczesnym zachowaniu jego bardzo niskiej wagi. Przez co jest on bardzo wygodny w u\u017cyciu i nie wymaga wk\u0142adania du\u017cej si\u0142y.\u00a0 Klocek pozwala na bardzo precyzyjn\u0105 i szybk\u0105 prac\u0119. Dodatkowa obr\u00f3bka powierzchni klocka gwarantuje r\u00f3wno\u015b\u0107 p\u0142aszczyzn, co przek\u0142ada si\u0119 na&hellip;&nbsp;<a href=\"https:\/\/liquidmaster.pl\/en\/italko-klocek-szlifierski-szaro-czarny-140mm\/\" rel=\"bookmark\">Read More \u00bb<span class=\"screen-reader-text\">ITALKO Klocek szlifierski szaro-czarny 140mm<\/span><\/a><\/p>","protected":false},"featured_media":1907796,"comment_status":"open","ping_status":"open","template":"","meta":{"neve_meta_sidebar":"","neve_meta_container":"","neve_meta_enable_content_width":"","neve_meta_content_width":0,"neve_meta_title_alignment":"","neve_meta_author_avatar":"","neve_post_elements_order":"","neve_meta_disable_header":"","neve_meta_disable_footer":"","neve_meta_disable_title":"","_themeisle_gutenberg_block_has_review":false},"product_brand":[],"product_cat":[757,748,874],"product_tag":[],"class_list":{"0":"post-1907794","1":"product","2":"type-product","3":"status-publish","4":"has-post-thumbnail","6":"product_cat-akcesoria","7":"product_cat-polerowanie","8":"product_cat-wet-sanding","10":"first","11":"instock","12":"taxable","13":"shipping-taxable","14":"purchasable","15":"product-type-simple"},"_links":{"self":[{"href":"https:\/\/liquidmaster.pl\/en\/wp-json\/wp\/v2\/product\/1907794","targetHints":{"allow":["GET"]}}],"collection":[{"href":"https:\/\/liquidmaster.pl\/en\/wp-json\/wp\/v2\/product"}],"about":[{"href":"https:\/\/liquidmaster.pl\/en\/wp-json\/wp\/v2\/types\/product"}],"replies":[{"embeddable":true,"href":"https:\/\/liquidmaster.pl\/en\/wp-json\/wp\/v2\/comments?post=1907794"}],"wp:featuredmedia":[{"embeddable":true,"href":"https:\/\/liquidmaster.pl\/en\/wp-json\/wp\/v2\/media\/1907796"}],"wp:attachment":[{"href":"https:\/\/liquidmaster.pl\/en\/wp-json\/wp\/v2\/media?parent=1907794"}],"wp:term":[{"taxonomy":"product_brand","embeddable":true,"href":"https:\/\/liquidmaster.pl\/en\/wp-json\/wp\/v2\/product_brand?post=1907794"},{"taxonomy":"product_cat","embeddable":true,"href":"https:\/\/liquidmaster.pl\/en\/wp-json\/wp\/v2\/product_cat?post=1907794"},{"taxonomy":"product_tag","embeddable":true,"href":"https:\/\/liquidmaster.pl\/en\/wp-json\/wp\/v2\/product_tag?post=1907794"}],"curies":[{"name":"wp","href":"https:\/\/api.w.org\/{rel}","templated":true}]}}