{"id":1907788,"date":"2025-07-27T15:41:06","date_gmt":"2025-07-27T13:41:06","guid":{"rendered":"https:\/\/liquidmaster.pl\/italko-klocek-szlifierski-niebieski-z-gabka-140mm\/"},"modified":"2026-04-20T08:31:34","modified_gmt":"2026-04-20T06:31:34","slug":"italko-klocek-szlifierski-niebieski-z-gabka-140mm","status":"publish","type":"product","link":"https:\/\/liquidmaster.pl\/en\/italko-klocek-szlifierski-niebieski-z-gabka-140mm\/","title":{"rendered":"ITALKO Klocek szlifierski niebieski z g\u0105bk\u0105 140mm"},"content":{"rendered":"<p>Klocek szlifierski piankowy znajduje szerokie zastosowanie w bran\u017cy samochodowej.<\/p>\n<p>W po\u0142\u0105czeniu z papierem \u015bciernym doskonale sprawdza si\u0119 w szlifowaniu powierzchni karoserii samochod\u00f3w na sucho i na mokro. Dodatkowa warstwa g\u0105bki idealnie nadaje si\u0119 do szlifowania i polerowania powierzchni oraz do zastosowania na profilowanych elementach i detalach.<\/p>\n<p>Zbudowany jest z wysokiej jako\u015bci komponent\u00f3w, przez co osi\u0105gni\u0119to du\u017c\u0105 sztywno\u015b\u0107 wewn\u0119trzna klocka przy jednoczesnym zachowaniu jego bardzo niskiej wagi. Jest on bardzo wygodny w u\u017cyciu i nie wymaga wk\u0142adania du\u017cej si\u0142y. Klocek pozwala na bardzo precyzyjn\u0105 i szybk\u0105 prac\u0119.<\/p>\n<p>Dodatkowa obr\u00f3bka powierzchni klocka gwarantuje r\u00f3wno\u015b\u0107 p\u0142aszczyzn, co przek\u0142ada si\u0119 na jako\u015b\u0107 obrabianego elementu jak r\u00f3wnie\u017c wygod\u0119 w dotyku.<\/p>\n<p>Wymiary: 140mm x 75mm x 25mm<\/p>","protected":false},"excerpt":{"rendered":"<p>Klocek szlifierski piankowy znajduje szerokie zastosowanie w bran\u017cy samochodowej. W po\u0142\u0105czeniu z papierem \u015bciernym doskonale sprawdza si\u0119 w szlifowaniu powierzchni karoserii samochod\u00f3w na sucho i na mokro. Dodatkowa warstwa g\u0105bki idealnie nadaje si\u0119 do szlifowania i polerowania powierzchni oraz do zastosowania na profilowanych elementach i detalach. Zbudowany jest z wysokiej jako\u015bci komponent\u00f3w, przez co osi\u0105gni\u0119to&hellip;&nbsp;<a href=\"https:\/\/liquidmaster.pl\/en\/italko-klocek-szlifierski-niebieski-z-gabka-140mm\/\" rel=\"bookmark\">Read More \u00bb<span class=\"screen-reader-text\">ITALKO Klocek szlifierski niebieski z g\u0105bk\u0105 140mm<\/span><\/a><\/p>","protected":false},"featured_media":1907790,"comment_status":"open","ping_status":"open","template":"","meta":{"neve_meta_sidebar":"","neve_meta_container":"","neve_meta_enable_content_width":"","neve_meta_content_width":0,"neve_meta_title_alignment":"","neve_meta_author_avatar":"","neve_post_elements_order":"","neve_meta_disable_header":"","neve_meta_disable_footer":"","neve_meta_disable_title":"","_themeisle_gutenberg_block_has_review":false},"product_brand":[],"product_cat":[757,748,874],"product_tag":[],"class_list":{"0":"post-1907788","1":"product","2":"type-product","3":"status-publish","4":"has-post-thumbnail","6":"product_cat-akcesoria","7":"product_cat-polerowanie","8":"product_cat-wet-sanding","10":"first","11":"instock","12":"taxable","13":"shipping-taxable","14":"purchasable","15":"product-type-simple"},"_links":{"self":[{"href":"https:\/\/liquidmaster.pl\/en\/wp-json\/wp\/v2\/product\/1907788","targetHints":{"allow":["GET"]}}],"collection":[{"href":"https:\/\/liquidmaster.pl\/en\/wp-json\/wp\/v2\/product"}],"about":[{"href":"https:\/\/liquidmaster.pl\/en\/wp-json\/wp\/v2\/types\/product"}],"replies":[{"embeddable":true,"href":"https:\/\/liquidmaster.pl\/en\/wp-json\/wp\/v2\/comments?post=1907788"}],"wp:featuredmedia":[{"embeddable":true,"href":"https:\/\/liquidmaster.pl\/en\/wp-json\/wp\/v2\/media\/1907790"}],"wp:attachment":[{"href":"https:\/\/liquidmaster.pl\/en\/wp-json\/wp\/v2\/media?parent=1907788"}],"wp:term":[{"taxonomy":"product_brand","embeddable":true,"href":"https:\/\/liquidmaster.pl\/en\/wp-json\/wp\/v2\/product_brand?post=1907788"},{"taxonomy":"product_cat","embeddable":true,"href":"https:\/\/liquidmaster.pl\/en\/wp-json\/wp\/v2\/product_cat?post=1907788"},{"taxonomy":"product_tag","embeddable":true,"href":"https:\/\/liquidmaster.pl\/en\/wp-json\/wp\/v2\/product_tag?post=1907788"}],"curies":[{"name":"wp","href":"https:\/\/api.w.org\/{rel}","templated":true}]}}