{"id":1907769,"date":"2025-07-27T15:35:03","date_gmt":"2025-07-27T13:35:03","guid":{"rendered":"https:\/\/liquidmaster.pl\/swag-tfr-traffic-film-remover-concentr-gel-5l-produkt-do-usuwania-filmu-drogowego-w-zelu\/"},"modified":"2026-04-18T04:50:19","modified_gmt":"2026-04-18T02:50:19","slug":"swag-tfr-traffic-film-remover-concentr-gel-5l-produkt-do-usuwania-filmu-drogowego-w-zelu","status":"publish","type":"product","link":"https:\/\/liquidmaster.pl\/en\/swag-tfr-traffic-film-remover-concentr-gel-5l-produkt-do-usuwania-filmu-drogowego-w-zelu\/","title":{"rendered":"Swag TFR TRAFFIC FILM REMOVER CONCENTR GEL 5L \u2013 a gel product for removing traffic film"},"content":{"rendered":"<p>Swag TRAFFIC FILM REMOVER CONCENTR. GEL+ to profesjonalny, wysoko skoncentrowany \u015brodek do mycia wst\u0119pnego auta.<\/p>\n<p>\u015arodek nale\u017cy do grupy aktywnych pian o zasadowym pH, jego zadaniem jest PRE-WASH czyli usuwanie trudnych zabrudze\u0144 z powierzchni karoserii przed myciem r\u0119cznym, b\u0105d\u017a zastosowanie jako formy mycia bezdotykowego. Dzi\u0119ki unikalnej \u017celowej formule, bogatej w aktywne sk\u0142adniki, d\u0142u\u017cej utrzymuje si\u0119 na powierzchni, zwi\u0119kszaj\u0105c skuteczno\u015b\u0107 czyszczenia.<\/p>\n<p>Swag TRAFFIC FILM REMOVER CONCENTR. GEL+ czy\u015bci Elementy lakierowane | Karoserie | Felgi | Nadkola | Wn\u0119ki drzwi.<\/p>\n<p>Swag TRAFFIC FILM REMOVER CONCENTR. GEL+ jest stworzony dla Studi\u00f3w Detailingowych i Entuzjast\u00f3w motoryzacji, kt\u00f3rzy poszukuj\u0105 innowacyjnego \u015brodka skutecznie myj\u0105cego karoseri\u0119 auta.<\/p>\n<p>Swag TRAFFIC FILM REMOVER CONCENTR. GEL+ szybko usuwa uci\u0105\u017cliwe osady w postaci filmu drogowego, t\u0142ustych plam olejowych, intensywnych bie\u017c\u0105cych zabrudze\u0144, resztek owad\u00f3w oraz zimowej soli.<\/p>\n<p>Swag TRAFFIC FILM REMOVER CONCENTR. GEL+ dzi\u0119ki pot\u0119\u017cnemu skoncentrowaniu ma d\u0142u\u017cszy czas dzia\u0142ania i lepsze rezultaty. Dodatkowo posiada przyjemny, owocowy zapach, kt\u00f3ry uprzyjemnia prac\u0119.<\/p>\n<p>PROPERTIES<\/p>\n<ul>\n<li>Highly concentrated\u00a0\u00a0<\/li>\n<li>Individual selection of strength<\/li>\n<li>Idelany PRE-WASH<\/li>\n<li>Usuwa osady drogowe\u00a0<\/li>\n<li>Bird droppings\u00a0<\/li>\n<li>Resztki owad\u00f3w\u00a0<\/li>\n<li>T\u0142uste plamy\u00a0<\/li>\n<li>S\u00f3l drogow\u0105\u00a0<\/li>\n<li>Alkaline pH<\/li>\n<li>\u017belowa Formu\u0142a\u00a0<\/li>\n<li>Fruity scent\u00a0<\/li>\n<li>Top performance\u00a0<\/li>\n<li>Reduces the risk of scratches<\/li>\n<li>For AD Studios and Enthusiasts<\/li>\n<\/ul>\n<p>PROPORTIONS<\/p>\n<ul>\n<li>Czyszczenie mocno zabrudzonych powierzchni \u2013 od 1:10 do 1:20 (od 100ml do 50ml na 1l wody)<\/li>\n<li>Bie\u017c\u0105ca piel\u0119gnacja \u2013 do 1:20 (poni\u017cej 50ml na 1L)\u00a0<\/li>\n<\/ul>\n<p>HOW TO USE<\/p>\n<li>STFRCG+ u\u017cywaj w zacienionym miejscu na ch\u0142odnej i suchej karoserii.<\/li>\n<li>W czasie mycia nie doprowadzaj do wyschni\u0119cia \u015brodka.<\/li>\n<li>U\u017cywaj na powierzchniach lakierowanych.\u00a0<\/li>\n<li>Wybierz charakter STFRCG+ wedle oczekiwanej si\u0142y.<\/li>\n<li>Proponowane proporcje umieszczoczne s\u0105 w opisie.\u00a0<\/li>\n<li>U\u017cyj ciep\u0142ej wody do przygotowania STFRCG+.<\/li>\n<p>MYCIE WST\u0118PNE BEZDOTYKOWE<\/p>\n<li>Nanie\u015b STFRCG+ na wszystkie elementy pojazdu.<\/li>\n<li>Odczekaj do 5 minut, w tym czasie brud zostanie wst\u0119pnie odseparowany.<\/li>\n<li>Rinse the surface with a pressure washer.\u00a0<\/li>\n<li>Zacznij od dolnych partii przechodz\u0105c w g\u00f3rne partie auta.<\/li>\n<li>Utrzymuj dysz\u0119 mo\u017cliwie blisko karoserii, aby strumie\u0144 wody m\u00f3g\u0142 zebra\u0107 osad.\u00a0<\/li>\n<li>Lanc\u0119 myjki ci\u015bnieniowej prowad\u017a pod k\u0105tem oko\u0142o 30\u00b0.\u00a0<\/li>\n<li>Sp\u0142ukuj elementy poziomo, r\u00f3wnymi liniami.\u00a0 \u00a0<\/li>\n<p>MYCIE R\u0118CZNE\u00a0<\/p>\n<li>Przejd\u017a do mycia r\u0119cznego auta za pomoc\u0105 SWAG NEUTRAL SHAMPOO.<\/li>\n<li>Nast\u0119pnie na mokry lakier zaaplikuj SWAG HYDRO COAT w celu nadania hydrofobowo\u015bci i u\u0142atwieniu suszenia.<\/li>\n<li>Rinse the entire vehicle thoroughly.<\/li>\n<li>Dry the bodywork with a towel or blower.<\/li>\n<p>ADDITIONAL RECOMMENDATIONS<\/p>\n<ul>\n<li>Do not freeze.<\/li>\n<li>Shake before use.<\/li>\n<li>Protect from sunlight.<\/li>\n<li>Store in a cool and dry place.<\/li>\n<\/ul>\n<p>Capacity 5 L<\/p>\n<p>\u00a0<\/p>","protected":false},"excerpt":{"rendered":"<p>Swag TRAFFIC FILM REMOVER CONCENTR. GEL+ to profesjonalny, wysoko skoncentrowany \u015brodek do mycia wst\u0119pnego auta. \u015arodek nale\u017cy do grupy aktywnych pian o zasadowym pH, jego zadaniem jest PRE-WASH czyli usuwanie trudnych zabrudze\u0144 z powierzchni karoserii przed myciem r\u0119cznym, b\u0105d\u017a zastosowanie jako formy mycia bezdotykowego. Dzi\u0119ki unikalnej \u017celowej formule, bogatej w aktywne sk\u0142adniki, d\u0142u\u017cej utrzymuje si\u0119&hellip;&nbsp;<a href=\"https:\/\/liquidmaster.pl\/en\/swag-tfr-traffic-film-remover-concentr-gel-5l-produkt-do-usuwania-filmu-drogowego-w-zelu\/\" rel=\"bookmark\">Read More \u00bb<span class=\"screen-reader-text\">Swag TFR TRAFFIC FILM REMOVER CONCENTR GEL 5L \u2013 a gel product for removing traffic film<\/span><\/a><\/p>","protected":false},"featured_media":1907771,"comment_status":"open","ping_status":"open","template":"","meta":{"neve_meta_sidebar":"","neve_meta_container":"","neve_meta_enable_content_width":"","neve_meta_content_width":0,"neve_meta_title_alignment":"","neve_meta_author_avatar":"","neve_post_elements_order":"","neve_meta_disable_header":"","neve_meta_disable_footer":"","neve_meta_disable_title":"","_themeisle_gutenberg_block_has_review":false},"product_brand":[],"product_cat":[734,733],"product_tag":[],"class_list":{"0":"post-1907769","1":"product","2":"type-product","3":"status-publish","4":"has-post-thumbnail","6":"product_cat-mycie-i-osuszanie","7":"product_cat-na-zewnatrz","9":"first","10":"instock","11":"taxable","12":"shipping-taxable","13":"purchasable","14":"product-type-simple"},"_links":{"self":[{"href":"https:\/\/liquidmaster.pl\/en\/wp-json\/wp\/v2\/product\/1907769","targetHints":{"allow":["GET"]}}],"collection":[{"href":"https:\/\/liquidmaster.pl\/en\/wp-json\/wp\/v2\/product"}],"about":[{"href":"https:\/\/liquidmaster.pl\/en\/wp-json\/wp\/v2\/types\/product"}],"replies":[{"embeddable":true,"href":"https:\/\/liquidmaster.pl\/en\/wp-json\/wp\/v2\/comments?post=1907769"}],"wp:featuredmedia":[{"embeddable":true,"href":"https:\/\/liquidmaster.pl\/en\/wp-json\/wp\/v2\/media\/1907771"}],"wp:attachment":[{"href":"https:\/\/liquidmaster.pl\/en\/wp-json\/wp\/v2\/media?parent=1907769"}],"wp:term":[{"taxonomy":"product_brand","embeddable":true,"href":"https:\/\/liquidmaster.pl\/en\/wp-json\/wp\/v2\/product_brand?post=1907769"},{"taxonomy":"product_cat","embeddable":true,"href":"https:\/\/liquidmaster.pl\/en\/wp-json\/wp\/v2\/product_cat?post=1907769"},{"taxonomy":"product_tag","embeddable":true,"href":"https:\/\/liquidmaster.pl\/en\/wp-json\/wp\/v2\/product_tag?post=1907769"}],"curies":[{"name":"wp","href":"https:\/\/api.w.org\/{rel}","templated":true}]}}