{"id":1907754,"date":"2025-07-27T15:30:07","date_gmt":"2025-07-27T13:30:07","guid":{"rendered":"https:\/\/liquidmaster.pl\/swag-tar-glue-remover-gel-v2-500ml-srodek-do-usuwania-kleju-i-asfaltu-z-lakieru\/"},"modified":"2026-04-19T03:38:30","modified_gmt":"2026-04-19T01:38:30","slug":"swag-tar-glue-remover-gel-v2-500ml-srodek-do-usuwania-kleju-i-asfaltu-z-lakieru","status":"publish","type":"product","link":"https:\/\/liquidmaster.pl\/en\/swag-tar-glue-remover-gel-v2-500ml-srodek-do-usuwania-kleju-i-asfaltu-z-lakieru\/","title":{"rendered":"Swag TAR GLUE REMOVER GEL V2 500ml \u2013 a product for removing glue and asphalt from paint"},"content":{"rendered":"<p>Swag TAR GLUE REMOVER GEL+ V.2 jest to silny odsmalacz do usuwania z karoserii pojazdu zabrudze\u0144 z asfaltu, smaru i kleju. Zosta\u0142 stworzony dla wszystkich Studi\u00f3w Detailingowych i Entuzjast\u00f3w autokosmetyki, kt\u00f3rzy poszukuj\u0105 skutecznego \u015brodka do usuni\u0119cia uporczywych osad\u00f3w z karoserii pojazdu b\u0105d\u017a chc\u0105 przeprowadzi\u0107 kompleksow\u0105 dekontaminacj\u0119 lakieru.<\/p>\n<p>Swag TAR GLUE REMOVER GEL+ V.2 dzi\u0119ki swojej \u017celowej formule przywiera do elementu &#8211; optymalizuj\u0105c proces usuwania uci\u0105\u017cliwych zabrudze\u0144 z zewn\u0119trznych element\u00f3w karoserii, felg i oszklenia pojazdu. Po aplikacji przywiera do powierzchni roboczej aktywnie odseparowuj\u0105c zabrudzenia asfaltowe, a tak\u017ce pozosta\u0142o\u015bci po smarach, pastach monta\u017cowych, naklejkach.\u00a0<\/p>\n<p>Swag TAR GLUE REMOVER GEL+ V.2 jest to niezb\u0119dny produkt do przeprowadzenia kompleksowo dekontaminacji pojazdu, kt\u00f3ra przygotowuje pojazd do korekty lakieru wraz z aplikacj\u0105 pow\u0142ok ochronnych. Swag TAR GLUE REMOVER GEL+ posiada wszystkie atrybuty profesjonalnego Tar glue removera tj.: wysoka wydajno\u015b\u0107, optymalna si\u0142a, wszechstronne dzia\u0142anie i bezpiecze\u0144stwo w stosunku do czyszczonej powierzchni.<\/p>\n<p>PROPERTIES<\/p>\n<ul>\n<li>Formu\u0142a u\u0142atwiaj\u0105ca przywieranie &#8211; \u017celowa formu\u0142a<\/li>\n<li>Removes asphalt, grease, and glue<\/li>\n<li>Fast acting<\/li>\n<li>Krok nr.1 w dekontaminacji lakieru<\/li>\n<li>Easy application<\/li>\n<li>High performance<\/li>\n<li>Multifunkcyjny<\/li>\n<li>Przyjemny zapach bananowej gumy do \u017cucia<\/li>\n<li>Bezpiecze\u0144stwo czyszczonej powierzchni\u00a0<\/li>\n<li>For AD Studios and Enthusiasts<\/li>\n<\/ul>\n<p>HOW TO USE<\/p>\n<li>Apply in a shaded place on a cool and clean surface.<\/li>\n<li>Nanie\u015b produkt na such\u0105 powierzchni\u0119, za pomoc\u0105 aplikatora b\u0105d\u017a opryskiwacza.<\/li>\n<li>Odczekaj do 10 min (nie doprowadzaj do wyschni\u0119cia produktu).<\/li>\n<li>Rinse the surface with water.<\/li>\n<li>Umyj pojazd za pomoc\u0105 np. SWAG APC \/ SWAG NEUTRAL SHAMPOO.<\/li>\n<p>For stubborn stains, try one of these techniques:<\/p>\n<li>Saturate the microfiber with the agent and wipe the element spot-by-spot.<\/li>\n<li>Spray the element and use a plastic blade to separate the dirt.<\/li>\n<li>After washing the surface, remove deposits with CLAY BAR.<\/li>\n<p>ADDITIONAL RECOMMENDATIONS<\/p>\n<ul>\n<li>Do not freeze.<\/li>\n<li>Shake before use.<\/li>\n<li>Protect from sunlight.<\/li>\n<li>Store in a cool and dry place.<\/li>\n<\/ul>\n<p>Capacity 500 ml<\/p>","protected":false},"excerpt":{"rendered":"<p>Swag TAR GLUE REMOVER GEL+ V.2 jest to silny odsmalacz do usuwania z karoserii pojazdu zabrudze\u0144 z asfaltu, smaru i kleju. Zosta\u0142 stworzony dla wszystkich Studi\u00f3w Detailingowych i Entuzjast\u00f3w autokosmetyki, kt\u00f3rzy poszukuj\u0105 skutecznego \u015brodka do usuni\u0119cia uporczywych osad\u00f3w z karoserii pojazdu b\u0105d\u017a chc\u0105 przeprowadzi\u0107 kompleksow\u0105 dekontaminacj\u0119 lakieru. Swag TAR GLUE REMOVER GEL+ V.2 dzi\u0119ki swojej&hellip;&nbsp;<a href=\"https:\/\/liquidmaster.pl\/en\/swag-tar-glue-remover-gel-v2-500ml-srodek-do-usuwania-kleju-i-asfaltu-z-lakieru\/\" rel=\"bookmark\">Read More \u00bb<span class=\"screen-reader-text\">Swag TAR GLUE REMOVER GEL V2 500ml \u2013 a product for removing glue and asphalt from paint<\/span><\/a><\/p>","protected":false},"featured_media":1907756,"comment_status":"open","ping_status":"open","template":"","meta":{"neve_meta_sidebar":"","neve_meta_container":"","neve_meta_enable_content_width":"","neve_meta_content_width":0,"neve_meta_title_alignment":"","neve_meta_author_avatar":"","neve_post_elements_order":"","neve_meta_disable_header":"","neve_meta_disable_footer":"","neve_meta_disable_title":"","_themeisle_gutenberg_block_has_review":false},"product_brand":[],"product_cat":[743,733,793],"product_tag":[],"class_list":{"0":"post-1907754","1":"product","2":"type-product","3":"status-publish","4":"has-post-thumbnail","6":"product_cat-dekontaminacja","7":"product_cat-na-zewnatrz","8":"product_cat-usuwanie-smoly-i-kleju","10":"first","11":"instock","12":"taxable","13":"shipping-taxable","14":"purchasable","15":"product-type-simple"},"_links":{"self":[{"href":"https:\/\/liquidmaster.pl\/en\/wp-json\/wp\/v2\/product\/1907754","targetHints":{"allow":["GET"]}}],"collection":[{"href":"https:\/\/liquidmaster.pl\/en\/wp-json\/wp\/v2\/product"}],"about":[{"href":"https:\/\/liquidmaster.pl\/en\/wp-json\/wp\/v2\/types\/product"}],"replies":[{"embeddable":true,"href":"https:\/\/liquidmaster.pl\/en\/wp-json\/wp\/v2\/comments?post=1907754"}],"wp:featuredmedia":[{"embeddable":true,"href":"https:\/\/liquidmaster.pl\/en\/wp-json\/wp\/v2\/media\/1907756"}],"wp:attachment":[{"href":"https:\/\/liquidmaster.pl\/en\/wp-json\/wp\/v2\/media?parent=1907754"}],"wp:term":[{"taxonomy":"product_brand","embeddable":true,"href":"https:\/\/liquidmaster.pl\/en\/wp-json\/wp\/v2\/product_brand?post=1907754"},{"taxonomy":"product_cat","embeddable":true,"href":"https:\/\/liquidmaster.pl\/en\/wp-json\/wp\/v2\/product_cat?post=1907754"},{"taxonomy":"product_tag","embeddable":true,"href":"https:\/\/liquidmaster.pl\/en\/wp-json\/wp\/v2\/product_tag?post=1907754"}],"curies":[{"name":"wp","href":"https:\/\/api.w.org\/{rel}","templated":true}]}}