{"id":1907742,"date":"2025-07-27T15:26:06","date_gmt":"2025-07-27T13:26:06","guid":{"rendered":"https:\/\/liquidmaster.pl\/swag-perfect-finish-v2-500ml-pasta-polerska-wykonczeniowa\/"},"modified":"2026-04-20T08:31:25","modified_gmt":"2026-04-20T06:31:25","slug":"swag-perfect-finish-v2-500ml-pasta-polerska-wykonczeniowa","status":"publish","type":"product","link":"https:\/\/liquidmaster.pl\/en\/swag-perfect-finish-v2-500ml-pasta-polerska-wykonczeniowa\/","title":{"rendered":"Swag PERFECT FINISH V2 500ml \u2013 finishing polishing paste"},"content":{"rendered":"<p>Swag PERFECT FINISH V.2 jest to ultra delikatna pasta polerska typu Finish. Zosta\u0142a stworzona dla wszystkich Studi\u00f3w Detailingowych i Entuzjast\u00f3w autokosmetyki, kt\u00f3rzy potrzebuj\u0105 zaawansowanego i bezkompromisowego produktu do usuni\u0119cie hologram\u00f3w po agresywnej korekcie lakieru, a tak\u017ce zniwelowania wi\u0119kszo\u015b\u0107 drobnych degradacji takich jak kolistych zarysowa\u0144 typu &#8221;swirle&#8221;, kt\u00f3re powstaj\u0105 w trakcie u\u017cytkowania pojazdu.<\/p>\n<p>Formu\u0142a pasty polerskiej \u0142\u0105czy w sobie dwie technologie PROGRESS ABRASIVE | LOW TEMP, b\u0119d\u0105cych po\u0142\u0105czeniem cz\u0105steczek o szerokim zakresie \u015bcierno\u015bci i struktury pasty o wysokiej lubryfikacji. Synergia sk\u0142adnik\u00f3w zapewnia wyj\u0105tkowe w\u0142a\u015bciwo\u015bci produktu, du\u017c\u0105 si\u0142\u0119 \u015bciern\u0105 i optymaln\u0105 jako\u015b\u0107 wyko\u0144czenia z jednoczesnym odprowadzeniem temperatury, kt\u00f3re minimalizuje ryzyko przegrzania lakieru i u\u0142atwia prowadzenie maszyny polerskiej.<\/p>\n<p>Technologia pasty wspiera prac\u0119 z wszystkimi rodzajami lakier\u00f3w niezale\u017cnie od marki pojazdu, zaczynaj\u0105c od twardych przez problematyczne mi\u0119kkie lakiery tzw. &#8221;sticky paint&#8221;.\u00a0<\/p>\n<p>Swag PERFECT FINISH V.2 umo\u017cliwia osi\u0105gniecie niezr\u00f3wnanego po\u0142ysku lakierom metalizowanym i per\u0142owym, a tak\u017ce zapewnia wyj\u0105tkow\u0105 g\u0142\u0119bi\u0119 koloru ukazuj\u0105c pe\u0142ne spektrum mieni\u0105cych si\u0119 barw i refleks\u00f3w, odbitych przez cz\u0105steczki miki, kt\u00f3re podkre\u015blaj\u0105 sylwetk\u0119 pojazdu.\u00a0<\/p>\n<p>Swag PERFECT FINISH V.2 posiada w\u0142a\u015bciwo\u015bci wyka\u0144czaj\u0105ce, kt\u00f3re wspieraj\u0105 Detailingowe procesy:<\/p>\n<ul>\n<li>Ultra delikatna korekta lakieru typu One Step.<\/li>\n<li>Przygotowanie powierzchni karoserii przed aplikacj\u0105 pow\u0142ok ochronnych.<\/li>\n<li>Usuwanie osad\u00f3w z lakieru w celu uzyskania ostatecznej g\u0142adko\u015bci.<\/li>\n<li>Niwelowanie degradacji lakieru po myjniach tunelowych \/ szczotkowych.<\/li>\n<li>Od\u015bwie\u017cenie lakieru aut nowych.\u00a0<\/li>\n<\/ul>\n<p>Linia past polerskich SWAG POLISHING posiada atrybuty w postaci indywidualnych zapach\u00f3w i kolor\u00f3w, kt\u00f3re uprzyjemniaj\u0105 prac\u0119 w trakcie polerowania i pozwalaj\u0105 \u0142atwo rozr\u00f3\u017cni\u0107 gradacje past.<\/p>\n<p>PROPERTIES\u00a0<\/p>\n<ul>\n<li>Ultra delikatna gradacja\u00a0<\/li>\n<li>PROGRESS ABRASIVE\u00a0<\/li>\n<li>LOW TEMP<\/li>\n<li>Removes holograms\u00a0<\/li>\n<li>Cleaner przed woskowaniem<\/li>\n<li>Preparuje lakier\u00a0<\/li>\n<li>Usuwa drobne rysy typu swirle i zmatowienia<\/li>\n<li>Optimal finish quality<\/li>\n<li>Redukuje temperatur\u0119<\/li>\n<li>Struktura pasty u\u0142atwia prowadzenie maszyny<\/li>\n<li>Kompatybilna z polerkami RO i DA<\/li>\n<li>Powerful performance<\/li>\n<li>Fruity scent<\/li>\n<li>Unikatowy kolor<\/li>\n<li>For AD Studios and Enthusiasts\u00a0<\/li>\n<\/ul>\n<p>HOW TO USE\u00a0<\/p>\n<li>U\u017cywaj w zacienionym miejscu na ch\u0142odnej i czystej powierzchni.<\/li>\n<li>Shake before use.<\/li>\n<li>Na\u0142\u00f3\u017c kilka kropel SPPF na pad polerski np. Finish*.<\/li>\n<li>*Wybierz twardo\u015b\u0107 i rodzaj pada wzgl\u0119dem rodzaju korekty.<\/li>\n<li>Pracuj na obszarze roboczym oko\u0142o 40 x 40 cm.<\/li>\n<li>Rozprowad\u017a, r\u00f3wn\u0105 warstw\u0119 na ca\u0142ym fragmencie.<\/li>\n<li>U\u017cywaj maszyny polerskiej.<\/li>\n<p>Optymalne obroty maszyny polerskiej<\/p>\n<ul>\n<li>RO do 1500 obrot\u00f3w.<\/li>\n<li>DA wedle preferencji.<\/li>\n<li>Poleruj z umiarkowanym dociskiem do czasu wyrobienia pasty.<\/li>\n<li>Je\u015bli lakier ma wysok\u0105 temperatur\u0119 poczekaj a\u017c ostygnie.<\/li>\n<li>Odt\u0142u\u015b\u0107 powierzchnie \u015brodkiem SWAG FINAL INSPECT.\u00a0<\/li>\n<li>\u00a0Je\u015bli po inspekcji degradacje wci\u0105\u017c wyst\u0119puj\u0105, powt\u00f3rz proces.<\/li>\n<\/ul>\n<p>ADDITIONAL RECOMMENDATIONS\u00a0<\/p>\n<ul>\n<li>Do not freeze.<\/li>\n<li>Shake before use.<\/li>\n<li>Protect from sunlight.<\/li>\n<li>Store in a cool and dry place.<\/li>\n<\/ul>\n<p>Capacity 500 ml<\/p>\n<p>\u00a0<\/p>","protected":false},"excerpt":{"rendered":"<p>Swag PERFECT FINISH V.2 jest to ultra delikatna pasta polerska typu Finish. Zosta\u0142a stworzona dla wszystkich Studi\u00f3w Detailingowych i Entuzjast\u00f3w autokosmetyki, kt\u00f3rzy potrzebuj\u0105 zaawansowanego i bezkompromisowego produktu do usuni\u0119cie hologram\u00f3w po agresywnej korekcie lakieru, a tak\u017ce zniwelowania wi\u0119kszo\u015b\u0107 drobnych degradacji takich jak kolistych zarysowa\u0144 typu &#8221;swirle&#8221;, kt\u00f3re powstaj\u0105 w trakcie u\u017cytkowania pojazdu. Formu\u0142a pasty polerskiej&hellip;&nbsp;<a href=\"https:\/\/liquidmaster.pl\/en\/swag-perfect-finish-v2-500ml-pasta-polerska-wykonczeniowa\/\" rel=\"bookmark\">Read More \u00bb<span class=\"screen-reader-text\">Swag PERFECT FINISH V2 500ml \u2013 finishing polishing paste<\/span><\/a><\/p>","protected":false},"featured_media":1907744,"comment_status":"open","ping_status":"open","template":"","meta":{"neve_meta_sidebar":"","neve_meta_container":"","neve_meta_enable_content_width":"","neve_meta_content_width":0,"neve_meta_title_alignment":"","neve_meta_author_avatar":"","neve_post_elements_order":"","neve_meta_disable_header":"","neve_meta_disable_footer":"","neve_meta_disable_title":"","_themeisle_gutenberg_block_has_review":false},"product_brand":[],"product_cat":[792,789,748],"product_tag":[],"class_list":{"0":"post-1907742","1":"product","2":"type-product","3":"status-publish","4":"has-post-thumbnail","6":"product_cat-pasty-finishowe","7":"product_cat-pasty-polerskie","8":"product_cat-polerowanie","10":"first","11":"instock","12":"taxable","13":"shipping-taxable","14":"purchasable","15":"product-type-simple"},"_links":{"self":[{"href":"https:\/\/liquidmaster.pl\/en\/wp-json\/wp\/v2\/product\/1907742","targetHints":{"allow":["GET"]}}],"collection":[{"href":"https:\/\/liquidmaster.pl\/en\/wp-json\/wp\/v2\/product"}],"about":[{"href":"https:\/\/liquidmaster.pl\/en\/wp-json\/wp\/v2\/types\/product"}],"replies":[{"embeddable":true,"href":"https:\/\/liquidmaster.pl\/en\/wp-json\/wp\/v2\/comments?post=1907742"}],"wp:featuredmedia":[{"embeddable":true,"href":"https:\/\/liquidmaster.pl\/en\/wp-json\/wp\/v2\/media\/1907744"}],"wp:attachment":[{"href":"https:\/\/liquidmaster.pl\/en\/wp-json\/wp\/v2\/media?parent=1907742"}],"wp:term":[{"taxonomy":"product_brand","embeddable":true,"href":"https:\/\/liquidmaster.pl\/en\/wp-json\/wp\/v2\/product_brand?post=1907742"},{"taxonomy":"product_cat","embeddable":true,"href":"https:\/\/liquidmaster.pl\/en\/wp-json\/wp\/v2\/product_cat?post=1907742"},{"taxonomy":"product_tag","embeddable":true,"href":"https:\/\/liquidmaster.pl\/en\/wp-json\/wp\/v2\/product_tag?post=1907742"}],"curies":[{"name":"wp","href":"https:\/\/api.w.org\/{rel}","templated":true}]}}