{"id":1907724,"date":"2025-07-27T15:19:04","date_gmt":"2025-07-27T13:19:04","guid":{"rendered":"https:\/\/liquidmaster.pl\/swag-neutral-wheel-cleaner-gel-500ml-neutralny-srodek-do-mycia-felg-w-zelu\/"},"modified":"2026-04-19T03:38:25","modified_gmt":"2026-04-19T01:38:25","slug":"swag-neutral-wheel-cleaner-gel-500ml-neutralny-srodek-do-mycia-felg-w-zelu","status":"publish","type":"product","link":"https:\/\/liquidmaster.pl\/en\/swag-neutral-wheel-cleaner-gel-500ml-neutralny-srodek-do-mycia-felg-w-zelu\/","title":{"rendered":"Swag NEUTRAL WHEEL CLEANER GEL 500ml \u2013 neutral gel wheel cleaner"},"content":{"rendered":"<p>Swag NEUTRAL WHEEL CLEANER GEL+ jest to profesjonalny Cleaner o neutralnym pH i optymalnej sile czyszcz\u0105cej. Zosta\u0142 stworzony dla Studi\u00f3w Detailingowych i Entuzjast\u00f3w autokosmetyki, kt\u00f3rzy poszukuj\u0105 skutecznego i bezpiecznego \u015brodka do usuwania zabrudze\u0144 z felg pojazd\u00f3w, kt\u00f3re s\u0105 nowe b\u0105d\u017a zabezpieczone pow\u0142okami ochronnymi.<\/p>\n<p>Swag NEUTRAL WHEEL CLEANER GEL+ opiera si\u0119 na innowacyjnej \u017celowej formule, stworzonej z my\u015bl\u0105 o maksymalnej skuteczno\u015bci czyszczenia felg. Dzi\u0119ki starannie wyselekcjonowanym sk\u0142adnikom aktywnym, \u015brodek g\u0142\u0119boko penetruje zabrudzenia, jednocze\u015bnie pozostaj\u0105c bezpiecznym dla czyszczonych powierzchni.<\/p>\n<p>Neutralne pH Swag NEUTRAL WHEEL CLEANER GEL+ sprawia, \u017ce \u015brodek nie degraduje pow\u0142ok ochronnych ani delikatnych powierzchni. Mo\u017ce by\u0107 stosowany na wszystkich rodzajach felg &#8211; ze stali i aluminium o wyko\u0144czeniu lakierowanym, a tak\u017ce felg polerowanych, je\u015bli s\u0105 pokryte lakierem bezbarwnym. W przypadku felg nielakierowanych zawsze sprawd\u017a dzia\u0142anie w niewidocznym miejscu.<\/p>\n<p>\u017belowa konsystencja Swag NEUTRAL WHEEL CLEANER GEL+ doskonale przylega do powierzchni, co wyd\u0142u\u017ca czas dzia\u0142ania \u015brodka i pozwala na dok\u0142adniejsze usuni\u0119cie nawet najbardziej uporczywych osad\u00f3w drogowych i nalot\u00f3w.<\/p>\n<p>Swag NEUTRAL WHEEL CLEANER GEL+ to \u015brodek \u0142\u0105cz\u0105cy bezpiecze\u0144stwo, skuteczno\u015b\u0107 i komfort pracy przy piel\u0119gnacji felg. Swag NEUTRAL WHEEL CLEANER GEL+ posiada wszystkie atrybuty profesjonalnego Cleanera Neutral pH do felg pojazd\u00f3w tj.: optymalna si\u0142\u0119 czyszcz\u0105c\u0105, \u017celow\u0105 konsystencj\u0119, wszechstronne dzia\u0142anie, bezpiecze\u0144stwo w stosunku do czyszczonych powierzchni i owocowy zapach umilaj\u0105cy prac\u0119.<\/p>\n<p>PROPERTIES<\/p>\n<ul>\n<li>Gel formula<\/li>\n<li>Felgi nowe<\/li>\n<li>Felgi z ceramik\u0105<\/li>\n<li>Efekt zielony kolor Fluo<\/li>\n<li>Neutral pH<\/li>\n<li>Optymalna si\u0142a czyszczenia<\/li>\n<li>Removes brake dust<\/li>\n<li>Versatile use<\/li>\n<li>Supports ongoing care<\/li>\n<li>Speed of action<\/li>\n<li>AD Studios and Enthusiasts<\/li>\n<\/ul>\n<p>HOW TO USE<\/p>\n<li>Shake the bottle before use.<\/li>\n<li>SNWCG+ u\u017cywaj w zacienionym miejscu na ch\u0142odnej powierzchni.<\/li>\n<li>Do not allow the product to dry out.<\/li>\n<li>Nanie\u015b SNWCG+ za pomoc\u0105 oprysku b\u0105d\u017a p\u0119dzla na powierzchni\u0119 felgi.<\/li>\n<li>U\u017cywaj \u015brodka do czyszczenia felg lakierowanych.<\/li>\n<li>W przypadku felg nielakierowanych sprawd\u017a w niewidocznym miejscu.<\/li>\n<li>Wait up to 5 minutes for the dirt to separate.<\/li>\n<li>Pre-rinse the rims to remove any loose dirt.<\/li>\n<li>This way you will minimize the risk of scratching the paint while brushing.<\/li>\n<li>Powt\u00f3rz proces aplikacji SNWCG+.<\/li>\n<li>Brush the rims for a final clean.<\/li>\n<li>Rinse the rim surface thoroughly.<\/li>\n<p>ADDITIONAL RECOMMENDATIONS<\/p>\n<ul>\n<li>Do not freeze.<\/li>\n<li>Shake before use.<\/li>\n<li>Protect from sunlight.<\/li>\n<li>Store in a cool and dry place.<\/li>\n<\/ul>\n<p>Capacity 500 ml<\/p>","protected":false},"excerpt":{"rendered":"<p>Swag NEUTRAL WHEEL CLEANER GEL+ jest to profesjonalny Cleaner o neutralnym pH i optymalnej sile czyszcz\u0105cej. Zosta\u0142 stworzony dla Studi\u00f3w Detailingowych i Entuzjast\u00f3w autokosmetyki, kt\u00f3rzy poszukuj\u0105 skutecznego i bezpiecznego \u015brodka do usuwania zabrudze\u0144 z felg pojazd\u00f3w, kt\u00f3re s\u0105 nowe b\u0105d\u017a zabezpieczone pow\u0142okami ochronnymi. Swag NEUTRAL WHEEL CLEANER GEL+ opiera si\u0119 na innowacyjnej \u017celowej formule, stworzonej&hellip;&nbsp;<a href=\"https:\/\/liquidmaster.pl\/en\/swag-neutral-wheel-cleaner-gel-500ml-neutralny-srodek-do-mycia-felg-w-zelu\/\" rel=\"bookmark\">Read More \u00bb<span class=\"screen-reader-text\">Swag NEUTRAL WHEEL CLEANER GEL 500ml \u2013 neutral gel wheel cleaner<\/span><\/a><\/p>","protected":false},"featured_media":1907726,"comment_status":"open","ping_status":"open","template":"","meta":{"neve_meta_sidebar":"","neve_meta_container":"","neve_meta_enable_content_width":"","neve_meta_content_width":0,"neve_meta_title_alignment":"","neve_meta_author_avatar":"","neve_post_elements_order":"","neve_meta_disable_header":"","neve_meta_disable_footer":"","neve_meta_disable_title":"","_themeisle_gutenberg_block_has_review":false},"product_brand":[],"product_cat":[746,745,733],"product_tag":[],"class_list":{"0":"post-1907724","1":"product","2":"type-product","3":"status-publish","4":"has-post-thumbnail","6":"product_cat-czyszczenie-felg","7":"product_cat-kola-i-opony","8":"product_cat-na-zewnatrz","10":"first","11":"instock","12":"taxable","13":"shipping-taxable","14":"purchasable","15":"product-type-simple"},"_links":{"self":[{"href":"https:\/\/liquidmaster.pl\/en\/wp-json\/wp\/v2\/product\/1907724","targetHints":{"allow":["GET"]}}],"collection":[{"href":"https:\/\/liquidmaster.pl\/en\/wp-json\/wp\/v2\/product"}],"about":[{"href":"https:\/\/liquidmaster.pl\/en\/wp-json\/wp\/v2\/types\/product"}],"replies":[{"embeddable":true,"href":"https:\/\/liquidmaster.pl\/en\/wp-json\/wp\/v2\/comments?post=1907724"}],"wp:featuredmedia":[{"embeddable":true,"href":"https:\/\/liquidmaster.pl\/en\/wp-json\/wp\/v2\/media\/1907726"}],"wp:attachment":[{"href":"https:\/\/liquidmaster.pl\/en\/wp-json\/wp\/v2\/media?parent=1907724"}],"wp:term":[{"taxonomy":"product_brand","embeddable":true,"href":"https:\/\/liquidmaster.pl\/en\/wp-json\/wp\/v2\/product_brand?post=1907724"},{"taxonomy":"product_cat","embeddable":true,"href":"https:\/\/liquidmaster.pl\/en\/wp-json\/wp\/v2\/product_cat?post=1907724"},{"taxonomy":"product_tag","embeddable":true,"href":"https:\/\/liquidmaster.pl\/en\/wp-json\/wp\/v2\/product_tag?post=1907724"}],"curies":[{"name":"wp","href":"https:\/\/api.w.org\/{rel}","templated":true}]}}