{"id":1907718,"date":"2025-07-27T15:17:04","date_gmt":"2025-07-27T13:17:04","guid":{"rendered":"https:\/\/liquidmaster.pl\/swag-neutral-shampoo-concentr-v3-1-5l-szampon-samochodowy-o-neutralnym-ph\/"},"modified":"2026-04-18T04:50:11","modified_gmt":"2026-04-18T02:50:11","slug":"swag-neutral-shampoo-concentr-v3-1-5l-szampon-samochodowy-o-neutralnym-ph","status":"publish","type":"product","link":"https:\/\/liquidmaster.pl\/en\/swag-neutral-shampoo-concentr-v31-5l-szampon-samochodowy-o-neutralnym-ph\/","title":{"rendered":"Swag NEUTRAL SHAMPOO CONCENTR V3.1 5L \u2013 pH neutral car shampoo"},"content":{"rendered":"<p>Swag NEUTRAL SHAMPOO CONCENTRATE V.3 is a professional pH-neutral car shampoo formulated with selected, surface-safe active ingredients. This product was created for AD Studios and car care enthusiasts who need to optimize their vehicle&#039;s hand washing routine.<\/p>\n<p>Swag NEUTRAL SHAMPOO CONCENTR. V.3 has a concentrated formula based on selected, gentle active ingredients. The shampoo&#039;s exceptionally thick consistency creates a rich, stable foam that promotes perfect surface wetting. This foam helps remove residue left after pre-washing.<\/p>\n<p>Swag NEUTRAL SHAMPOO CONCENTR. V.3 increases the slipperiness parameter when washing the vehicle, allowing hand washing accessories to easily collect dirt while reducing the risk of scratching the paintwork.<\/p>\n<p>Swag NEUTRAL SHAMPOO CONCENTRATE is designed for cleaning all vehicle surfaces, including painted, plastic, and glass.<\/p>\n<p>Swag NEUTRAL SHAMPOO CONCENTR. V.3 has all the attributes of a professional shampoo for hand washing: high concentration, enhanced slip, thick foam, a pleasant fruity scent that makes work more pleasant, optimal performance, safety with respect to applied waxes | sealants | ceramic coatings, as well as neutrality towards sensitive body parts made of chrome and aluminum, among others.<\/p>\n<p>PROPERTIES<\/p>\n<ul>\n<li>Concentrated formula<\/li>\n<li>Neutral pH<\/li>\n<li>Safe for waxes and coatings<\/li>\n<li>Provides slippage during washing<\/li>\n<li>Reduces the risk of scratches<\/li>\n<li>Does not leave streaks<\/li>\n<li>Stable foam<\/li>\n<li>Fruity scent<\/li>\n<li>High performance<\/li>\n<li>For AD Studios and Enthusiasts<\/li>\n<\/ul>\n<p>DILUTION\u00a0<\/p>\n<ul>\n<li>Proper washing 1:200-400 | 50ml-25ml per 10L of water\u00a0<\/li>\n<\/ul>\n<p>HOW TO USE<\/p>\n<li>Use SNSC V.3 in a shaded place on a cool and clean surface.<\/li>\n<li>Shake the bottle before use.<\/li>\n<li>Add 50ml of shampoo to 10L of warm water.<\/li>\n<li>Stir until foamy.<\/li>\n<li>Hand wash your vehicle using the two-bucket method.<\/li>\n<li>Rinse the vehicle surface.<\/li>\n<li>To help dry and preserve your vehicle, use SWAG HYDRO COAT.<\/li>\n<p>ADDITIONAL RECOMMENDATIONS<\/p>\n<ul>\n<li>Do not freeze.<\/li>\n<li>Shake before use.<\/li>\n<li>Protect from sunlight.<\/li>\n<li>Store in a cool and dry place.<\/li>\n<\/ul>\n<p>Capacity 5 L<\/p>","protected":false},"excerpt":{"rendered":"<p>Swag NEUTRAL SHAMPOO CONCENTR. V.3 jest to profesjonalny szampon samochodowy o neutralnym pH, oparty o wyselekcjonowane, bezpieczne dla powierzchni sk\u0142adniki aktywne. \u015arodek zosta\u0142 stworzony dla Studi\u00f3w AD i Entuzjast\u00f3w autokosmetyki, kt\u00f3rzy potrzebuj\u0105 zoptymalizowa\u0107 mycie r\u0119czne pojazdu. Swag NEUTRAL SHAMPOO CONCENTR. V.3 posiada skoncentrowan\u0105 formu\u0142\u0119 opart\u0105 o wyselekcjonowane, delikatne sk\u0142adniki aktywne. Szampon cechuje si\u0119 wyj\u0105tkowo g\u0119st\u0105&hellip;&nbsp;<a href=\"https:\/\/liquidmaster.pl\/en\/swag-neutral-shampoo-concentr-v31-5l-szampon-samochodowy-o-neutralnym-ph\/\" rel=\"bookmark\">Read More \u00bb<span class=\"screen-reader-text\">Swag NEUTRAL SHAMPOO CONCENTR V3.1 5L \u2013 pH neutral car shampoo<\/span><\/a><\/p>","protected":false},"featured_media":1907720,"comment_status":"open","ping_status":"open","template":"","meta":{"neve_meta_sidebar":"","neve_meta_container":"","neve_meta_enable_content_width":"","neve_meta_content_width":0,"neve_meta_title_alignment":"","neve_meta_author_avatar":"","neve_post_elements_order":"","neve_meta_disable_header":"","neve_meta_disable_footer":"","neve_meta_disable_title":"","_themeisle_gutenberg_block_has_review":false},"product_brand":[],"product_cat":[734,733,740],"product_tag":[],"class_list":{"0":"post-1907718","1":"product","2":"type-product","3":"status-publish","4":"has-post-thumbnail","6":"product_cat-mycie-i-osuszanie","7":"product_cat-na-zewnatrz","8":"product_cat-szampony-mycie-i-osuszanie","10":"first","11":"instock","12":"taxable","13":"shipping-taxable","14":"purchasable","15":"product-type-simple"},"_links":{"self":[{"href":"https:\/\/liquidmaster.pl\/en\/wp-json\/wp\/v2\/product\/1907718","targetHints":{"allow":["GET"]}}],"collection":[{"href":"https:\/\/liquidmaster.pl\/en\/wp-json\/wp\/v2\/product"}],"about":[{"href":"https:\/\/liquidmaster.pl\/en\/wp-json\/wp\/v2\/types\/product"}],"replies":[{"embeddable":true,"href":"https:\/\/liquidmaster.pl\/en\/wp-json\/wp\/v2\/comments?post=1907718"}],"wp:featuredmedia":[{"embeddable":true,"href":"https:\/\/liquidmaster.pl\/en\/wp-json\/wp\/v2\/media\/1907720"}],"wp:attachment":[{"href":"https:\/\/liquidmaster.pl\/en\/wp-json\/wp\/v2\/media?parent=1907718"}],"wp:term":[{"taxonomy":"product_brand","embeddable":true,"href":"https:\/\/liquidmaster.pl\/en\/wp-json\/wp\/v2\/product_brand?post=1907718"},{"taxonomy":"product_cat","embeddable":true,"href":"https:\/\/liquidmaster.pl\/en\/wp-json\/wp\/v2\/product_cat?post=1907718"},{"taxonomy":"product_tag","embeddable":true,"href":"https:\/\/liquidmaster.pl\/en\/wp-json\/wp\/v2\/product_tag?post=1907718"}],"curies":[{"name":"wp","href":"https:\/\/api.w.org\/{rel}","templated":true}]}}