{"id":1907709,"date":"2025-07-27T15:14:05","date_gmt":"2025-07-27T13:14:05","guid":{"rendered":"https:\/\/liquidmaster.pl\/swag-neutral-foam-color-v3-5l-kolorowa-piana-aktywna-o-neutralnym-ph\/"},"modified":"2026-04-18T04:50:09","modified_gmt":"2026-04-18T02:50:09","slug":"swag-neutral-foam-color-v3-5l-kolorowa-piana-aktywna-o-neutralnym-ph","status":"publish","type":"product","link":"https:\/\/liquidmaster.pl\/en\/swag-neutral-foam-color-v3-5l-kolorowa-piana-aktywna-o-neutralnym-ph\/","title":{"rendered":"Swag NEUTRAL FOAM COLOR V3 5L \u2013 colorful active foam with a neutral pH"},"content":{"rendered":"<p>Swag NEUTRAL FOAM COLOR V.2 is a professional, pH-neutral, intensely colored active foam. Created for detailing studios and car care enthusiasts looking for an effective and safe product for pre-washing vehicles.<\/p>\n<p>Swag NEUTRAL FOAM COLOR V.2 has a concentrated formula based on selected, gentle active ingredients. Applying the product with a PA foamer creates a &quot;color snow foam&quot; effect, making the vehicle appear as if covered in a heavy fall of colorful snow. Our active foam is saturated with a maximum amount of pigment, resulting in an incredibly intense color that provides even greater satisfaction during pre-washing.<\/p>\n<p>Swag NEUTRAL FOAM COLOR V.2 features exceptionally dense foam that thoroughly wets the entire bodywork, ensuring the final separation of stubborn deposits. Using active foam in the pre-wash process reduces the risk of scratching the vehicle&#039;s surface during manual cleaning. The product is designed for cleaning all painted, plastic, and glass parts.<\/p>\n<p>Swag NEUTRAL FOAM COLOR V.2 has all the attributes of a professional colored active foam: maximum dye saturation, high concentration, refined and abundant foam, optimal performance, a pleasant fruity scent for a pleasant work experience, and is safe for applied waxes, sealants, ceramic coatings, and critical body parts made of chrome and aluminum, among others. Thanks to the product&#039;s high concentration, we can individually adjust the cleaning power, desired density, and color saturation of the foam.<\/p>\n<p>PROPERTIES\u00a0<\/p>\n<ul>\n<li>Highly concentrated formula<\/li>\n<li>Extremely abundant and thick foam<\/li>\n<li>Colorful snow effect<\/li>\n<li>Neutral pH balanced<\/li>\n<li>Optimal cleaning action<\/li>\n<li>Gentle on applied waxes and coatings<\/li>\n<li>Increases the safety of hand washing<\/li>\n<li>Minimizes the risk of scratching the paintwork<\/li>\n<li>Intense color<\/li>\n<li>Fruity scent\u00a0<\/li>\n<li>For AD Studios and Enthusiasts\u00a0<\/li>\n<\/ul>\n<p>DILUTION\u00a0<\/p>\n<ul>\n<li>PA foamer from 1:2 to 1:20 (from 500ml to 50ml per 1l of water)<\/li>\n<li>Hand foamer from 1:10 to 1:200 (from 100ml to 1l of water)<\/li>\n<li>Hand sprayer from 1:10 to 1:200 (from 100ml per 1l of water)<\/li>\n<\/ul>\n<p>HOW TO USE<\/p>\n<li>Use SNFC in a shaded place on a cool and dry bodywork.<\/li>\n<li>Do not allow the product to dry out when washing.<\/li>\n<li>Select the SNFC type according to the expected foam strength and density.<\/li>\n<li>The optimal proportions are indicated on the label.<\/li>\n<li>Use warm water to prepare the finished product.<\/li>\n<li>Apply SNFC to all vehicle components.<\/li>\n<li>Wait 4 to 10 minutes, during which time the dirt will be initially separated.<\/li>\n<li>Rinse the surface with a pressure washer.<\/li>\n<li>Proceed to hand washing your car.\u00a0<\/li>\n<li>Apply \u2013 SWAG HYDRO COAT to make the surface hydrophobic and facilitate drying.<\/li>\n<li>Rinse the entire vehicle thoroughly.<\/li>\n<li>Dry the bodywork with a towel or blower.<\/li>\n<p>ADDITIONAL RECOMMENDATIONS<\/p>\n<ul>\n<li>Shake before use.<\/li>\n<li>Store in a cool and dry place.<\/li>\n<li>Protect from sunlight.<\/li>\n<li>Do not freeze.<\/li>\n<\/ul>\n<p>Capacity 5 L<\/p>","protected":false},"excerpt":{"rendered":"<p>Swag NEUTRAL FOAM COLOR V.2 jest to profesjonalna aktywna piana o neutralnym PH i intensywnej barwie. Stworzona zosta\u0142a dla Studi\u00f3w Detailingowych i Entuzjast\u00f3w autokosmetyki, kt\u00f3rzy poszukuj\u0105 skutecznego i bezpiecznego produktu do wst\u0119pnego mycia pojazd\u00f3w. Swag NEUTRAL FOAM COLOR V.2\u00a0 posiada skoncentrowan\u0105 formu\u0142\u0119 opart\u0105 o wyselekcjonowane, delikatne sk\u0142adniki aktywne. Aplikacja produktu za pomoc\u0105 pianownicy typu PA&hellip;&nbsp;<a href=\"https:\/\/liquidmaster.pl\/en\/swag-neutral-foam-color-v3-5l-kolorowa-piana-aktywna-o-neutralnym-ph\/\" rel=\"bookmark\">Read More \u00bb<span class=\"screen-reader-text\">Swag NEUTRAL FOAM COLOR V3 5L \u2013 colorful active foam with a neutral pH<\/span><\/a><\/p>","protected":false},"featured_media":1907711,"comment_status":"open","ping_status":"open","template":"","meta":{"neve_meta_sidebar":"","neve_meta_container":"","neve_meta_enable_content_width":"","neve_meta_content_width":0,"neve_meta_title_alignment":"","neve_meta_author_avatar":"","neve_post_elements_order":"","neve_meta_disable_header":"","neve_meta_disable_footer":"","neve_meta_disable_title":"","_themeisle_gutenberg_block_has_review":false},"product_brand":[],"product_cat":[734,733,753],"product_tag":[],"class_list":{"0":"post-1907709","1":"product","2":"type-product","3":"status-publish","4":"has-post-thumbnail","6":"product_cat-mycie-i-osuszanie","7":"product_cat-na-zewnatrz","8":"product_cat-piany-aktywne-i-pianownice","10":"first","11":"instock","12":"taxable","13":"shipping-taxable","14":"purchasable","15":"product-type-simple"},"_links":{"self":[{"href":"https:\/\/liquidmaster.pl\/en\/wp-json\/wp\/v2\/product\/1907709","targetHints":{"allow":["GET"]}}],"collection":[{"href":"https:\/\/liquidmaster.pl\/en\/wp-json\/wp\/v2\/product"}],"about":[{"href":"https:\/\/liquidmaster.pl\/en\/wp-json\/wp\/v2\/types\/product"}],"replies":[{"embeddable":true,"href":"https:\/\/liquidmaster.pl\/en\/wp-json\/wp\/v2\/comments?post=1907709"}],"wp:featuredmedia":[{"embeddable":true,"href":"https:\/\/liquidmaster.pl\/en\/wp-json\/wp\/v2\/media\/1907711"}],"wp:attachment":[{"href":"https:\/\/liquidmaster.pl\/en\/wp-json\/wp\/v2\/media?parent=1907709"}],"wp:term":[{"taxonomy":"product_brand","embeddable":true,"href":"https:\/\/liquidmaster.pl\/en\/wp-json\/wp\/v2\/product_brand?post=1907709"},{"taxonomy":"product_cat","embeddable":true,"href":"https:\/\/liquidmaster.pl\/en\/wp-json\/wp\/v2\/product_cat?post=1907709"},{"taxonomy":"product_tag","embeddable":true,"href":"https:\/\/liquidmaster.pl\/en\/wp-json\/wp\/v2\/product_tag?post=1907709"}],"curies":[{"name":"wp","href":"https:\/\/api.w.org\/{rel}","templated":true}]}}