{"id":1907691,"date":"2025-07-27T15:08:06","date_gmt":"2025-07-27T13:08:06","guid":{"rendered":"https:\/\/liquidmaster.pl\/swag-leather-hydro-protect-150ml-quick-detailer-do-tapicerki-skorzanej\/"},"modified":"2026-04-18T04:50:06","modified_gmt":"2026-04-18T02:50:06","slug":"swag-leather-hydro-protect-150ml-quick-detailer-do-tapicerki-skorzanej","status":"publish","type":"product","link":"https:\/\/liquidmaster.pl\/en\/swag-leather-hydro-protect-150ml-quick-detailer-do-tapicerki-skorzanej\/","title":{"rendered":"Swag LEATHER HYDRO PROTECT 150ml \u2013 quick detailer for leather upholstery"},"content":{"rendered":"<p>Swag LEATHER HYDRO PROTECT+\u00a0 jest to profesjonalny \u015brodek typu Leather Quick Conditioner w formie sprayu.<\/p>\n<p>Przeznaczony do szybkiej piel\u0119gnacji tapicerek sk\u00f3rzanych, zosta\u0142 stworzony dla wszystkich Studi\u00f3w AD i Entuzjast\u00f3w autokosmetyki, kt\u00f3rzy poszukuj\u0105 produktu do konserwacji element\u00f3w sk\u00f3rzanych pojazdu, zapewniaj\u0105cego satynowe wyko\u0144czenie.<\/p>\n<p>Formu\u0142a Swag LEATHER HYDRO PROTECT+ opiera si\u0119 na po\u0142\u0105czeniu hybrydowym sk\u0142adnik\u00f3w opartych o SIO2, kt\u00f3re tworz\u0105 na sk\u00f3rze elastyczn\u0105 pow\u0142ok\u0119 ochronn\u0105, dzi\u0119ki kt\u00f3rej powierzchnia nabiera efektu hydrofobowego, sk\u00f3rzane lico staje si\u0119 aksamitne w dotyku i natychmiast od\u017cywione.<\/p>\n<p>Swag LEATHER HYDRO PROTECT+ podnosi walory wizualne tapicerki sk\u00f3rzanej przez pog\u0142\u0119bienie kolorytu lica i wp\u0142ywa na jej protekcje pozostawiaj\u0105c konserwuj\u0105c\u0105 warstw\u0119.<\/p>\n<p>Swag LEATHER HYDRO PROTECT+ po pierwszej aplikacji zmniejsza ryzyko przetarcia tapicerki sk\u00f3rzanej, redukuj\u0105c tarcie na jej powierzchni i ograniczaj\u0105c migracj\u0119 p\u0142yn\u00f3w w g\u0142\u0105b materia\u0142u. W ten spos\u00f3b chroni powierzchni\u0119 sk\u00f3ry przed degraduj\u0105cymi czynnikami zewn\u0119trznymi.<\/p>\n<p>P\u0142ynna formu\u0142a Swag LEATHER HYDRO PROTECT+ umo\u017cliwia szybk\u0105 konserwacj\u0119 i jest optymalnym wyborem w po\u0142\u0105czeniu z uprzednim u\u017cyciem Swag LEATHER CLEANER RTU.<\/p>\n<p>Swag LEATHER HYDRO PROTECT+ posiada wszystkie atrybuty profesjonalnego Quick Conditionera tj.: szybka impregnacja sk\u00f3ry, ograniczenie ryzyka przetarcia, efekt hydrofobowy, bariera przed p\u0142ynami, od\u017cywienie kolorytu, elegancki sk\u00f3rzany zapach i satynowe wyko\u0144czenie.<br \/>\n\u00a0<\/p>\n<p>APPLICATION<\/p>\n<ul>\n<li>Leather upholstery, natural or synthetic, grain and varnished.<\/li>\n<\/ul>\n<p>PROPERTIES<\/p>\n<ul>\n<li>Protection against abrasions<\/li>\n<li>Hydrophobic effect<\/li>\n<li>Nourishes and deepens color<\/li>\n<li>It prevents your face from getting wet<\/li>\n<li>Liquid consistency<\/li>\n<li>Satin finish<\/li>\n<li>High performance<\/li>\n<li>Quick application<\/li>\n<li>An elegant leather fragrance<\/li>\n<li>For Professionals and Enthusiasts<\/li>\n<\/ul>\n<p>HOW TO USE<\/p>\n<li>SLHP+ aplikuj w zacienionym miejscu na ch\u0142odnej i czystej powierzchni.<\/li>\n<li>Shake the bottle before use.<\/li>\n<li>Zaaplikuj atomizerem SLHP+ na sk\u00f3rzany element.<\/li>\n<li>Carefully spread an even layer over the entire element using a sponge applicator.<\/li>\n<li>After application, wait a minute, then gently polish the surface with a microfiber cloth.<\/li>\n<li>*If you have time, after car upholstery care, wait a few minutes as a preventive measure to allow the coating to bond with the leather surface.<\/li>\n<p>ADDITIONAL RECOMMENDATIONS\u00a0<\/p>\n<ul>\n<li>Do not freeze.<\/li>\n<li>Shake before use.<\/li>\n<li>Protect from sunlight.<\/li>\n<li>Store in a cool and dry place.<\/li>\n<\/ul>\n<p>Pojemno\u015b\u0107 150 ml<\/p>","protected":false},"excerpt":{"rendered":"<p>Swag LEATHER HYDRO PROTECT+\u00a0 jest to profesjonalny \u015brodek typu Leather Quick Conditioner w formie sprayu. Przeznaczony do szybkiej piel\u0119gnacji tapicerek sk\u00f3rzanych, zosta\u0142 stworzony dla wszystkich Studi\u00f3w AD i Entuzjast\u00f3w autokosmetyki, kt\u00f3rzy poszukuj\u0105 produktu do konserwacji element\u00f3w sk\u00f3rzanych pojazdu, zapewniaj\u0105cego satynowe wyko\u0144czenie. Formu\u0142a Swag LEATHER HYDRO PROTECT+ opiera si\u0119 na po\u0142\u0105czeniu hybrydowym sk\u0142adnik\u00f3w opartych o SIO2,&hellip;&nbsp;<a href=\"https:\/\/liquidmaster.pl\/en\/swag-leather-hydro-protect-150ml-quick-detailer-do-tapicerki-skorzanej\/\" rel=\"bookmark\">Read More \u00bb<span class=\"screen-reader-text\">Swag LEATHER HYDRO PROTECT 150ml \u2013 quick detailer for leather upholstery<\/span><\/a><\/p>","protected":false},"featured_media":1907693,"comment_status":"open","ping_status":"open","template":"","meta":{"neve_meta_sidebar":"","neve_meta_container":"","neve_meta_enable_content_width":"","neve_meta_content_width":0,"neve_meta_title_alignment":"","neve_meta_author_avatar":"","neve_post_elements_order":"","neve_meta_disable_header":"","neve_meta_disable_footer":"","neve_meta_disable_title":"","_themeisle_gutenberg_block_has_review":false},"product_brand":[],"product_cat":[855,816,768],"product_tag":[],"class_list":{"0":"post-1907691","1":"product","2":"type-product","3":"status-publish","4":"has-post-thumbnail","6":"product_cat-qd-do-skor","7":"product_cat-tapicerka-skorzana","8":"product_cat-wnetrze-auta","10":"first","11":"instock","12":"taxable","13":"shipping-taxable","14":"purchasable","15":"product-type-simple"},"_links":{"self":[{"href":"https:\/\/liquidmaster.pl\/en\/wp-json\/wp\/v2\/product\/1907691","targetHints":{"allow":["GET"]}}],"collection":[{"href":"https:\/\/liquidmaster.pl\/en\/wp-json\/wp\/v2\/product"}],"about":[{"href":"https:\/\/liquidmaster.pl\/en\/wp-json\/wp\/v2\/types\/product"}],"replies":[{"embeddable":true,"href":"https:\/\/liquidmaster.pl\/en\/wp-json\/wp\/v2\/comments?post=1907691"}],"wp:featuredmedia":[{"embeddable":true,"href":"https:\/\/liquidmaster.pl\/en\/wp-json\/wp\/v2\/media\/1907693"}],"wp:attachment":[{"href":"https:\/\/liquidmaster.pl\/en\/wp-json\/wp\/v2\/media?parent=1907691"}],"wp:term":[{"taxonomy":"product_brand","embeddable":true,"href":"https:\/\/liquidmaster.pl\/en\/wp-json\/wp\/v2\/product_brand?post=1907691"},{"taxonomy":"product_cat","embeddable":true,"href":"https:\/\/liquidmaster.pl\/en\/wp-json\/wp\/v2\/product_cat?post=1907691"},{"taxonomy":"product_tag","embeddable":true,"href":"https:\/\/liquidmaster.pl\/en\/wp-json\/wp\/v2\/product_tag?post=1907691"}],"curies":[{"name":"wp","href":"https:\/\/api.w.org\/{rel}","templated":true}]}}