{"id":1907688,"date":"2025-07-27T15:07:03","date_gmt":"2025-07-27T13:07:03","guid":{"rendered":"https:\/\/liquidmaster.pl\/swag-leather-conditioner-cream-v2-500ml-produkt-do-impregnacji-tapicerki-skorzanej\/"},"modified":"2026-04-18T04:50:05","modified_gmt":"2026-04-18T02:50:05","slug":"swag-leather-conditioner-cream-v2-500ml-produkt-do-impregnacji-tapicerki-skorzanej","status":"publish","type":"product","link":"https:\/\/liquidmaster.pl\/en\/swag-leather-conditioner-cream-v2-500ml-produkt-do-impregnacji-tapicerki-skorzanej\/","title":{"rendered":"Swag LEATHER CONDITIONER CREAM V2 500ml \u2013 a product for impregnating leather upholstery"},"content":{"rendered":"<p>Swag LEATHER CONDITIONER CREAM V.2 jest to profesjonalny produkt przeznaczony do kompleksowej piel\u0119gnacji tapicerek sk\u00f3rzanych, zosta\u0142 stworzony dla wszystkich Studi\u00f3w AD i Entuzjast\u00f3w autokosmetyki, kt\u00f3rzy poszukuj\u0105 produktu do konserwacji element\u00f3w sk\u00f3rzanych pojazdu, zapewniaj\u0105cego satynowe wyko\u0144czenie.<\/p>\n<p>Formu\u0142a Swag LEATHER CONDITIONER CREAM V.2 opiera si\u0119 na wyselekcjonowanych sk\u0142adnikach, kt\u00f3re posiadaj\u0105 w\u0142a\u015bciwo\u015bci impregnuj\u0105co-od\u017cywcze. Aplikacja produktu przywraca elastyczno\u015b\u0107 sk\u00f3ry, jej powierzchnia staje si\u0119 mi\u0119kka i aksamitna w dotyku.<\/p>\n<p>Swag LEATHER CONDITIONER CREAM V.2 podnosi walory wizualne tapicerki sk\u00f3rzanej przez pog\u0142\u0119bienie kolorytu lica i wp\u0142ywa na jej protekcje pozostawiaj\u0105c konserwuj\u0105c\u0105 warstw\u0119.<\/p>\n<p>Swag LEATHER CONDITIONER CREAM V.2 od pierwszej aplikacji zmniejsza ryzyko powstania nieodwracalnych zmian w strukturze sk\u00f3ry, kt\u00f3re doprowadzaj\u0105 do degradacji t.j.: przetarcia, p\u0119kni\u0119cia i zagniecenia.<\/p>\n<p>St\u0119\u017cona konsystencja Swag LEATHER CONDITIONER CREAM V.2 umo\u017cliwia pe\u0142n\u0105 migracj\u0119 od\u017cywki, uzupe\u0142niaj\u0105c w\u0142a\u015bciwo\u015bci \u015brodk\u00f3w garbarskich sk\u00f3ry.<\/p>\n<p>Swag LEATHER CONDITIONER CREAM V.2 posiada wszystkie atrybuty profesjonalnego Conditionera do sk\u00f3ry: wysokie st\u0119\u017cenie, g\u0119st\u0105 konsystencje, ekskluzywny sk\u00f3rzany zapach, optymalne dzia\u0142anie, pog\u0142\u0119bienie kolorytu lica, przywr\u00f3cenie elastyczno\u015bci sk\u00f3ry, satynowe wyko\u0144czenie.<\/p>\n<p>APPLICATION<\/p>\n<ul>\n<li>Leather upholstery, natural or synthetic, grain and varnished.<\/li>\n<\/ul>\n<p>PROPERTIES<\/p>\n<ul>\n<li>Deeply impregnating formula<\/li>\n<li>Prevents abrasion and cracking<\/li>\n<li>It elasticizes the skin structure<\/li>\n<li>Nourishes and deepens color<\/li>\n<li>Creamy consistency<\/li>\n<li>Satin finish<\/li>\n<li>High performance<\/li>\n<li>A subtle leather scent<\/li>\n<li>For AD Studios and Enthusiasts<\/li>\n<\/ul>\n<p>HOW TO USE<\/p>\n<li>Apply SLCC to clean and dry leather upholstery.<\/li>\n<li>Apply a thin layer to the leather item with an applicator or your hand.<\/li>\n<li>Wait for absorption up to 30 minutes.<\/li>\n<li>Starannie wytrzyj powierzchni\u0119 mikrofibr\u0105 do uzyskania satynowego wyko\u0144czenia.<\/li>\n<li>For older upholstery, we recommend applying it twice to saturate the leather structure.<\/li>\n<p>ADDITIONAL RECOMMENDATIONS\u00a0<\/p>\n<ul>\n<li>Do not freeze.<\/li>\n<li>Shake before use.<\/li>\n<li>Protect from sunlight.<\/li>\n<li>Store in a cool and dry place.<\/li>\n<\/ul>\n<p>Capacity 500 ml<\/p>\n<p>\u00a0<\/p>","protected":false},"excerpt":{"rendered":"<p>Swag LEATHER CONDITIONER CREAM V.2 jest to profesjonalny produkt przeznaczony do kompleksowej piel\u0119gnacji tapicerek sk\u00f3rzanych, zosta\u0142 stworzony dla wszystkich Studi\u00f3w AD i Entuzjast\u00f3w autokosmetyki, kt\u00f3rzy poszukuj\u0105 produktu do konserwacji element\u00f3w sk\u00f3rzanych pojazdu, zapewniaj\u0105cego satynowe wyko\u0144czenie. Formu\u0142a Swag LEATHER CONDITIONER CREAM V.2 opiera si\u0119 na wyselekcjonowanych sk\u0142adnikach, kt\u00f3re posiadaj\u0105 w\u0142a\u015bciwo\u015bci impregnuj\u0105co-od\u017cywcze. Aplikacja produktu przywraca elastyczno\u015b\u0107 sk\u00f3ry,&hellip;&nbsp;<a href=\"https:\/\/liquidmaster.pl\/en\/swag-leather-conditioner-cream-v2-500ml-produkt-do-impregnacji-tapicerki-skorzanej\/\" rel=\"bookmark\">Read More \u00bb<span class=\"screen-reader-text\">Swag LEATHER CONDITIONER CREAM V2 500ml \u2013 a product for impregnating leather upholstery<\/span><\/a><\/p>","protected":false},"featured_media":1907690,"comment_status":"open","ping_status":"open","template":"","meta":{"neve_meta_sidebar":"","neve_meta_container":"","neve_meta_enable_content_width":"","neve_meta_content_width":0,"neve_meta_title_alignment":"","neve_meta_author_avatar":"","neve_post_elements_order":"","neve_meta_disable_header":"","neve_meta_disable_footer":"","neve_meta_disable_title":"","_themeisle_gutenberg_block_has_review":false},"product_brand":[],"product_cat":[854,816,768],"product_tag":[],"class_list":{"0":"post-1907688","1":"product","2":"type-product","3":"status-publish","4":"has-post-thumbnail","6":"product_cat-mleczka-i-balsamy-do-skor","7":"product_cat-tapicerka-skorzana","8":"product_cat-wnetrze-auta","10":"first","11":"instock","12":"taxable","13":"shipping-taxable","14":"purchasable","15":"product-type-simple"},"_links":{"self":[{"href":"https:\/\/liquidmaster.pl\/en\/wp-json\/wp\/v2\/product\/1907688","targetHints":{"allow":["GET"]}}],"collection":[{"href":"https:\/\/liquidmaster.pl\/en\/wp-json\/wp\/v2\/product"}],"about":[{"href":"https:\/\/liquidmaster.pl\/en\/wp-json\/wp\/v2\/types\/product"}],"replies":[{"embeddable":true,"href":"https:\/\/liquidmaster.pl\/en\/wp-json\/wp\/v2\/comments?post=1907688"}],"wp:featuredmedia":[{"embeddable":true,"href":"https:\/\/liquidmaster.pl\/en\/wp-json\/wp\/v2\/media\/1907690"}],"wp:attachment":[{"href":"https:\/\/liquidmaster.pl\/en\/wp-json\/wp\/v2\/media?parent=1907688"}],"wp:term":[{"taxonomy":"product_brand","embeddable":true,"href":"https:\/\/liquidmaster.pl\/en\/wp-json\/wp\/v2\/product_brand?post=1907688"},{"taxonomy":"product_cat","embeddable":true,"href":"https:\/\/liquidmaster.pl\/en\/wp-json\/wp\/v2\/product_cat?post=1907688"},{"taxonomy":"product_tag","embeddable":true,"href":"https:\/\/liquidmaster.pl\/en\/wp-json\/wp\/v2\/product_tag?post=1907688"}],"curies":[{"name":"wp","href":"https:\/\/api.w.org\/{rel}","templated":true}]}}