{"id":1907670,"date":"2025-07-27T15:01:04","date_gmt":"2025-07-27T13:01:04","guid":{"rendered":"https:\/\/liquidmaster.pl\/swag-leather-cleaner-conc-v2-250ml-srodek-do-czyszczenia-tapicerki-skorzanej\/"},"modified":"2026-04-18T04:50:02","modified_gmt":"2026-04-18T02:50:02","slug":"swag-leather-cleaner-conc-v2-250ml-srodek-do-czyszczenia-tapicerki-skorzanej","status":"publish","type":"product","link":"https:\/\/liquidmaster.pl\/en\/swag-leather-cleaner-conc-v2-250ml-srodek-do-czyszczenia-tapicerki-skorzanej\/","title":{"rendered":"Swag LEATHER CLEANER CONC V2 250ml \u2013 leather upholstery cleaner"},"content":{"rendered":"<p>Swag LEATHER CLEANER CONC. V.2 jest to \u015brodek czyszcz\u0105cy do sk\u00f3ry o skoncentrowanej formule, kt\u00f3ry zosta\u0142 stworzony dla wszystkich profesjonalist\u00f3w i bezkompromisowych hobbyst\u00f3w. Przeznaczony jest do czyszczenia tapicerek sk\u00f3rzanych naturalnych i syntetycznych. Indywidualne dostosowanie rozcie\u0144czenia utrzymuje delikatno\u015b\u0107 formy czyszcz\u0105cej bez zmniejszenia skuteczno\u015bci produktu.<\/p>\n<p>Przeznaczony jest do sk\u00f3r licowych i lakierowanych w ka\u017cdym kolorze. Jego formu\u0142a opiera si\u0119 o bezpieczne sk\u0142adniki i elegancki sk\u00f3rzanych zapach, a to wszystko w skoncentrowanej formie do rozcie\u0144czenia z wod\u0105 w proporcji nawet do 1:20. Umo\u017cliwia to wyb\u00f3r i stworzenie \u015brodka do czyszczenia bie\u017c\u0105cego b\u0105d\u017a do doczyszczenia bardzo brudnej jasnej tapicerki.<\/p>\n<p>PROPERTIES<\/p>\n<ul>\n<li>Cleans natural and synthetic upholstery<\/li>\n<li>Safe PH<\/li>\n<li>Optimal effectiveness<\/li>\n<li>Easy to use<\/li>\n<li>Concentrated formula<\/li>\n<li>Indywidualny wyb\u00f3r si\u0142y produktu<\/li>\n<li>Safe for natural skin<\/li>\n<li>A subtle leather scent<\/li>\n<li>High performance<\/li>\n<li>For AD Studios and Enthusiasts<\/li>\n<\/ul>\n<p>PROPORTIONS<\/p>\n<ul>\n<li>brudna sk\u00f3ra &#8211; do 1:10 (100ml na 1l wody)<\/li>\n<li>bie\u017c\u0105ca piel\u0119gnacja &#8211; do 1:20 (do 50ml na 1l wody)<\/li>\n<\/ul>\n<p>HOW TO USE<\/p>\n<li>Use SWAG FOAMER for cleaning to avoid soaking the leather.<\/li>\n<li>Apply foam to the brush and clean the leather upholstery panel with gentle movements.<\/li>\n<li>Monitor the foam for color change. Wipe the surface dry with a microfiber cloth.<\/li>\n<li>Repeat the process if necessary.<\/li>\n<li>Wait approximately 1 hour for the leather upholstery to dry.<\/li>\n<li>Preserve clean leather with Swag Leather Conditioner \/ Leather Wax.<\/li>\n<p>ADDITIONAL RECOMMENDATIONS\u00a0<\/p>\n<ul>\n<li>Do not freeze.<\/li>\n<li>Shake before use.<\/li>\n<li>Protect from sunlight.<\/li>\n<li>Store in a cool and dry place.<\/li>\n<li>After selecting the concentration, test the effect of the preparation in an inconspicuous place.<\/li>\n<\/ul>\n<p>Capacity 250 ml<\/p>\n<p>\u00a0<\/p>","protected":false},"excerpt":{"rendered":"<p>Swag LEATHER CLEANER CONC. V.2 jest to \u015brodek czyszcz\u0105cy do sk\u00f3ry o skoncentrowanej formule, kt\u00f3ry zosta\u0142 stworzony dla wszystkich profesjonalist\u00f3w i bezkompromisowych hobbyst\u00f3w. Przeznaczony jest do czyszczenia tapicerek sk\u00f3rzanych naturalnych i syntetycznych. Indywidualne dostosowanie rozcie\u0144czenia utrzymuje delikatno\u015b\u0107 formy czyszcz\u0105cej bez zmniejszenia skuteczno\u015bci produktu. Przeznaczony jest do sk\u00f3r licowych i lakierowanych w ka\u017cdym kolorze. Jego formu\u0142a&hellip;&nbsp;<a href=\"https:\/\/liquidmaster.pl\/en\/swag-leather-cleaner-conc-v2-250ml-srodek-do-czyszczenia-tapicerki-skorzanej\/\" rel=\"bookmark\">Read More \u00bb<span class=\"screen-reader-text\">Swag LEATHER CLEANER CONC V2 250ml \u2013 leather upholstery cleaner<\/span><\/a><\/p>","protected":false},"featured_media":1907672,"comment_status":"open","ping_status":"open","template":"","meta":{"neve_meta_sidebar":"","neve_meta_container":"","neve_meta_enable_content_width":"","neve_meta_content_width":0,"neve_meta_title_alignment":"","neve_meta_author_avatar":"","neve_post_elements_order":"","neve_meta_disable_header":"","neve_meta_disable_footer":"","neve_meta_disable_title":"","_themeisle_gutenberg_block_has_review":false},"product_brand":[],"product_cat":[834,816,768],"product_tag":[],"class_list":{"0":"post-1907670","1":"product","2":"type-product","3":"status-publish","4":"has-post-thumbnail","6":"product_cat-czyszczenie-skory","7":"product_cat-tapicerka-skorzana","8":"product_cat-wnetrze-auta","10":"first","11":"instock","12":"taxable","13":"shipping-taxable","14":"purchasable","15":"product-type-simple"},"_links":{"self":[{"href":"https:\/\/liquidmaster.pl\/en\/wp-json\/wp\/v2\/product\/1907670","targetHints":{"allow":["GET"]}}],"collection":[{"href":"https:\/\/liquidmaster.pl\/en\/wp-json\/wp\/v2\/product"}],"about":[{"href":"https:\/\/liquidmaster.pl\/en\/wp-json\/wp\/v2\/types\/product"}],"replies":[{"embeddable":true,"href":"https:\/\/liquidmaster.pl\/en\/wp-json\/wp\/v2\/comments?post=1907670"}],"wp:featuredmedia":[{"embeddable":true,"href":"https:\/\/liquidmaster.pl\/en\/wp-json\/wp\/v2\/media\/1907672"}],"wp:attachment":[{"href":"https:\/\/liquidmaster.pl\/en\/wp-json\/wp\/v2\/media?parent=1907670"}],"wp:term":[{"taxonomy":"product_brand","embeddable":true,"href":"https:\/\/liquidmaster.pl\/en\/wp-json\/wp\/v2\/product_brand?post=1907670"},{"taxonomy":"product_cat","embeddable":true,"href":"https:\/\/liquidmaster.pl\/en\/wp-json\/wp\/v2\/product_cat?post=1907670"},{"taxonomy":"product_tag","embeddable":true,"href":"https:\/\/liquidmaster.pl\/en\/wp-json\/wp\/v2\/product_tag?post=1907670"}],"curies":[{"name":"wp","href":"https:\/\/api.w.org\/{rel}","templated":true}]}}