{"id":1907664,"date":"2025-07-27T14:59:05","date_gmt":"2025-07-27T12:59:05","guid":{"rendered":"https:\/\/liquidmaster.pl\/swag-zestaw-leather-care-set-zestaw-do-czyszczenia-i-konserwacji-tapicerki-skorzanej\/"},"modified":"2026-04-18T04:50:01","modified_gmt":"2026-04-18T02:50:01","slug":"swag-zestaw-leather-care-set-zestaw-do-czyszczenia-i-konserwacji-tapicerki-skorzanej","status":"publish","type":"product","link":"https:\/\/liquidmaster.pl\/en\/swag-zestaw-leather-care-set-zestaw-do-czyszczenia-i-konserwacji-tapicerki-skorzanej\/","title":{"rendered":"Swag LEATHER CARE SET \u2013 a set for cleaning and maintaining leather upholstery"},"content":{"rendered":"<p>Swag ZESTAW LEATHER CARE SET to zestaw ekskluzywnych kosmetyk\u00f3w do piel\u0119gnacji sk\u00f3ry, kt\u00f3ry jest esencj\u0105 dbania o tapicerk\u0119 sk\u00f3rzan\u0105.<\/p>\n<p>Swag ZESTAW LEATHER CARE SET \u0142\u0105czy w sobie najbardziej wyszukane kosmetyki do czyszczenia i konserwacji sk\u00f3ry wraz z ergonomicznymi akcesoriami kt\u00f3re u\u0142atwiaj\u0105 detailing. Optymalna pojemno\u015b\u0107 produkt\u00f3w zosta\u0142a przygotowana dla wszystkich Studi\u00f3w AD i Entuzjast\u00f3w autokosmetyki, kt\u00f3rzy chc\u0105 skutecznie wyczy\u015bci\u0107 i zakonserwowa\u0107 tapicerk\u0119 sk\u00f3rzan\u0105.\u00a0<\/p>\n<p>Swag LEATHER CLEANER CONC. 1:20 500ml<\/p>\n<p>Czyszczenie sk\u00f3ry naturalnej i syntetycznej | Skoncentrowany | Sk\u00f3rzany zapach<\/p>\n<p>Swag LEATHER CLEANER CONC. jest to \u015brodek czyszcz\u0105cy do sk\u00f3ry o skoncentrowanej formule, kt\u00f3ry zosta\u0142 stworzony dla wszystkich profesjonalist\u00f3w i bezkompromisowych hobbyst\u00f3w. Przeznaczony jest do czyszczenia tapicerek sk\u00f3rzanych naturalnych i syntetycznych. Indywidualne dostosowanie rozcie\u0144czenia utrzymuje delikatno\u015b\u0107 formy czyszcz\u0105cej bez zmniejszenia skuteczno\u015bci produktu.<\/p>\n<p>Przeznaczony jest do sk\u00f3r licowych i lakierowanych w ka\u017cdym kolorze. Jego formu\u0142a opiera si\u0119 o bezpieczne sk\u0142adniki i elegancki sk\u00f3rzanych zapach, a to wszystko w skoncentrowanej formie do rozcie\u0144czenia z wod\u0105 w proporcji nawet do 1:20. Umo\u017cliwia to wyb\u00f3r i stworzenie \u015brodka do czyszczenia bie\u017c\u0105cego b\u0105d\u017a do doczyszczenia bardzo brudnej jasnej tapicerki.<\/p>\n<p>PROPERTIES<\/p>\n<ul>\n<li>Cleans natural and synthetic upholstery<\/li>\n<li>Safe PH<\/li>\n<li>Optimal effectiveness<\/li>\n<li>Easy to use<\/li>\n<li>Concentrated formula<\/li>\n<li>Indywidualny wyb\u00f3r si\u0142y produktu<\/li>\n<li>Safe for natural skin<\/li>\n<li>A subtle leather scent<\/li>\n<li>High performance<\/li>\n<li>For AD Studios and Enthusiasts<\/li>\n<\/ul>\n<p>PROPORTIONS<\/p>\n<ul>\n<li>brudna sk\u00f3ra &#8211; do 1:10 (100ml na 1l wody)<\/li>\n<li>bie\u017c\u0105ca piel\u0119gnacja &#8211; do 1:20 (do 50ml na 1l wody)<\/li>\n<\/ul>\n<p>HOW TO USE<\/p>\n<li>Use SWAG FOAMER for cleaning to avoid soaking the leather.<\/li>\n<li>Apply foam to the brush and clean the leather upholstery panel with gentle movements.<\/li>\n<li>Monitor the foam for color change. Wipe the surface dry with a microfiber cloth.<\/li>\n<li>Repeat the process if necessary.<\/li>\n<li>Wait approximately 1 hour for the leather upholstery to dry.<\/li>\n<li>Preserve clean leather with Swag Leather Conditioner \/ Leather Wax.<\/li>\n<p>ADDITIONAL RECOMMENDATIONS\u00a0<\/p>\n<ul>\n<li>Do not freeze.<\/li>\n<li>Shake before use.<\/li>\n<li>Protect from sunlight.<\/li>\n<li>Store in a cool and dry place.<\/li>\n<li>After selecting the concentration, test the effect of the preparation in an inconspicuous place.<\/li>\n<\/ul>\n<p>Swag LEATHER CONDITIONER CREAM 500ml<\/p>\n<p>Impregnacja sk\u00f3ry | Ochrona przed p\u0119kaniem | Pog\u0142\u0119bienie koloru<\/p>\n<p>Swag LEATHER CONDITIONER CREAM is a professional product designed for the comprehensive care of leather upholstery, created for all AD Studios and car care enthusiasts who are looking for a product to preserve vehicle leather elements, providing a satin finish.<\/p>\n<p>The Swag LEATHER CONDITIONER CREAM formula is based on selected ingredients with waterproofing and nourishing properties. Application of the product restores skin&#039;s elasticity, leaving it soft and velvety to the touch.<\/p>\n<p>Swag LEATHER CONDITIONER CREAM enhances the visual value of leather upholstery by deepening the color of the grain and affects its protection by leaving a preservative layer.<\/p>\n<p>Swag LEATHER CONDITIONER CREAM reduces the risk of irreversible changes in the leather structure from the first application, which lead to degradation, such as abrasions, cracks and creases.<\/p>\n<p>The concentrated consistency of Swag LEATHER CONDITIONER CREAM allows for full conditioner migration, complementing the properties of the leather tanning agents.<\/p>\n<p>Swag LEATHER CONDITIONER CREAM has all the attributes of a professional leather conditioner: high concentration, thick consistency, exclusive leather scent, optimal performance, deepening the skin tone, restoring leather elasticity, satin finish.<\/p>\n<p>APPLICATION<\/p>\n<ul>\n<li>Leather upholstery, natural or synthetic, grain and varnished.<\/li>\n<\/ul>\n<p>PROPERTIES<\/p>\n<ul>\n<li>Deeply impregnating formula<\/li>\n<li>Prevents abrasion and cracking<\/li>\n<li>It elasticizes the skin structure<\/li>\n<li>Nourishes and deepens color<\/li>\n<li>Creamy consistency<\/li>\n<li>Satin finish<\/li>\n<li>High performance<\/li>\n<li>A subtle leather scent<\/li>\n<li>For AD Studios and Enthusiasts<\/li>\n<\/ul>\n<p>HOW TO USE<\/p>\n<li>Apply SLCC to clean and dry leather upholstery.<\/li>\n<li>Apply a thin layer to the leather item with an applicator or your hand.<\/li>\n<li>Wait for absorption up to 30 minutes.<\/li>\n<li>Starannie wytrzyj powierzchni\u0119 mikrofibr\u0105 do uzyskania satynowego wyko\u0144czenia.<\/li>\n<li>For older upholstery, we recommend applying it twice to saturate the leather structure.<\/li>\n<p>ADDITIONAL RECOMMENDATIONS\u00a0<\/p>\n<ul>\n<li>Do not freeze.<\/li>\n<li>Shake before use.<\/li>\n<li>Protect from sunlight.<\/li>\n<li>Store in a cool and dry place.<\/li>\n<\/ul>\n<p>THE SET INCLUDES<\/p>\n<ul>\n<li>1 x Leather Cleaner Concentrate 500ml<\/li>\n<li>1 x Leather Conditioner Cream 500ml<\/li>\n<li>1 x Pianowniczka Foamer 150ml<\/li>\n<li>1 x Szczoteczka Leather Brush Mini\u00a0<\/li>\n<li>1 x Szczoteczka Leather Brush Classic\u00a0<\/li>\n<li>3 x Delikatny aplikator piankowy<\/li>\n<li>3 x Holographic certificate with space for the application date to be placed on the vehicle door sill<\/li>\n<li>1 x \u015aciereczka mikrofibrowa o wysokiej gramaturze i laserowo ci\u0119tych kraw\u0119dziach<\/li>\n<\/ul>\n<p>\u00a0<\/p>","protected":false},"excerpt":{"rendered":"<p>Swag ZESTAW LEATHER CARE SET to zestaw ekskluzywnych kosmetyk\u00f3w do piel\u0119gnacji sk\u00f3ry, kt\u00f3ry jest esencj\u0105 dbania o tapicerk\u0119 sk\u00f3rzan\u0105. Swag ZESTAW LEATHER CARE SET \u0142\u0105czy w sobie najbardziej wyszukane kosmetyki do czyszczenia i konserwacji sk\u00f3ry wraz z ergonomicznymi akcesoriami kt\u00f3re u\u0142atwiaj\u0105 detailing. Optymalna pojemno\u015b\u0107 produkt\u00f3w zosta\u0142a przygotowana dla wszystkich Studi\u00f3w AD i Entuzjast\u00f3w autokosmetyki, kt\u00f3rzy&hellip;&nbsp;<a href=\"https:\/\/liquidmaster.pl\/en\/swag-zestaw-leather-care-set-zestaw-do-czyszczenia-i-konserwacji-tapicerki-skorzanej\/\" rel=\"bookmark\">Read More \u00bb<span class=\"screen-reader-text\">Swag LEATHER CARE SET \u2013 a set for cleaning and maintaining leather upholstery<\/span><\/a><\/p>","protected":false},"featured_media":1907666,"comment_status":"open","ping_status":"open","template":"","meta":{"neve_meta_sidebar":"","neve_meta_container":"","neve_meta_enable_content_width":"","neve_meta_content_width":0,"neve_meta_title_alignment":"","neve_meta_author_avatar":"","neve_post_elements_order":"","neve_meta_disable_header":"","neve_meta_disable_footer":"","neve_meta_disable_title":"","_themeisle_gutenberg_block_has_review":false},"product_brand":[],"product_cat":[816,768,829],"product_tag":[],"class_list":{"0":"post-1907664","1":"product","2":"type-product","3":"status-publish","4":"has-post-thumbnail","6":"product_cat-tapicerka-skorzana","7":"product_cat-wnetrze-auta","8":"product_cat-zestawy","10":"first","11":"instock","12":"taxable","13":"shipping-taxable","14":"purchasable","15":"product-type-simple"},"_links":{"self":[{"href":"https:\/\/liquidmaster.pl\/en\/wp-json\/wp\/v2\/product\/1907664","targetHints":{"allow":["GET"]}}],"collection":[{"href":"https:\/\/liquidmaster.pl\/en\/wp-json\/wp\/v2\/product"}],"about":[{"href":"https:\/\/liquidmaster.pl\/en\/wp-json\/wp\/v2\/types\/product"}],"replies":[{"embeddable":true,"href":"https:\/\/liquidmaster.pl\/en\/wp-json\/wp\/v2\/comments?post=1907664"}],"wp:featuredmedia":[{"embeddable":true,"href":"https:\/\/liquidmaster.pl\/en\/wp-json\/wp\/v2\/media\/1907666"}],"wp:attachment":[{"href":"https:\/\/liquidmaster.pl\/en\/wp-json\/wp\/v2\/media?parent=1907664"}],"wp:term":[{"taxonomy":"product_brand","embeddable":true,"href":"https:\/\/liquidmaster.pl\/en\/wp-json\/wp\/v2\/product_brand?post=1907664"},{"taxonomy":"product_cat","embeddable":true,"href":"https:\/\/liquidmaster.pl\/en\/wp-json\/wp\/v2\/product_cat?post=1907664"},{"taxonomy":"product_tag","embeddable":true,"href":"https:\/\/liquidmaster.pl\/en\/wp-json\/wp\/v2\/product_tag?post=1907664"}],"curies":[{"name":"wp","href":"https:\/\/api.w.org\/{rel}","templated":true}]}}