{"id":1907661,"date":"2025-07-27T14:58:06","date_gmt":"2025-07-27T12:58:06","guid":{"rendered":"https:\/\/liquidmaster.pl\/swag-lady-water-melon-candy-v2-150ml-zapach-samochodowy\/"},"modified":"2026-04-20T08:31:11","modified_gmt":"2026-04-20T06:31:11","slug":"swag-lady-water-melon-candy-v2-150ml-zapach-samochodowy","status":"publish","type":"product","link":"https:\/\/liquidmaster.pl\/en\/swag-lady-water-melon-candy-v2-150ml-zapach-samochodowy\/","title":{"rendered":"Swag LADY WATER MELON CANDY V2 150ml \u2013 car fragrance"},"content":{"rendered":"<p>Swag LADY WATERMELON CANDY V.2 to orze\u017awiaj\u0105cy, intensywny zapach samochodowy, zaprojektowany z my\u015bl\u0105 o mi\u0142o\u015bniczkach motoryzacji i profesjonalnych studiach detailingowych. Produkt wyr\u00f3\u017cnia si\u0119 wyj\u0105tkowo s\u0142odkim i owocowym aromatem soczystego Arbuza, kt\u00f3ry nadaje wn\u0119trzu pojazdu niepowtarzalnego charakteru. Zapach zosta\u0142 stworzony na bazie najwy\u017cszej jako\u015bci sk\u0142adnik\u00f3w, co zapewnia d\u0142ugotrwa\u0142y efekt oraz bezpieczne u\u017cytkowanie.<\/p>\n<p>Swag LADY WATERMELON CANDY V.2 charakteryzuje si\u0119 zaawansowan\u0105 formu\u0142\u0105, kt\u00f3ra skutecznie neutralizuje nieprzyjemne zapachy, jednocze\u015bnie wprowadzaj\u0105c do wn\u0119trza pojazdu przyjemn\u0105, owocow\u0105 nut\u0119. Kompozycja zapachowa zosta\u0142a zaprojektowana w taki spos\u00f3b, aby stopniowo uwalnia\u0107 intensywne nuty cukierkowego arbuza, gwarantuj\u0105c d\u0142ugotrwa\u0142e i przyjemne doznania zapachowe.<\/p>\n<p>Swag LADY WATERMELON CANDY V.2 jest idealnym wyborem dla os\u00f3b, kt\u00f3re ceni\u0105 sobie elegancj\u0119, komfort oraz wysok\u0105 jako\u015b\u0107. Produkt jest \u0142atwy w u\u017cyciu, a dzi\u0119ki nowoczesnej technologii rozpraszania, zapach r\u00f3wnomiernie rozchodzi si\u0119 we wn\u0119trzu pojazdu, zapewniaj\u0105c d\u0142ugotrwa\u0142y efekt \u015bwie\u017co\u015bci i przyjemno\u015bci.<\/p>\n<p>PROPERTIES<\/p>\n<ul>\n<li>Intensywny zapach soczystego arbuza<\/li>\n<li>Long-lasting effect<\/li>\n<li>Bezpieczny dla wn\u0119trza pojazdu<\/li>\n<li>Neutralizes unpleasant odors<\/li>\n<li>A refreshing fragrance composition<\/li>\n<li>Easy to use<\/li>\n<li>Idealny dla Studi\u00f3w Detailingowych i Entuzjastek<\/li>\n<\/ul>\n<p>HOW TO USE<\/p>\n<li>Before use: Shake the bottle gently to distribute the fragrance evenly.<\/li>\n<li>Pierwsza aplikacja: Spryskaj obficie zapachem Swag LADY WATERMELON CANDY na do\u0142\u0105czon\u0105 do zapachu zawieszk\u0119 (a\u017c stanie si\u0119 wilgotna i lekko spuchnie) i inne tekstylne elementy wn\u0119trza pojazdu.<\/li>\n<li>Dosage: Apply the fragrance according to your preferences, taking care to use a moderate amount to avoid over-saturation of the interior.<\/li>\n<li>Refresh: Repeat application as needed to maintain a consistent fragrance level.<\/li>\n<p>ADDITIONAL RECOMMENDATIONS<\/p>\n<ul>\n<li>Do not freeze.<\/li>\n<li>Shake before use.<\/li>\n<li>Protect from sunlight.<\/li>\n<li>Store in a cool and dry place.<\/li>\n<\/ul>\n<p>THE SET INCLUDES<\/p>\n<ul>\n<li>1 x zapach samochodowy Swag LADY WATERMELON CANDY V.2 \/ 150ml\u00a0<\/li>\n<li>1 x WE LOVE DETALING \/ SWAG DETAILING COSMETICS pendant<\/li>\n<\/ul>","protected":false},"excerpt":{"rendered":"<p>Swag LADY WATERMELON CANDY V.2 to orze\u017awiaj\u0105cy, intensywny zapach samochodowy, zaprojektowany z my\u015bl\u0105 o mi\u0142o\u015bniczkach motoryzacji i profesjonalnych studiach detailingowych. Produkt wyr\u00f3\u017cnia si\u0119 wyj\u0105tkowo s\u0142odkim i owocowym aromatem soczystego Arbuza, kt\u00f3ry nadaje wn\u0119trzu pojazdu niepowtarzalnego charakteru. Zapach zosta\u0142 stworzony na bazie najwy\u017cszej jako\u015bci sk\u0142adnik\u00f3w, co zapewnia d\u0142ugotrwa\u0142y efekt oraz bezpieczne u\u017cytkowanie. Swag LADY WATERMELON CANDY&hellip;&nbsp;<a href=\"https:\/\/liquidmaster.pl\/en\/swag-lady-water-melon-candy-v2-150ml-zapach-samochodowy\/\" rel=\"bookmark\">Read More \u00bb<span class=\"screen-reader-text\">Swag LADY WATER MELON CANDY V2 150ml \u2013 car fragrance<\/span><\/a><\/p>","protected":false},"featured_media":1907663,"comment_status":"open","ping_status":"open","template":"","meta":{"neve_meta_sidebar":"","neve_meta_container":"","neve_meta_enable_content_width":"","neve_meta_content_width":0,"neve_meta_title_alignment":"","neve_meta_author_avatar":"","neve_post_elements_order":"","neve_meta_disable_header":"","neve_meta_disable_footer":"","neve_meta_disable_title":"","_themeisle_gutenberg_block_has_review":false},"product_brand":[],"product_cat":[801,802,768],"product_tag":[],"class_list":{"0":"post-1907661","1":"product","2":"type-product","3":"status-publish","4":"has-post-thumbnail","6":"product_cat-odswiezacze-powietrza","7":"product_cat-perfumy-i-spraye","8":"product_cat-wnetrze-auta","10":"first","11":"instock","12":"taxable","13":"shipping-taxable","14":"purchasable","15":"product-type-simple"},"_links":{"self":[{"href":"https:\/\/liquidmaster.pl\/en\/wp-json\/wp\/v2\/product\/1907661","targetHints":{"allow":["GET"]}}],"collection":[{"href":"https:\/\/liquidmaster.pl\/en\/wp-json\/wp\/v2\/product"}],"about":[{"href":"https:\/\/liquidmaster.pl\/en\/wp-json\/wp\/v2\/types\/product"}],"replies":[{"embeddable":true,"href":"https:\/\/liquidmaster.pl\/en\/wp-json\/wp\/v2\/comments?post=1907661"}],"wp:featuredmedia":[{"embeddable":true,"href":"https:\/\/liquidmaster.pl\/en\/wp-json\/wp\/v2\/media\/1907663"}],"wp:attachment":[{"href":"https:\/\/liquidmaster.pl\/en\/wp-json\/wp\/v2\/media?parent=1907661"}],"wp:term":[{"taxonomy":"product_brand","embeddable":true,"href":"https:\/\/liquidmaster.pl\/en\/wp-json\/wp\/v2\/product_brand?post=1907661"},{"taxonomy":"product_cat","embeddable":true,"href":"https:\/\/liquidmaster.pl\/en\/wp-json\/wp\/v2\/product_cat?post=1907661"},{"taxonomy":"product_tag","embeddable":true,"href":"https:\/\/liquidmaster.pl\/en\/wp-json\/wp\/v2\/product_tag?post=1907661"}],"curies":[{"name":"wp","href":"https:\/\/api.w.org\/{rel}","templated":true}]}}