{"id":1907658,"date":"2025-07-27T14:57:05","date_gmt":"2025-07-27T12:57:05","guid":{"rendered":"https:\/\/liquidmaster.pl\/swag-lady-textil-cleaner-rtu-500ml-wielozadaniowy-srodek-czyszczacy-materialy-tekstylne\/"},"modified":"2026-04-18T04:49:59","modified_gmt":"2026-04-18T02:49:59","slug":"swag-lady-textil-cleaner-rtu-500ml-wielozadaniowy-srodek-czyszczacy-materialy-tekstylne","status":"publish","type":"product","link":"https:\/\/liquidmaster.pl\/en\/swag-lady-textil-cleaner-rtu-500ml-wielozadaniowy-srodek-czyszczacy-materialy-tekstylne\/","title":{"rendered":"Swag LADY TEXTIL CLEANER RTU 500ml \u2013 multi-purpose textile cleaner"},"content":{"rendered":"<p>Swag LADY TEXTIL CLEANER RTU jest to profesjonalny wielozadaniowy \u015brodek czyszcz\u0105cy materia\u0142y tekstylne. Zosta\u0142 stworzony dla wszystkich Studi\u00f3w Detailingowych i Mi\u0142o\u015bniczek autokosmetyki, kt\u00f3re poszukuj\u0105 skutecznego produktu do czyszczenia tapicerki materia\u0142owej w swoich pojazdach.<\/p>\n<p>Swag LADY TEXTIL CLEANER RTU posiada gotow\u0105 do u\u017cycia formu\u0142\u0119 opart\u0105 o wyselekcjonowane, bezpieczne sk\u0142adniki aktywne, kt\u00f3re optymalizuj\u0105 proces czyszczenia, przez natychmiastowe odseparowanie uci\u0105\u017cliwych zabrudze\u0144 z tapicerki materia\u0142owej, dywanik\u00f3w, wyk\u0142adziny kabinowej i podsufitek.<\/p>\n<p>Swag LADY TEXTIL CLEANER RTU stosujemy do czyszczenia tekstyli\u00f3w jako m.in.: pre-spray do wst\u0119pnego zaprania r\u0119cznego\/mechanicznego, \u015brodek do prania za pomoc\u0105 ekstraktora pomijaj\u0105c faz\u0119 r\u0119czn\u0105, odplamiacz do zabrudze\u0144 bia\u0142kowych, t\u0142uszczowych i filmu nikotynowego, produkt do prania technik\u0105 bonetowania.\u00a0<\/p>\n<p>Swag LADY TEXTIL CLEANER RTU posiada wszystkie atrybuty profesjonalnego Cleanera do tekstyli\u00f3w tj.: wysok\u0105 si\u0142\u0119 czyszcz\u0105c\u0105, wszechstronne dzia\u0142anie, brak bia\u0142ych osad\u00f3w, bezpiecze\u0144stwo w stosunku do czyszczonych powierzchni i owocowy zapach umilaj\u0105cy prac\u0119.\u00a0<\/p>\n<p>PROPERTIES<\/p>\n<ul>\n<li>Formu\u0142a Textil Pre-spray<\/li>\n<li>Cleans all textile materials<\/li>\n<li>Usuwa zabrudzenia: T\u0142uszczowe, Bia\u0142kowe, Film nikotynowy<\/li>\n<li>Pot\u0119\u017cna si\u0142a czyszcz\u0105ca<\/li>\n<li>Immediate action<\/li>\n<li>Hand bonetting\u00a0<\/li>\n<li>Washing vacuum cleaner<\/li>\n<li>Free from white deposits<\/li>\n<li>Safety in relation to cleaned surfaces<\/li>\n<li>Fruity scent<\/li>\n<li>For AD Studios and Enthusiasts<\/li>\n<\/ul>\n<p>HOW TO USE<\/p>\n<li>Use in a shaded place on a cool surface.<\/li>\n<li>Select the concentration according to the nature of the work.<\/li>\n<li>Sprawd\u017a dzia\u0142anie preparatu w niewidocznym miejscu.<\/li>\n<p>Bonnetting<\/p>\n<ul>\n<li>Nanie\u015b LADY STC RTU na mikrofibr\u0119 i przetrzyj zabrudzon\u0105 powierzchni\u0119 w celu zebrania osad\u00f3w.<\/li>\n<li>Spray the surface with mist and wait up to 10 minutes.<\/li>\n<li>Then, remove the dirt with a brush or proceed directly to wiping the panel with a microfiber cloth.<\/li>\n<\/ul>\n<p>Pranie dwufazowe<\/p>\n<ul>\n<li>Opryskaj LADY STC RTU obszar roboczy.<\/li>\n<li>Wait 5 minutes and proceed to washing the surface manually\/mechanically with a soft brush.<\/li>\n<li>Then, using an extraction vacuum cleaner, rinse all components with clean, warm water.<\/li>\n<\/ul>\n<p>Pranie ekstrakcyjne<\/p>\n<li>Dodaj LADY STC RTU do zbiornika odkurzacza ekstrakcyjnego i opryskaj ca\u0142\u0105 powierzchni\u0119.<\/li>\n<li>Wait up to 10 minutes.<\/li>\n<li>Then, using an extraction vacuum cleaner, rinse all components with clean, warm water.<\/li>\n<p>Odplamianie<\/p>\n<li>Nanie\u015b wi\u0119ksza ilo\u015b\u0107 LADY STC RTU na uporczywe zabrudzenie i odczekaj do 10min.<\/li>\n<li>Then wash the item using your preferred method.<\/li>\n<li>To increase cleaning power, you can use a steam cleaner.<\/li>\n<p>ADDITIONAL RECOMMENDATIONS<\/p>\n<ul>\n<li>Do not freeze.<\/li>\n<li>Shake before use.<\/li>\n<li>Protect from sunlight.<\/li>\n<li>Store in a cool and dry place.<\/li>\n<\/ul>\n<p>Capacity 500 ml<\/p>\n<p>\u00a0<\/p>","protected":false},"excerpt":{"rendered":"<p>Swag LADY TEXTIL CLEANER RTU jest to profesjonalny wielozadaniowy \u015brodek czyszcz\u0105cy materia\u0142y tekstylne. Zosta\u0142 stworzony dla wszystkich Studi\u00f3w Detailingowych i Mi\u0142o\u015bniczek autokosmetyki, kt\u00f3re poszukuj\u0105 skutecznego produktu do czyszczenia tapicerki materia\u0142owej w swoich pojazdach. Swag LADY TEXTIL CLEANER RTU posiada gotow\u0105 do u\u017cycia formu\u0142\u0119 opart\u0105 o wyselekcjonowane, bezpieczne sk\u0142adniki aktywne, kt\u00f3re optymalizuj\u0105 proces czyszczenia, przez natychmiastowe&hellip;&nbsp;<a href=\"https:\/\/liquidmaster.pl\/en\/swag-lady-textil-cleaner-rtu-500ml-wielozadaniowy-srodek-czyszczacy-materialy-tekstylne\/\" rel=\"bookmark\">Read More \u00bb<span class=\"screen-reader-text\">Swag LADY TEXTIL CLEANER RTU 500ml \u2013 multi-purpose textile cleaner<\/span><\/a><\/p>","protected":false},"featured_media":1907660,"comment_status":"open","ping_status":"open","template":"","meta":{"neve_meta_sidebar":"","neve_meta_container":"","neve_meta_enable_content_width":"","neve_meta_content_width":0,"neve_meta_title_alignment":"","neve_meta_author_avatar":"","neve_post_elements_order":"","neve_meta_disable_header":"","neve_meta_disable_footer":"","neve_meta_disable_title":"","_themeisle_gutenberg_block_has_review":false},"product_brand":[],"product_cat":[771,769,768],"product_tag":[],"class_list":{"0":"post-1907658","1":"product","2":"type-product","3":"status-publish","4":"has-post-thumbnail","6":"product_cat-czyszczenie","7":"product_cat-tapicerka-i-dywaniki","8":"product_cat-wnetrze-auta","9":"pa_promocja-promocje","11":"first","12":"instock","13":"taxable","14":"shipping-taxable","15":"purchasable","16":"product-type-simple"},"_links":{"self":[{"href":"https:\/\/liquidmaster.pl\/en\/wp-json\/wp\/v2\/product\/1907658","targetHints":{"allow":["GET"]}}],"collection":[{"href":"https:\/\/liquidmaster.pl\/en\/wp-json\/wp\/v2\/product"}],"about":[{"href":"https:\/\/liquidmaster.pl\/en\/wp-json\/wp\/v2\/types\/product"}],"replies":[{"embeddable":true,"href":"https:\/\/liquidmaster.pl\/en\/wp-json\/wp\/v2\/comments?post=1907658"}],"wp:featuredmedia":[{"embeddable":true,"href":"https:\/\/liquidmaster.pl\/en\/wp-json\/wp\/v2\/media\/1907660"}],"wp:attachment":[{"href":"https:\/\/liquidmaster.pl\/en\/wp-json\/wp\/v2\/media?parent=1907658"}],"wp:term":[{"taxonomy":"product_brand","embeddable":true,"href":"https:\/\/liquidmaster.pl\/en\/wp-json\/wp\/v2\/product_brand?post=1907658"},{"taxonomy":"product_cat","embeddable":true,"href":"https:\/\/liquidmaster.pl\/en\/wp-json\/wp\/v2\/product_cat?post=1907658"},{"taxonomy":"product_tag","embeddable":true,"href":"https:\/\/liquidmaster.pl\/en\/wp-json\/wp\/v2\/product_tag?post=1907658"}],"curies":[{"name":"wp","href":"https:\/\/api.w.org\/{rel}","templated":true}]}}