{"id":1907649,"date":"2025-07-27T14:54:06","date_gmt":"2025-07-27T12:54:06","guid":{"rendered":"https:\/\/liquidmaster.pl\/swag-lady-leather-hydro-protect-500ml-quick-detailer-do-tapicerki-skorzanej\/"},"modified":"2026-04-20T08:31:09","modified_gmt":"2026-04-20T06:31:09","slug":"swag-lady-leather-hydro-protect-500ml-quick-detailer-do-tapicerki-skorzanej","status":"publish","type":"product","link":"https:\/\/liquidmaster.pl\/en\/swag-lady-leather-hydro-protect-500ml-quick-detailer-do-tapicerki-skorzanej\/","title":{"rendered":"Swag LADY LEATHER HYDRO PROTECT 500ml \u2013 quick detailer for leather upholstery"},"content":{"rendered":"<p>Swag LADY LEATHER HYDRO PROTECT+ is a professional Leather Quick Conditioner in spray form.<\/p>\n<p>Designed for the quick care of leather upholstery, it was created for all AD Studios and car care enthusiasts who are looking for a product to preserve vehicle leather elements, providing a satin finish.<\/p>\n<p>The Swag LADY LEATHER HYDRO PROTECT+ formula is based on a hybrid combination of SIO2-based ingredients, which create a flexible protective coating on the leather, thanks to which the surface acquires a hydrophobic effect, the leather grain becomes velvety to the touch and immediately nourished.<\/p>\n<p>Swag LADY LEATHER HYDRO PROTECT+ enhances the visual value of leather upholstery by deepening the color of the grain and affects its protection by leaving a preservative layer.<\/p>\n<p>Swag LADY LEATHER HYDRO PROTECT+ reduces the risk of abrasion on leather upholstery after the first application by reducing friction on its surface and limiting the migration of fluids into the material. This protects the leather surface from degrading external factors.<\/p>\n<p>The liquid formula of Swag LADY LEATHER HYDRO PROTECT+ allows for quick maintenance and is the optimal choice in combination with the prior use of Swag LADY LEATHER CLEANER RTU.<\/p>\n<p>Swag LADY LEATHER HYDRO PROTECT+ has all the attributes of a professional Quick Conditioner, i.e.: quick leather waterproofing, reduced risk of abrasion, hydrophobic effect, barrier against liquids, color nourishment, elegant leather scent and satin finish.<br \/>\n\u00a0<br \/>\nAPPLICATION<\/p>\n<ul>\n<li>Leather upholstery, natural or synthetic, grain and varnished.<\/li>\n<\/ul>\n<p>PROPERTIES<\/p>\n<ul>\n<li>Protection against abrasions<\/li>\n<li>Hydrophobic effect<\/li>\n<li>Nourishes and deepens color<\/li>\n<li>It prevents your face from getting wet<\/li>\n<li>Liquid consistency<\/li>\n<li>Satin finish<\/li>\n<li>High performance<\/li>\n<li>Quick application<\/li>\n<li>An elegant leather fragrance<\/li>\n<li>For Professionals and Enthusiasts\u00a0<\/li>\n<\/ul>\n<p>HOW TO USE<\/p>\n<li>Apply LADY SLHP+ in a shaded place on a cool and clean surface.<\/li>\n<li>Shake the bottle before use.<\/li>\n<li>Apply LADY SLHP+ atomizer to the leather element.<\/li>\n<li>Carefully spread an even layer over the entire element using a sponge applicator.<\/li>\n<li>After application, wait a minute, then gently polish the surface with a microfiber cloth.<\/li>\n<li>*If you have time, after car upholstery care, wait a few minutes as a preventive measure to allow the coating to bond with the leather surface.<\/li>\n<p>ADDITIONAL RECOMMENDATIONS\u00a0<\/p>\n<ul>\n<li>Do not freeze.<\/li>\n<li>Shake before use.<\/li>\n<li>Protect from sunlight.<\/li>\n<li>Store in a cool and dry place.<\/li>\n<\/ul>\n<p>Capacity 500 ml<\/p>\n<p>\u00a0<\/p>","protected":false},"excerpt":{"rendered":"<p>Swag LADY LEATHER HYDRO PROTECT+\u00a0 jest to profesjonalny \u015brodek typu Leather Quick Conditioner w formie sprayu. Przeznaczony do szybkiej piel\u0119gnacji tapicerek sk\u00f3rzanych, zosta\u0142 stworzony dla wszystkich Studi\u00f3w AD i Entuzjastek autokosmetyki, kt\u00f3rzy poszukuj\u0105 produktu do konserwacji element\u00f3w sk\u00f3rzanych pojazdu, zapewniaj\u0105cego satynowe wyko\u0144czenie. Formu\u0142a Swag LADY LEATHER HYDRO PROTECT+ opiera si\u0119 na po\u0142\u0105czeniu hybrydowym sk\u0142adnik\u00f3w opartych&hellip;&nbsp;<a href=\"https:\/\/liquidmaster.pl\/en\/swag-lady-leather-hydro-protect-500ml-quick-detailer-do-tapicerki-skorzanej\/\" rel=\"bookmark\">Read More \u00bb<span class=\"screen-reader-text\">Swag LADY LEATHER HYDRO PROTECT 500ml \u2013 quick detailer for leather upholstery<\/span><\/a><\/p>","protected":false},"featured_media":1907651,"comment_status":"open","ping_status":"open","template":"","meta":{"neve_meta_sidebar":"","neve_meta_container":"","neve_meta_enable_content_width":"","neve_meta_content_width":0,"neve_meta_title_alignment":"","neve_meta_author_avatar":"","neve_post_elements_order":"","neve_meta_disable_header":"","neve_meta_disable_footer":"","neve_meta_disable_title":"","_themeisle_gutenberg_block_has_review":false},"product_brand":[],"product_cat":[855,816,768],"product_tag":[],"class_list":{"0":"post-1907649","1":"product","2":"type-product","3":"status-publish","4":"has-post-thumbnail","6":"product_cat-qd-do-skor","7":"product_cat-tapicerka-skorzana","8":"product_cat-wnetrze-auta","10":"first","11":"instock","12":"taxable","13":"shipping-taxable","14":"purchasable","15":"product-type-simple"},"_links":{"self":[{"href":"https:\/\/liquidmaster.pl\/en\/wp-json\/wp\/v2\/product\/1907649","targetHints":{"allow":["GET"]}}],"collection":[{"href":"https:\/\/liquidmaster.pl\/en\/wp-json\/wp\/v2\/product"}],"about":[{"href":"https:\/\/liquidmaster.pl\/en\/wp-json\/wp\/v2\/types\/product"}],"replies":[{"embeddable":true,"href":"https:\/\/liquidmaster.pl\/en\/wp-json\/wp\/v2\/comments?post=1907649"}],"wp:featuredmedia":[{"embeddable":true,"href":"https:\/\/liquidmaster.pl\/en\/wp-json\/wp\/v2\/media\/1907651"}],"wp:attachment":[{"href":"https:\/\/liquidmaster.pl\/en\/wp-json\/wp\/v2\/media?parent=1907649"}],"wp:term":[{"taxonomy":"product_brand","embeddable":true,"href":"https:\/\/liquidmaster.pl\/en\/wp-json\/wp\/v2\/product_brand?post=1907649"},{"taxonomy":"product_cat","embeddable":true,"href":"https:\/\/liquidmaster.pl\/en\/wp-json\/wp\/v2\/product_cat?post=1907649"},{"taxonomy":"product_tag","embeddable":true,"href":"https:\/\/liquidmaster.pl\/en\/wp-json\/wp\/v2\/product_tag?post=1907649"}],"curies":[{"name":"wp","href":"https:\/\/api.w.org\/{rel}","templated":true}]}}