{"id":1907646,"date":"2025-07-27T14:53:04","date_gmt":"2025-07-27T12:53:04","guid":{"rendered":"https:\/\/liquidmaster.pl\/swag-lady-leather-cleaner-rtu-500ml-produkt-do-czyszczenia-tapicerki-skorzanej\/"},"modified":"2026-04-18T04:49:57","modified_gmt":"2026-04-18T02:49:57","slug":"swag-lady-leather-cleaner-rtu-500ml-produkt-do-czyszczenia-tapicerki-skorzanej","status":"publish","type":"product","link":"https:\/\/liquidmaster.pl\/en\/swag-lady-leather-cleaner-rtu-500ml-produkt-do-czyszczenia-tapicerki-skorzanej\/","title":{"rendered":"Swag LADY LEATHER CLEANER RTU 500ml \u2013 leather upholstery cleaning product"},"content":{"rendered":"<p>Swag LADY LEATHER CLEANER RTU jest to profesjonalny Cleaner do tapicerki sk\u00f3rzanej. Zosta\u0142 stworzony dla Studi\u00f3w AD i Mi\u0142o\u015bniczek autokosmetyki, kt\u00f3re potrzebuj\u0105 skutecznego i bezpiecznego \u015brodka do czyszczenia tapicerek sk\u00f3rzanych &#8211; naturalnych i syntetycznych.<\/p>\n<p>Swag LADY LEATHER CLEANER RTU posiada now\u0105, ulepszon\u0105 formu\u0142\u0119, opart\u0105 o wyselekcjonowane sk\u0142adniki aktywne i elegancki sk\u00f3rzany zapach. \u015arodek umo\u017cliwia utrzymanie element\u00f3w sk\u00f3rzanych pojazdu w nieskazitelnej czysto\u015bci bez ryzyka wysuszenia lica.<\/p>\n<p>Swag LADY LEATHER CLEANER RTU przeznczony jest do sk\u00f3r licowych i lakierowanych w ka\u017cdym kolorze. Do uzyskania g\u0119stej pianki, kt\u00f3ra pozwala na wykorzystanie pe\u0142nego potencja\u0142u produktu, u\u017cyj pianowniczki SWAG FOAMER.<\/p>\n<p>Optymalnie spieniony Swag LADY LEATHER CLEANER RTU nie przemacza sk\u00f3ry i natychmiast odseparowuje uci\u0105\u017cliwe zabrudzenia m.in. t\u0142usty film spowodowany intensywnym u\u017cytkowaniem tapicerki i warunkami atmosferycznymi.\u00a0<\/p>\n<p>Swag LADY LEATHER CLEANER RTU posiada formu\u0142a opart\u0105 o bezpieczne sk\u0142adniki i elegancki sk\u00f3rzanych zapach, a to wszystko w opcji gotowej do u\u017cycia. Optymalne st\u0119\u017cenie \u015brodka wspiera czyszczenie tapicerki sk\u00f3rzanej o ka\u017cdym poziomie zabrudzenia.\u00a0<\/p>\n<p>Swag LADY LEATHER CLEANER RTU jest gotow\u0105 wersj\u0105 Swag LEATHER CLEANER CONCENTRATE. St\u0119\u017cenie pozwala na czyszczenie bardzo brudnej, sk\u00f3rzanej tapicerki. Je\u015bli chcesz u\u017cy\u0107 produktu do bie\u017c\u0105cej piel\u0119gnacji, rozcie\u0144cz Swag LADY LEATHER CLEANER RTU z wod\u0105 w stosunku 1:1. Po wybraniu si\u0142y, sprawd\u017a dzia\u0142anie preparatu w niewidocznym miejscu.\u00a0<\/p>\n<p>PROPERTIES<\/p>\n<ul>\n<li>Cleans natural and synthetic upholstery<\/li>\n<li>Przyjemny sk\u00f3rzany zapach<\/li>\n<li>Ready to use<\/li>\n<li>Safe PH<\/li>\n<li>Optimal effectiveness<\/li>\n<li>Easy to use<\/li>\n<li>Safe for natural skin<\/li>\n<li>A subtle leather scent<\/li>\n<li>High performance<\/li>\n<li>For AD Studios and Enthusiasts<\/li>\n<\/ul>\n<p>HOW TO USE\u00a0<\/p>\n<li>Wybierz st\u0119\u017cenie wedle preferowanego zastosowania.\u00a0<\/li>\n<li>Brudna Tapicerka &#8211; gotowy do u\u017cycia| Bie\u017c\u0105ce czyszczenie 1:1.<\/li>\n<li>Przy u\u017cyciu pianowniczki, na\u0142\u00f3\u017c piank\u0119 na szczoteczk\u0119 i delikatnym pocieraniem, wyczy\u015b\u0107 panel tapicerki sk\u00f3rzanej.\u00a0<\/li>\n<li>Przetrzyj powierzchni\u0119 mikrofibr\u0105, aby zebra\u0107 zabrudzenie i powt\u00f3rz proces czyszczenia.\u00a0<\/li>\n<li>Nast\u0119pnie poczekaj do pe\u0142nego wyschni\u0119cia sk\u00f3ry ok. 1h.<\/li>\n<li>Nast\u0119pnie zakonserwuj sk\u00f3r\u0119 produktem do konserwacji, np.: SWAG LEATHER CONDITIONER CREAM<\/li>\n<p>ADDITIONAL RECOMMENDATIONS\u00a0<\/p>\n<ul>\n<li>Do not freeze.<\/li>\n<li>Shake before use.<\/li>\n<li>Protect from sunlight.<\/li>\n<li>Store in a cool and dry place.<\/li>\n<li>After selecting the concentration, test the effect of the preparation in an inconspicuous place.<\/li>\n<\/ul>\n<p>Capacity 500 ml<\/p>\n<p>\u00a0<\/p>","protected":false},"excerpt":{"rendered":"<p>Swag LADY LEATHER CLEANER RTU jest to profesjonalny Cleaner do tapicerki sk\u00f3rzanej. Zosta\u0142 stworzony dla Studi\u00f3w AD i Mi\u0142o\u015bniczek autokosmetyki, kt\u00f3re potrzebuj\u0105 skutecznego i bezpiecznego \u015brodka do czyszczenia tapicerek sk\u00f3rzanych &#8211; naturalnych i syntetycznych. Swag LADY LEATHER CLEANER RTU posiada now\u0105, ulepszon\u0105 formu\u0142\u0119, opart\u0105 o wyselekcjonowane sk\u0142adniki aktywne i elegancki sk\u00f3rzany zapach. \u015arodek umo\u017cliwia utrzymanie&hellip;&nbsp;<a href=\"https:\/\/liquidmaster.pl\/en\/swag-lady-leather-cleaner-rtu-500ml-produkt-do-czyszczenia-tapicerki-skorzanej\/\" rel=\"bookmark\">Read More \u00bb<span class=\"screen-reader-text\">Swag LADY LEATHER CLEANER RTU 500ml \u2013 leather upholstery cleaning product<\/span><\/a><\/p>","protected":false},"featured_media":1907648,"comment_status":"open","ping_status":"open","template":"","meta":{"neve_meta_sidebar":"","neve_meta_container":"","neve_meta_enable_content_width":"","neve_meta_content_width":0,"neve_meta_title_alignment":"","neve_meta_author_avatar":"","neve_post_elements_order":"","neve_meta_disable_header":"","neve_meta_disable_footer":"","neve_meta_disable_title":"","_themeisle_gutenberg_block_has_review":false},"product_brand":[],"product_cat":[834,816,768],"product_tag":[],"class_list":{"0":"post-1907646","1":"product","2":"type-product","3":"status-publish","4":"has-post-thumbnail","6":"product_cat-czyszczenie-skory","7":"product_cat-tapicerka-skorzana","8":"product_cat-wnetrze-auta","10":"first","11":"instock","12":"taxable","13":"shipping-taxable","14":"purchasable","15":"product-type-simple"},"_links":{"self":[{"href":"https:\/\/liquidmaster.pl\/en\/wp-json\/wp\/v2\/product\/1907646","targetHints":{"allow":["GET"]}}],"collection":[{"href":"https:\/\/liquidmaster.pl\/en\/wp-json\/wp\/v2\/product"}],"about":[{"href":"https:\/\/liquidmaster.pl\/en\/wp-json\/wp\/v2\/types\/product"}],"replies":[{"embeddable":true,"href":"https:\/\/liquidmaster.pl\/en\/wp-json\/wp\/v2\/comments?post=1907646"}],"wp:featuredmedia":[{"embeddable":true,"href":"https:\/\/liquidmaster.pl\/en\/wp-json\/wp\/v2\/media\/1907648"}],"wp:attachment":[{"href":"https:\/\/liquidmaster.pl\/en\/wp-json\/wp\/v2\/media?parent=1907646"}],"wp:term":[{"taxonomy":"product_brand","embeddable":true,"href":"https:\/\/liquidmaster.pl\/en\/wp-json\/wp\/v2\/product_brand?post=1907646"},{"taxonomy":"product_cat","embeddable":true,"href":"https:\/\/liquidmaster.pl\/en\/wp-json\/wp\/v2\/product_cat?post=1907646"},{"taxonomy":"product_tag","embeddable":true,"href":"https:\/\/liquidmaster.pl\/en\/wp-json\/wp\/v2\/product_tag?post=1907646"}],"curies":[{"name":"wp","href":"https:\/\/api.w.org\/{rel}","templated":true}]}}