{"id":1907643,"date":"2025-07-27T14:52:05","date_gmt":"2025-07-27T12:52:05","guid":{"rendered":"https:\/\/liquidmaster.pl\/swag-lady-interior-dressing-cream-satine-500ml-dressing-do-wnetrza-z-satynowym-wykonczeniem\/"},"modified":"2026-04-19T03:38:11","modified_gmt":"2026-04-19T01:38:11","slug":"swag-lady-interior-dressing-cream-satine-500ml-dressing-do-wnetrza-z-satynowym-wykonczeniem","status":"publish","type":"product","link":"https:\/\/liquidmaster.pl\/en\/swag-lady-interior-dressing-cream-satine-500ml-dressing-do-wnetrza-z-satynowym-wykonczeniem\/","title":{"rendered":"Swag LADY INTERIOR DRESSING CREAM SATINE 500ml \u2013 interior dressing with a satin finish"},"content":{"rendered":"<p>Swag LADY INTEROR DRESSING CREAM SATINE+ jest to profesjonalny, hydrofobowy dressing o nowej kremowej formule do konserwacji wewn\u0119trznych element\u00f3w pojazdu, wykonanych z tworzyw sztucznych i gumy. Zosta\u0142 stworzony dla Studi\u00f3w Detailingowych i mi\u0142o\u015bniczek autokosmetyki, kt\u00f3re poszukuj\u0105 skutecznego \u015brodka do zabezpieczenia powierzchni kokpitu, boczk\u00f3w drzwi, s\u0142upk\u00f3w, listew wyka\u0144czaj\u0105cych i uszczelek gumowych, przed negatywnymi czynnikami degraduj\u0105cymi.<\/p>\n<p>\nSwag LADY INTEROR DRESSING CREAM SATINE+ bazuje na polimerowej formule, kt\u00f3ra tworzy hydrofobow\u0105 warstw\u0119 ochronn\u0105. Dressing zabezpiecza materia\u0142y gumowe, winylowe i plastikowe przed skutkami intensywnej eksploatacji i promieniowaniem UV.<\/p>\n<p>Funkcja hydrofobowa Swag LADY INTEROR DRESSING CREAM SATINE+ u\u0142atwia piel\u0119gnacj\u0119 wn\u0119trza pojazdu, przez utrudnienie zabrudzeniom przywierania do konserwowanej powierzchni. Dressing zapewnia najwy\u017csze walory wizualne w postaci wyr\u00f3wnania i pog\u0142\u0119bienia kolorytu konserwowanych element\u00f3w, pozostawiaj\u0105c satynowe wyko\u0144czenie.<\/p>\n<p>Swag LADY INTEROR DRESSING CREAM SATINE+ posiada winogronow\u0105 nut\u0119 zapachow\u0105, kt\u00f3ra uprzyjemnia aplikacj\u0119 i subtelnie aromatyzuje wn\u0119trze pojazdu. Forma produktu w postaci emulsji optymalizuje proces konserwacji, u\u0142atwiaj\u0105c szybk\u0105 i dok\u0142adn\u0105 aplikacj\u0119 dressingu na ka\u017cdym elemencie.<\/p>\n<p>Swag LADY INTEROR DRESSING CREAM SATINE+ posiada wszystkie atrybuty profesjonalnego Interior dressingu tj.: wysoka wydajno\u015b\u0107, szybka aplikacja, d\u0142ugi czas ochrony, aromatyczny zapach winogrona umila u\u017cytkowanie, efekt hydrofobowo\u015bci i spot\u0119gowanie walor\u00f3w wizualnych.<\/p>\n<p>PROPERTIES<\/p>\n<ul>\n<li>Hydrophobic protective coating<\/li>\n<li>Satin finish<\/li>\n<li>Does not leave a greasy residue<\/li>\n<li>Evens out and deepens the color<\/li>\n<li>D\u0142ugodystansowa ochrona<\/li>\n<li>Elementy plastikowe i gumowe<\/li>\n<li>Protects against degradation and UV<\/li>\n<li>Kremowa struktura<\/li>\n<li>Quick and easy application<\/li>\n<li>High performance<\/li>\n<li>Przyjemny zapach s\u0142odkich winogron<\/li>\n<li>For AD Studios and Enthusiasts<\/li>\n<\/ul>\n<p>HOW TO USE<\/p>\n<li>LADY SIDCS+ aplikuj w zacienionym miejscu na ch\u0142odnej i czystej powierzchni.<\/li>\n<li>Shake the bottle before use.<\/li>\n<li>Na\u0142\u00f3\u017c niewielk\u0105 ilo\u015b\u0107 LADY SIDCS+ na aplikator g\u0105bkowy.<\/li>\n<li>Spread an even layer over the entire element.<\/li>\n<li>Je\u017celi powierzchnia jest zniszczona i po aplikacji wydaje si\u0119 sucha, na\u0142\u00f3\u017c produkt raz jeszcze.<\/li>\n<li>Po aplikacji odczekaj do 5 min.<\/li>\n<li>Ewentualny nadmiar mo\u017cesz zebra\u0107 mikrofibr\u0105.<\/li>\n<p>ADDITIONAL RECOMMENDATIONS<\/p>\n<ul>\n<li>Do not freeze.<\/li>\n<li>Shake before use.<\/li>\n<li>Protect from sunlight.<\/li>\n<li>Store in a cool and dry place.<\/li>\n<\/ul>\n<p>Capacity 500 ml<\/p>","protected":false},"excerpt":{"rendered":"<p>Swag LADY INTEROR DRESSING CREAM SATINE+ jest to profesjonalny, hydrofobowy dressing o nowej kremowej formule do konserwacji wewn\u0119trznych element\u00f3w pojazdu, wykonanych z tworzyw sztucznych i gumy. Zosta\u0142 stworzony dla Studi\u00f3w Detailingowych i mi\u0142o\u015bniczek autokosmetyki, kt\u00f3re poszukuj\u0105 skutecznego \u015brodka do zabezpieczenia powierzchni kokpitu, boczk\u00f3w drzwi, s\u0142upk\u00f3w, listew wyka\u0144czaj\u0105cych i uszczelek gumowych, przed negatywnymi czynnikami degraduj\u0105cymi. Swag&hellip;&nbsp;<a href=\"https:\/\/liquidmaster.pl\/en\/swag-lady-interior-dressing-cream-satine-500ml-dressing-do-wnetrza-z-satynowym-wykonczeniem\/\" rel=\"bookmark\">Read More \u00bb<span class=\"screen-reader-text\">Swag LADY INTERIOR DRESSING CREAM SATINE 500ml \u2013 interior dressing with a satin finish<\/span><\/a><\/p>","protected":false},"featured_media":1907645,"comment_status":"open","ping_status":"open","template":"","meta":{"neve_meta_sidebar":"","neve_meta_container":"","neve_meta_enable_content_width":"","neve_meta_content_width":0,"neve_meta_title_alignment":"","neve_meta_author_avatar":"","neve_post_elements_order":"","neve_meta_disable_header":"","neve_meta_disable_footer":"","neve_meta_disable_title":"","_themeisle_gutenberg_block_has_review":false},"product_brand":[],"product_cat":[796,795,768],"product_tag":[],"class_list":{"0":"post-1907643","1":"product","2":"type-product","3":"status-publish","4":"has-post-thumbnail","6":"product_cat-ochrona-plastikow-wewnetrznych","7":"product_cat-plastiki-wewnetrzne","8":"product_cat-wnetrze-auta","9":"pa_promocja-promocje","11":"first","12":"instock","13":"taxable","14":"shipping-taxable","15":"purchasable","16":"product-type-simple"},"_links":{"self":[{"href":"https:\/\/liquidmaster.pl\/en\/wp-json\/wp\/v2\/product\/1907643","targetHints":{"allow":["GET"]}}],"collection":[{"href":"https:\/\/liquidmaster.pl\/en\/wp-json\/wp\/v2\/product"}],"about":[{"href":"https:\/\/liquidmaster.pl\/en\/wp-json\/wp\/v2\/types\/product"}],"replies":[{"embeddable":true,"href":"https:\/\/liquidmaster.pl\/en\/wp-json\/wp\/v2\/comments?post=1907643"}],"wp:featuredmedia":[{"embeddable":true,"href":"https:\/\/liquidmaster.pl\/en\/wp-json\/wp\/v2\/media\/1907645"}],"wp:attachment":[{"href":"https:\/\/liquidmaster.pl\/en\/wp-json\/wp\/v2\/media?parent=1907643"}],"wp:term":[{"taxonomy":"product_brand","embeddable":true,"href":"https:\/\/liquidmaster.pl\/en\/wp-json\/wp\/v2\/product_brand?post=1907643"},{"taxonomy":"product_cat","embeddable":true,"href":"https:\/\/liquidmaster.pl\/en\/wp-json\/wp\/v2\/product_cat?post=1907643"},{"taxonomy":"product_tag","embeddable":true,"href":"https:\/\/liquidmaster.pl\/en\/wp-json\/wp\/v2\/product_tag?post=1907643"}],"curies":[{"name":"wp","href":"https:\/\/api.w.org\/{rel}","templated":true}]}}