{"id":1907634,"date":"2025-07-27T14:49:04","date_gmt":"2025-07-27T12:49:04","guid":{"rendered":"https:\/\/liquidmaster.pl\/swag-lady-glass-cleaner-500ml-preparat-do-czyszczenia-powierzchni-szklanych\/"},"modified":"2026-04-18T04:49:56","modified_gmt":"2026-04-18T02:49:56","slug":"swag-lady-glass-cleaner-500ml-preparat-do-czyszczenia-powierzchni-szklanych","status":"publish","type":"product","link":"https:\/\/liquidmaster.pl\/en\/swag-lady-glass-cleaner-500ml-preparat-do-czyszczenia-powierzchni-szklanych\/","title":{"rendered":"Swag LADY GLASS CLEANER 500ml \u2013 glass cleaning agent"},"content":{"rendered":"<p>Swag Lady Glass Cleaner jest to profesjonalny Cleaner do czyszczenia powierzchni szklanych. Stworzony zosta\u0142 dla wszystkich Studi\u00f3w Detailingowych i Entuzjastek autokosmetyki, kt\u00f3re poszukuj\u0105 skutecznego i bezpiecznego produktu do czyszczenia oszklenia pojazd\u00f3w, a tak\u017ce newralgicznych miejsc w jego wn\u0119trzu np. kratek nawiew\u00f3w.<\/p>\n<p>Swag Lady Glass Cleaner posiada silnie odt\u0142uszczaj\u0105c\u0105 formu\u0142\u0119 opart\u0105 o wyselekcjonowane sk\u0142adniki, kt\u00f3re optymalizuj\u0105 proces czyszczenia szyb przez odseparowanie uci\u0105\u017cliwych zabrudze\u0144. \u015arodek w trakcie czyszczenia natychmiastowo odparowuje i pozostawia krystaliczn\u0105 tafl\u0119 szk\u0142a bez uporczywych smug.<\/p>\n<p>Swag Lady Glass Cleaner przeznaczony jest do kompleksowej piel\u0119gnacji szyb i lusterek wewn\u0105trz i na zewn\u0105trz pojazdu, a tak\u017ce element\u00f3w z tworzyw sztucznych tj.: ekrany nawigacji, szyby licznik\u00f3w, kokpit i listwy ozdobne.<\/p>\n<p>Swag Lady Glass Cleaner\u00a0 posiada wszystkie atrybuty profesjonalnego Glass Cleanera tj.: wysoka wydajno\u015b\u0107, optymalna si\u0142a, szybkie odparowanie, brak smug, wszechstronne dzia\u0142anie, bezpiecze\u0144stwo w stosunku do czyszczonych powierzchni i orze\u017awiaj\u0105cy zapach coli.\u00a0<\/p>\n<p>PROPERTIES\u00a0<\/p>\n<ul>\n<li>Formula for glass and plastics<\/li>\n<li>Cleans the cockpit, screens and interior trim.<\/li>\n<li>Provides degreasing properties<\/li>\n<li>Crystalline, streak-free finish\u00a0<\/li>\n<li>Fast evaporation<\/li>\n<li>Extreme effectiveness<\/li>\n<li>Safe for surfaces<\/li>\n<li>Fruity scent<\/li>\n<li>Highly efficient<\/li>\n<li>For AD Studios and Enthusiasts<\/li>\n<\/ul>\n<p>HOW TO USE<\/p>\n<li>LADY SGC u\u017cywaj w zacienionym miejscu na ch\u0142odnej powierzchni.<\/li>\n<li>Shake the bottle before application.<\/li>\n<p>GLASS AND SMOOTH PLASTIC\u00a0<\/p>\n<li>Nanie\u015b LADY SGC na mikrofibr\u0119 dedykowan\u0105 do piel\u0119gnacji szk\u0142a.<\/li>\n<li>Wipe the surface to be cleaned.<\/li>\n<li>Wipe dry with a second microfiber cloth.<\/li>\n<li>In case of stubborn dirt, repeat the process.<\/li>\n<p>COCKPIT<\/p>\n<li>Nanie\u015b LADY SGC na mikrofibr\u0119.<\/li>\n<li>Wipe the surface to remove any dirt.<\/li>\n<li>In the case of hard-to-reach places, e.g. crevices, spray the work area with a mist, then loosen the dirt with a soft brush.<\/li>\n<li>U\u017cyj spr\u0119\u017conego powietrza w celu przyspieszenia odparowania LADY SGC.<\/li>\n<p>ADDITIONAL RECOMMENDATIONS\u00a0<\/p>\n<ul>\n<li>Do not freeze.<\/li>\n<li>Shake before use.<\/li>\n<li>Protect from sunlight.<\/li>\n<li>Store in a cool and dry place.<\/li>\n<\/ul>\n<p>Capacity 500 ml<\/p>\n<p>\u00a0<\/p>","protected":false},"excerpt":{"rendered":"<p>Swag Lady Glass Cleaner jest to profesjonalny Cleaner do czyszczenia powierzchni szklanych. Stworzony zosta\u0142 dla wszystkich Studi\u00f3w Detailingowych i Entuzjastek autokosmetyki, kt\u00f3re poszukuj\u0105 skutecznego i bezpiecznego produktu do czyszczenia oszklenia pojazd\u00f3w, a tak\u017ce newralgicznych miejsc w jego wn\u0119trzu np. kratek nawiew\u00f3w. Swag Lady Glass Cleaner posiada silnie odt\u0142uszczaj\u0105c\u0105 formu\u0142\u0119 opart\u0105 o wyselekcjonowane sk\u0142adniki, kt\u00f3re optymalizuj\u0105&hellip;&nbsp;<a href=\"https:\/\/liquidmaster.pl\/en\/swag-lady-glass-cleaner-500ml-preparat-do-czyszczenia-powierzchni-szklanych\/\" rel=\"bookmark\">Read More \u00bb<span class=\"screen-reader-text\">Swag LADY GLASS CLEANER 500ml \u2013 glass cleaning agent<\/span><\/a><\/p>","protected":false},"featured_media":1907636,"comment_status":"open","ping_status":"open","template":"","meta":{"neve_meta_sidebar":"","neve_meta_container":"","neve_meta_enable_content_width":"","neve_meta_content_width":0,"neve_meta_title_alignment":"","neve_meta_author_avatar":"","neve_post_elements_order":"","neve_meta_disable_header":"","neve_meta_disable_footer":"","neve_meta_disable_title":"","_themeisle_gutenberg_block_has_review":false},"product_brand":[],"product_cat":[733,774,773],"product_tag":[],"class_list":{"0":"post-1907634","1":"product","2":"type-product","3":"status-publish","4":"has-post-thumbnail","6":"product_cat-na-zewnatrz","7":"product_cat-plyny-do-szyb","8":"product_cat-szyby","10":"first","11":"instock","12":"taxable","13":"shipping-taxable","14":"purchasable","15":"product-type-simple"},"_links":{"self":[{"href":"https:\/\/liquidmaster.pl\/en\/wp-json\/wp\/v2\/product\/1907634","targetHints":{"allow":["GET"]}}],"collection":[{"href":"https:\/\/liquidmaster.pl\/en\/wp-json\/wp\/v2\/product"}],"about":[{"href":"https:\/\/liquidmaster.pl\/en\/wp-json\/wp\/v2\/types\/product"}],"replies":[{"embeddable":true,"href":"https:\/\/liquidmaster.pl\/en\/wp-json\/wp\/v2\/comments?post=1907634"}],"wp:featuredmedia":[{"embeddable":true,"href":"https:\/\/liquidmaster.pl\/en\/wp-json\/wp\/v2\/media\/1907636"}],"wp:attachment":[{"href":"https:\/\/liquidmaster.pl\/en\/wp-json\/wp\/v2\/media?parent=1907634"}],"wp:term":[{"taxonomy":"product_brand","embeddable":true,"href":"https:\/\/liquidmaster.pl\/en\/wp-json\/wp\/v2\/product_brand?post=1907634"},{"taxonomy":"product_cat","embeddable":true,"href":"https:\/\/liquidmaster.pl\/en\/wp-json\/wp\/v2\/product_cat?post=1907634"},{"taxonomy":"product_tag","embeddable":true,"href":"https:\/\/liquidmaster.pl\/en\/wp-json\/wp\/v2\/product_tag?post=1907634"}],"curies":[{"name":"wp","href":"https:\/\/api.w.org\/{rel}","templated":true}]}}