{"id":1907631,"date":"2025-07-27T14:48:06","date_gmt":"2025-07-27T12:48:06","guid":{"rendered":"https:\/\/liquidmaster.pl\/swag-lady-exterior-plastic-tire-dressing-gel-250ml-dressing-do-opon-i-plastikow-zewnetrznych\/"},"modified":"2026-04-20T08:31:06","modified_gmt":"2026-04-20T06:31:06","slug":"swag-lady-exterior-plastic-tire-dressing-gel-250ml-dressing-do-opon-i-plastikow-zewnetrznych","status":"publish","type":"product","link":"https:\/\/liquidmaster.pl\/en\/swag-lady-exterior-plastic-tire-dressing-gel-250ml-dressing-do-opon-i-plastikow-zewnetrznych\/","title":{"rendered":"Swag LADY EXTERIOR PLASTIC TIRE DRESSING Gel 250ml \u2013 dressing for tires and external plastics"},"content":{"rendered":"<p>Swag LADY EXTERIOR PLASTIC TIRE DRESSING Gel+ jest to profesjonalny hydrofobowy dressing do konserwacji element\u00f3w zewn\u0119trznych pojazdu wykonanych z tworzyw sztucznych i gumy. Ten wyj\u0105tkowy Dressing stworzyli\u015bmy dla wszystkich Studi\u00f3w Detailngowych i Mi\u0142o\u015bniczek autokosmetyki, kt\u00f3re poszukuj\u0105 skutecznego \u015brodka do zabezpieczenia powierzchni opon i element\u00f3w plastikowych karoserii przed negatywnymi czynnikami zewn\u0119trznymi.<\/p>\n<p>Swag LADY EXTERIOR PLASTIC TIRE DRESSING Gel+ bazuje na g\u0142\u0119boko penetruj\u0105cej formule, kt\u00f3ra tworzy przezroczyst\u0105 hydrofobow\u0105 warstw\u0119 ochronn\u0105. Dressing zabezpiecza materia\u0142y gumowe, winylowe i plastikowe przed degraduj\u0105cymi czynnikami zewn\u0119trznymi tj.: s\u00f3l drogowa i promieniowanie UV. Funkcja hydrofobowa pow\u0142oki Swag LADY EXTERIOR PLASTIC TIRE DRESSING Gel+ u\u0142atwia piel\u0119gnacj\u0119 pojazdu przez utrudnienie zabrudzeniom przywierania do konserwowanej powierzchni. Dressing zapewnia najwy\u017csze walory wizualne w postaci wyr\u00f3wnania i pog\u0142\u0119bienia kolorytu konserwowanych element\u00f3w, pozostawiaj\u0105c satynowe wyko\u0144czenie. P\u0142ynna forma produktu umo\u017cliwia szybk\u0105 i dok\u0142adn\u0105 aplikacj\u0119 r\u0119czn\u0105, jak r\u00f3wnie\u017c za pomoc\u0105 oprysku, kt\u00f3ry jest szczeg\u00f3lnie przydatny w ci\u0119\u017cko dost\u0119pnych miejscach.<\/p>\n<p>Swag LADY EXTERIOR PLASTIC TIRE DRESSING Gel+ posiada wszystkiego atrybuty profesjonalnego Dressingu do element\u00f3w z tworzyw sztucznych tj.: wysoka wydajno\u015b\u0107, szybka aplikacja, d\u0142ugi czas ochrony, efekt hydrofobowo\u015bci i spot\u0119gowanie walor\u00f3w wizualnych.<\/p>\n<p>PROPERTIES<\/p>\n<ul>\n<li>Formu\u0142a polymer protect<\/li>\n<li>Hydrophobic protective coating<\/li>\n<li>Satin finish<\/li>\n<li>Does not leave a greasy residue<\/li>\n<li>Evens out and deepens the color<\/li>\n<li>D\u0142ugodystansowa ochrona<\/li>\n<li>Elementy gumowe i plastikowe<\/li>\n<li>Quick and easy application<\/li>\n<li>\u017belowa konsystencja\u00a0<\/li>\n<li>High performance<\/li>\n<li>Nice smell<\/li>\n<li>Dla profesjonalist\u00f3w i Entuzjastek<\/li>\n<\/ul>\n<p>HOW TO USE<\/p>\n<li>LADY SEPTDG+ aplikuj w zacienionym miejscu na ch\u0142odnej i czystej powierzchni.<\/li>\n<li>Przed u\u017cyciem wstrz\u0105\u015bnij butelk\u0105<\/li>\n<li>Na\u0142\u00f3\u017c niewielk\u0105 ilo\u015b\u0107 LADY SEPTDG+ na aplikator g\u0105bkowy.<\/li>\n<li>Spread an even layer over the entire element.<\/li>\n<li>Je\u017celi powierzchnia jest zdegradowana i po aplikacji wydaje si\u0119 sucha, na\u0142\u00f3\u017c produkt raz jeszcze.<\/li>\n<li>Odczekaj po aplikacji do 15 min.<\/li>\n<li>Ewentualnie nadmiar mo\u017cesz zebra\u0107 mikrofibr\u0105.<\/li>\n<p>ADDITIONAL RECOMMENDATIONS\u00a0<\/p>\n<ul>\n<li>Do not freeze.<\/li>\n<li>Shake before use.<\/li>\n<li>Protect from sunlight.<\/li>\n<li>Store in a cool and dry place.<\/li>\n<\/ul>\n<p>Capacity 250 ml<\/p>\n<p>\u00a0<\/p>","protected":false},"excerpt":{"rendered":"<p>Swag LADY EXTERIOR PLASTIC TIRE DRESSING Gel+ jest to profesjonalny hydrofobowy dressing do konserwacji element\u00f3w zewn\u0119trznych pojazdu wykonanych z tworzyw sztucznych i gumy. Ten wyj\u0105tkowy Dressing stworzyli\u015bmy dla wszystkich Studi\u00f3w Detailngowych i Mi\u0142o\u015bniczek autokosmetyki, kt\u00f3re poszukuj\u0105 skutecznego \u015brodka do zabezpieczenia powierzchni opon i element\u00f3w plastikowych karoserii przed negatywnymi czynnikami zewn\u0119trznymi. Swag LADY EXTERIOR PLASTIC TIRE&hellip;&nbsp;<a href=\"https:\/\/liquidmaster.pl\/en\/swag-lady-exterior-plastic-tire-dressing-gel-250ml-dressing-do-opon-i-plastikow-zewnetrznych\/\" rel=\"bookmark\">Read More \u00bb<span class=\"screen-reader-text\">Swag LADY EXTERIOR PLASTIC TIRE DRESSING Gel 250ml \u2013 dressing for tires and external plastics<\/span><\/a><\/p>","protected":false},"featured_media":1907633,"comment_status":"open","ping_status":"open","template":"","meta":{"neve_meta_sidebar":"","neve_meta_container":"","neve_meta_enable_content_width":"","neve_meta_content_width":0,"neve_meta_title_alignment":"","neve_meta_author_avatar":"","neve_post_elements_order":"","neve_meta_disable_header":"","neve_meta_disable_footer":"","neve_meta_disable_title":"","_themeisle_gutenberg_block_has_review":false},"product_brand":[],"product_cat":[765,745,733],"product_tag":[],"class_list":{"0":"post-1907631","1":"product","2":"type-product","3":"status-publish","4":"has-post-thumbnail","6":"product_cat-dressingi","7":"product_cat-kola-i-opony","8":"product_cat-na-zewnatrz","10":"first","11":"instock","12":"taxable","13":"shipping-taxable","14":"purchasable","15":"product-type-simple"},"_links":{"self":[{"href":"https:\/\/liquidmaster.pl\/en\/wp-json\/wp\/v2\/product\/1907631","targetHints":{"allow":["GET"]}}],"collection":[{"href":"https:\/\/liquidmaster.pl\/en\/wp-json\/wp\/v2\/product"}],"about":[{"href":"https:\/\/liquidmaster.pl\/en\/wp-json\/wp\/v2\/types\/product"}],"replies":[{"embeddable":true,"href":"https:\/\/liquidmaster.pl\/en\/wp-json\/wp\/v2\/comments?post=1907631"}],"wp:featuredmedia":[{"embeddable":true,"href":"https:\/\/liquidmaster.pl\/en\/wp-json\/wp\/v2\/media\/1907633"}],"wp:attachment":[{"href":"https:\/\/liquidmaster.pl\/en\/wp-json\/wp\/v2\/media?parent=1907631"}],"wp:term":[{"taxonomy":"product_brand","embeddable":true,"href":"https:\/\/liquidmaster.pl\/en\/wp-json\/wp\/v2\/product_brand?post=1907631"},{"taxonomy":"product_cat","embeddable":true,"href":"https:\/\/liquidmaster.pl\/en\/wp-json\/wp\/v2\/product_cat?post=1907631"},{"taxonomy":"product_tag","embeddable":true,"href":"https:\/\/liquidmaster.pl\/en\/wp-json\/wp\/v2\/product_tag?post=1907631"}],"curies":[{"name":"wp","href":"https:\/\/api.w.org\/{rel}","templated":true}]}}