{"id":1907607,"date":"2025-07-27T14:39:04","date_gmt":"2025-07-27T12:39:04","guid":{"rendered":"https:\/\/liquidmaster.pl\/swag-hydrophobic-quick-detailer-250ml-quick-detailer-do-lakieru\/"},"modified":"2026-04-18T04:49:51","modified_gmt":"2026-04-18T02:49:51","slug":"swag-hydrophobic-quick-detailer-250ml-quick-detailer-do-lakieru","status":"publish","type":"product","link":"https:\/\/liquidmaster.pl\/en\/swag-hydrophobic-quick-detailer-250ml-quick-detailer-do-lakieru\/","title":{"rendered":"Swag HYDROPHOBIC QUICK DETAILER 250ml \u2013 quick paint detailer"},"content":{"rendered":"<p>Swag HYDROPHOBIC QUICK DETAILER+ is a liquid sealant designed to preserve painted, metal, and plastic parts in a convenient, quick detailer format. This product was created for detailing studios and car care enthusiasts who primarily need to quickly improve the &quot;visual condition&quot; of their vehicle.<\/p>\n<p>Swag HYDROPHOBIC QUICK DETAILER+ is based on synthetic polymer compounds, which give the paint a &quot;wet look&quot; by increasing the depth, glassiness, and shine of the bodywork. After application, the surface becomes sensorially more slippery and smooth.<\/p>\n<p>The product&#039;s formula is the essence of a liquid, synthetic wax and the best choice for ongoing vehicle care. The sprayer allows for unparalleled ease of application.<\/p>\n<p>Swag HYDROPHOBIC QUICK DETAILER+ creates a protective layer with hydrophobic properties that break down the water film and prevent dirt from settling on the paintwork. We recommend using this product after hand washing your vehicle. For touchless washing, use our SWAG HYDRO COAT.<\/p>\n<p>PROPERTIES\u00a0<\/p>\n<ul>\n<li>Instant hydrophobic effect\u00a0<\/li>\n<li>Easy and quick maintenance<\/li>\n<li>Enhances the depth and shine of the paint<\/li>\n<li>Makes the surface slippery<\/li>\n<li>Wet look effect<\/li>\n<li>Increases the shine of the paintwork<\/li>\n<li>Supports waxes and coatings<\/li>\n<li>Protects every surface<\/li>\n<li>Increases the safety of hand washing<\/li>\n<li>High performance<\/li>\n<li>For Ad Studios and Enthusiasts<\/li>\n<li>\u00a0Fruity scent<\/li>\n<\/ul>\n<p>HOW TO USE<\/p>\n<li>Apply SHQD+ in a shaded place on a cool and clean surface.<\/li>\n<li>Apply the product to the applicator and spread it evenly, or spray it directly onto the element with an atomizer and spread it with a microfiber cloth.<\/li>\n<li>Wait about 1 minute.<\/li>\n<li>Polish the surface with a heavy-duty microfiber cloth.<\/li>\n<li>If you notice difficulty in reaching, use a new microfiber.<\/li>\n<li>Then proceed to apply on the remaining items.<\/li>\n<p>ADDITIONAL RECOMMENDATIONS<\/p>\n<ul>\n<li>Do not freeze.<\/li>\n<li>Shake before use.<\/li>\n<li>Protect from sunlight.<\/li>\n<li>Store in a cool and dry place.<\/li>\n<\/ul>\n<p>Capacity 250 ml<\/p>","protected":false},"excerpt":{"rendered":"<p>Swag HYDROPHOBIC QUICK DETAILER+ jest to p\u0142ynny sealant przeznaczony do konserwacji element\u00f3w lakierowanych, metalowych i plastikowych w postaci wygodnego w u\u017cyciu quick detailer\u2019a. \u015arodek zosta\u0142 stworzony dla Studi\u00f3w Detailingowych i Entuzjast\u00f3w autokosmetyki, kt\u00f3rzy potrzebuj\u0105 przede wszystkim szybko poprawi\u0107 &#8221;kondycj\u0119 wizualn\u0105\u201d pojazdu. Swag HYDROPHOBIC QUICK DETAILER+ opiera si\u0119 na zwi\u0105zkach syntetycznych polimer\u00f3w, dzi\u0119ki czemu optycznie lakier&hellip;&nbsp;<a href=\"https:\/\/liquidmaster.pl\/en\/swag-hydrophobic-quick-detailer-250ml-quick-detailer-do-lakieru\/\" rel=\"bookmark\">Read More \u00bb<span class=\"screen-reader-text\">Swag HYDROPHOBIC QUICK DETAILER 250ml \u2013 quick paint detailer<\/span><\/a><\/p>","protected":false},"featured_media":1907609,"comment_status":"open","ping_status":"open","template":"","meta":{"neve_meta_sidebar":"","neve_meta_container":"","neve_meta_enable_content_width":"","neve_meta_content_width":0,"neve_meta_title_alignment":"","neve_meta_author_avatar":"","neve_post_elements_order":"","neve_meta_disable_header":"","neve_meta_disable_footer":"","neve_meta_disable_title":"","_themeisle_gutenberg_block_has_review":false},"product_brand":[],"product_cat":[733,766,767],"product_tag":[],"class_list":{"0":"post-1907607","1":"product","2":"type-product","3":"status-publish","4":"has-post-thumbnail","6":"product_cat-na-zewnatrz","7":"product_cat-ochrona-lakieru","8":"product_cat-quick-detailery","10":"first","11":"instock","12":"taxable","13":"shipping-taxable","14":"purchasable","15":"product-type-simple"},"_links":{"self":[{"href":"https:\/\/liquidmaster.pl\/en\/wp-json\/wp\/v2\/product\/1907607","targetHints":{"allow":["GET"]}}],"collection":[{"href":"https:\/\/liquidmaster.pl\/en\/wp-json\/wp\/v2\/product"}],"about":[{"href":"https:\/\/liquidmaster.pl\/en\/wp-json\/wp\/v2\/types\/product"}],"replies":[{"embeddable":true,"href":"https:\/\/liquidmaster.pl\/en\/wp-json\/wp\/v2\/comments?post=1907607"}],"wp:featuredmedia":[{"embeddable":true,"href":"https:\/\/liquidmaster.pl\/en\/wp-json\/wp\/v2\/media\/1907609"}],"wp:attachment":[{"href":"https:\/\/liquidmaster.pl\/en\/wp-json\/wp\/v2\/media?parent=1907607"}],"wp:term":[{"taxonomy":"product_brand","embeddable":true,"href":"https:\/\/liquidmaster.pl\/en\/wp-json\/wp\/v2\/product_brand?post=1907607"},{"taxonomy":"product_cat","embeddable":true,"href":"https:\/\/liquidmaster.pl\/en\/wp-json\/wp\/v2\/product_cat?post=1907607"},{"taxonomy":"product_tag","embeddable":true,"href":"https:\/\/liquidmaster.pl\/en\/wp-json\/wp\/v2\/product_tag?post=1907607"}],"curies":[{"name":"wp","href":"https:\/\/api.w.org\/{rel}","templated":true}]}}