{"id":1907598,"date":"2025-07-27T14:35:03","date_gmt":"2025-07-27T12:35:03","guid":{"rendered":"https:\/\/liquidmaster.pl\/swag-hydrophobic-interior-detailer-250ml-hydrofobowy-detailer-do-wnetrza\/"},"modified":"2026-04-18T04:49:50","modified_gmt":"2026-04-18T02:49:50","slug":"swag-hydrophobic-interior-detailer-250ml-hydrofobowy-detailer-do-wnetrza","status":"publish","type":"product","link":"https:\/\/liquidmaster.pl\/en\/swag-hydrophobic-interior-detailer-250ml-hydrofobowy-detailer-do-wnetrza\/","title":{"rendered":"Swag HYDROPHOBIC INTERIOR DETAILER 250ml \u2013 hydrophobic interior detailer"},"content":{"rendered":"<p>Swag HYDROPHOBIC INTERIOR DETAILER+ is a professional, hydrophobic interior detailer for quick care of vehicle interior parts made of plastic and rubber. It was created for car professionals and enthusiasts who are looking for an effective solution that combines ongoing care and protection of the cockpit, door panels, pillars, trim strips, and rubber seals against negative degradation factors in one step.<\/p>\n<p>Swag HYDROPHOBIC INTERIOR DETAILER+ is based on a formula combining advanced polymers that create a hydrophobic protective layer. Interior Detailer has gentle cleaning properties while maintaining its primary function of preserving rubber, vinyl, and plastic materials from the effects of intensive use and UV radiation. The hydrophobic function of Swag HYDROPHOBIC INTERIOR DETAILER+ facilitates vehicle interior care by preventing dirt from adhering to the treated surface. Interior Detailer provides superior visual appeal by evening out and deepening the color of treated elements, leaving a satin finish.<\/p>\n<p>Swag HYDROPHOBIC INTERIOR DETAILER+ has a tropical fragrance that enhances application and subtly fragrances the vehicle&#039;s interior. The product&#039;s convenient spray formula optimizes cleaning time, facilitating quick and precise application to any interior element.<\/p>\n<p>Swag HYDROPHOBIC INTERIOR DETAILER+ has all the attributes of a professional Interior Detailer, i.e.: high efficiency, quick application, long-lasting protection, aromatic scent that makes use more pleasant, hydrophobic effect and enhanced visual qualities.<\/p>\n<p>PROPERTIES<\/p>\n<ul>\n<li>Hydrophobic protective coating<\/li>\n<li>Satin finish<\/li>\n<li>Balanced cleaning properties<\/li>\n<li>Ongoing care<\/li>\n<li>Does not leave a greasy residue<\/li>\n<li>Evens out and deepens the color<\/li>\n<li>For plastic and rubber parts<\/li>\n<li>Protects against degradation and UV<\/li>\n<li>Quick and easy application<\/li>\n<li>High performance<\/li>\n<li>Pleasant scent | Cola<\/li>\n<li>For Professionals and Enthusiasts<\/li>\n<\/ul>\n<p>HOW TO USE<\/p>\n<li>Apply SHID+ in a shaded place on a cool and clean surface.<\/li>\n<li>Shake the bottle before use.<\/li>\n<li>Apply SHID+ atomizer to a sponge applicator or directly to the element.<\/li>\n<li>Spread an even layer over the entire element.<\/li>\n<li>Gently polish the surface with a microfiber cloth.<\/li>\n<p>ADDITIONAL RECOMMENDATIONS<\/p>\n<ul>\n<li>Do not freeze.<\/li>\n<li>Shake before use.<\/li>\n<li>Protect from sunlight.<\/li>\n<li>Store in a cool and dry place.\u00a0<\/li>\n<\/ul>\n<p>Capacity 250 ml<\/p>","protected":false},"excerpt":{"rendered":"<p>Swag HYDROPHOBIC INTERIOR DETAILER+ jest to profesjonalny, hydrofobowy Interior Detailer do szybkiej piel\u0119gnacji wewn\u0119trznych element\u00f3w pojazdu, wykonanych z tworzyw sztucznych i gumy. Zosta\u0142 stworzony dla Profesjonalist\u00f3w i Entuzjast\u00f3w autokosmetyki, kt\u00f3rzy poszukuj\u0105 skutecznego \u015brodka \u0142\u0105cz\u0105cego w jednym kroku bie\u017c\u0105c\u0105 piel\u0119gnacj\u0119 i zabezpieczenie powierzchni kokpitu, boczk\u00f3w drzwi, s\u0142upk\u00f3w, listew wyka\u0144czaj\u0105cych i uszczelek gumowych przed negatywnymi czynnikami degraduj\u0105cymi.&hellip;&nbsp;<a href=\"https:\/\/liquidmaster.pl\/en\/swag-hydrophobic-interior-detailer-250ml-hydrofobowy-detailer-do-wnetrza\/\" rel=\"bookmark\">Read More \u00bb<span class=\"screen-reader-text\">Swag HYDROPHOBIC INTERIOR DETAILER 250ml \u2013 hydrophobic interior detailer<\/span><\/a><\/p>","protected":false},"featured_media":1907600,"comment_status":"open","ping_status":"open","template":"","meta":{"neve_meta_sidebar":"","neve_meta_container":"","neve_meta_enable_content_width":"","neve_meta_content_width":0,"neve_meta_title_alignment":"","neve_meta_author_avatar":"","neve_post_elements_order":"","neve_meta_disable_header":"","neve_meta_disable_footer":"","neve_meta_disable_title":"","_themeisle_gutenberg_block_has_review":false},"product_brand":[],"product_cat":[803,795,768],"product_tag":[],"class_list":{"0":"post-1907598","1":"product","2":"type-product","3":"status-publish","4":"has-post-thumbnail","6":"product_cat-interior-qd","7":"product_cat-plastiki-wewnetrzne","8":"product_cat-wnetrze-auta","9":"pa_promocja-promocje","11":"first","12":"instock","13":"taxable","14":"shipping-taxable","15":"purchasable","16":"product-type-simple"},"_links":{"self":[{"href":"https:\/\/liquidmaster.pl\/en\/wp-json\/wp\/v2\/product\/1907598","targetHints":{"allow":["GET"]}}],"collection":[{"href":"https:\/\/liquidmaster.pl\/en\/wp-json\/wp\/v2\/product"}],"about":[{"href":"https:\/\/liquidmaster.pl\/en\/wp-json\/wp\/v2\/types\/product"}],"replies":[{"embeddable":true,"href":"https:\/\/liquidmaster.pl\/en\/wp-json\/wp\/v2\/comments?post=1907598"}],"wp:featuredmedia":[{"embeddable":true,"href":"https:\/\/liquidmaster.pl\/en\/wp-json\/wp\/v2\/media\/1907600"}],"wp:attachment":[{"href":"https:\/\/liquidmaster.pl\/en\/wp-json\/wp\/v2\/media?parent=1907598"}],"wp:term":[{"taxonomy":"product_brand","embeddable":true,"href":"https:\/\/liquidmaster.pl\/en\/wp-json\/wp\/v2\/product_brand?post=1907598"},{"taxonomy":"product_cat","embeddable":true,"href":"https:\/\/liquidmaster.pl\/en\/wp-json\/wp\/v2\/product_cat?post=1907598"},{"taxonomy":"product_tag","embeddable":true,"href":"https:\/\/liquidmaster.pl\/en\/wp-json\/wp\/v2\/product_tag?post=1907598"}],"curies":[{"name":"wp","href":"https:\/\/api.w.org\/{rel}","templated":true}]}}