{"id":1907595,"date":"2025-07-27T14:34:06","date_gmt":"2025-07-27T12:34:06","guid":{"rendered":"https:\/\/liquidmaster.pl\/swag-hydrophobic-glass-cleaner-500ml-plyn-mycia-do-szyb-z-efektem-niewidzialnej-wycieraczki\/"},"modified":"2026-04-19T03:38:01","modified_gmt":"2026-04-19T01:38:01","slug":"swag-hydrophobic-glass-cleaner-500ml-plyn-mycia-do-szyb-z-efektem-niewidzialnej-wycieraczki","status":"publish","type":"product","link":"https:\/\/liquidmaster.pl\/en\/swag-hydrophobic-glass-cleaner-500ml-plyn-mycia-do-szyb-z-efektem-niewidzialnej-wycieraczki\/","title":{"rendered":"Swag HYDROPHOBIC GLASS CLEANER 500ml \u2013 window cleaning fluid with an invisible wiper effect"},"content":{"rendered":"<p>Swag HYDROPHOBIC GLASS CLEANER+ is a professional hydrophobic glass cleaner. Created for all detailing studios and car care enthusiasts looking for an effective and safe solution for comprehensive car window care.<\/p>\n<p>Swag HYDROPHOBIC GLASS CLEANER+ is based on an advanced formula containing silicon compounds. The product effectively removes stubborn dirt while simultaneously imparting hydrophobic properties to cleaned glass surfaces. Swag HYDROPHOBIC GLASS CLEANER+ combines the properties of a glass cleaner with a ceramic protective coating.<\/p>\n<p>This allows us to achieve crystal-clear, streak-free glass in a single step during regular window cleaning, while simultaneously protecting the surface with an &quot;Invisible Wiper&quot; coating. This creates a hydrophobic effect that instantly sheds water from the glass, providing better visibility in the rain, preventing mineral deposits and ice from forming in winter, and making maintenance easier. Furthermore, it reduces wear on wiper blades.<\/p>\n<p>Swag HYDROPHOBIC GLASS CLEANER+ is designed to care for windows and mirrors inside and outside the vehicle.<\/p>\n<p>Swag HYDROPHOBIC GLASS CLEANER+ has all the attributes of a professional Glass Cleaner, i.e.: high efficiency, hydrophobic effect, optimal strength, fast evaporation, no streaks, versatile action, safety for cleaned surfaces and a refreshing mint scent.\u00a0<\/p>\n<p>PROPERTIES\u00a0<\/p>\n<ul>\n<li>2-in-1 formula cleans and preserves<\/li>\n<li>The &#039;Invisible Wiper&#039; Effect<\/li>\n<li>Hydrophobic coating<\/li>\n<li>Reduces wiper wear<\/li>\n<li>Reduces the adhesion of deposits<\/li>\n<li>Provides degreasing properties<\/li>\n<li>Crystalline, streak-free finish\u00a0<\/li>\n<li>Fast evaporation<\/li>\n<li>Extreme effectiveness<\/li>\n<li>Safe for surfaces<\/li>\n<li>A refreshing scent<\/li>\n<li>Highly efficient<\/li>\n<li>For AD Studios and Enthusiasts<\/li>\n<\/ul>\n<p>HOW TO USE<\/p>\n<li>Use SHGC+ in a shaded place on a cool surface.<\/li>\n<li>Shake the bottle before application.<\/li>\n<li>Apply SHGC+ to a microfiber cloth dedicated to glass care.<\/li>\n<li>Wipe the surface to be cleaned.<\/li>\n<li>Wipe dry with a second microfiber cloth.<\/li>\n<li>In case of stubborn dirt, repeat the process.<\/li>\n<p>\u00a0ADDITIONAL RECOMMENDATIONS\u00a0<\/p>\n<ul>\n<li>Do not freeze.<\/li>\n<li>Shake before use.<\/li>\n<li>Protect from sunlight.<\/li>\n<li>Store in a cool and dry place.<\/li>\n<\/ul>\n<p>Capacity 500 ml<\/p>\n<p>\u00a0<\/p>","protected":false},"excerpt":{"rendered":"<p>Swag HYDROPHOBIC GLASS CLEANER+ to profesjonalny Hydrofobowy Cleaner do czyszczenia powierzchni szklanych. Stworzony zosta\u0142 dla wszystkich Studi\u00f3w Detailingowych i Entuzjast\u00f3w autokosmetyki, kt\u00f3rzy poszukuj\u0105 skutecznego i bezpiecznego \u015brodka do kompleksowej piel\u0119gnacji szyb samochodowych. Swag HYDROPHOBIC GLASS CLEANER+ opiera si\u0119 na zaawansowanej formule zawieraj\u0105cej zwi\u0105zki krzemu. \u015arodek skutecznie usuwa uporczywe zabrudzenia, jednocze\u015bnie nadaj\u0105c czyszczonym powierzchniom szklanym w\u0142a\u015bciwo\u015bci&hellip;&nbsp;<a href=\"https:\/\/liquidmaster.pl\/en\/swag-hydrophobic-glass-cleaner-500ml-plyn-mycia-do-szyb-z-efektem-niewidzialnej-wycieraczki\/\" rel=\"bookmark\">Read More \u00bb<span class=\"screen-reader-text\">Swag HYDROPHOBIC GLASS CLEANER 500ml \u2013 window cleaning fluid with an invisible wiper effect<\/span><\/a><\/p>","protected":false},"featured_media":1907597,"comment_status":"open","ping_status":"open","template":"","meta":{"neve_meta_sidebar":"","neve_meta_container":"","neve_meta_enable_content_width":"","neve_meta_content_width":0,"neve_meta_title_alignment":"","neve_meta_author_avatar":"","neve_post_elements_order":"","neve_meta_disable_header":"","neve_meta_disable_footer":"","neve_meta_disable_title":"","_themeisle_gutenberg_block_has_review":false},"product_brand":[],"product_cat":[733,774,773],"product_tag":[],"class_list":{"0":"post-1907595","1":"product","2":"type-product","3":"status-publish","4":"has-post-thumbnail","6":"product_cat-na-zewnatrz","7":"product_cat-plyny-do-szyb","8":"product_cat-szyby","10":"first","11":"instock","12":"taxable","13":"shipping-taxable","14":"purchasable","15":"product-type-simple"},"_links":{"self":[{"href":"https:\/\/liquidmaster.pl\/en\/wp-json\/wp\/v2\/product\/1907595","targetHints":{"allow":["GET"]}}],"collection":[{"href":"https:\/\/liquidmaster.pl\/en\/wp-json\/wp\/v2\/product"}],"about":[{"href":"https:\/\/liquidmaster.pl\/en\/wp-json\/wp\/v2\/types\/product"}],"replies":[{"embeddable":true,"href":"https:\/\/liquidmaster.pl\/en\/wp-json\/wp\/v2\/comments?post=1907595"}],"wp:featuredmedia":[{"embeddable":true,"href":"https:\/\/liquidmaster.pl\/en\/wp-json\/wp\/v2\/media\/1907597"}],"wp:attachment":[{"href":"https:\/\/liquidmaster.pl\/en\/wp-json\/wp\/v2\/media?parent=1907595"}],"wp:term":[{"taxonomy":"product_brand","embeddable":true,"href":"https:\/\/liquidmaster.pl\/en\/wp-json\/wp\/v2\/product_brand?post=1907595"},{"taxonomy":"product_cat","embeddable":true,"href":"https:\/\/liquidmaster.pl\/en\/wp-json\/wp\/v2\/product_cat?post=1907595"},{"taxonomy":"product_tag","embeddable":true,"href":"https:\/\/liquidmaster.pl\/en\/wp-json\/wp\/v2\/product_tag?post=1907595"}],"curies":[{"name":"wp","href":"https:\/\/api.w.org\/{rel}","templated":true}]}}