{"id":1907589,"date":"2025-07-27T14:31:06","date_gmt":"2025-07-27T12:31:06","guid":{"rendered":"https:\/\/liquidmaster.pl\/swag-hybrid-wax-250ml-hybrydowy-wosk-ochronny-z-carnauba\/"},"modified":"2026-04-18T04:49:48","modified_gmt":"2026-04-18T02:49:48","slug":"swag-hybrid-wax-250ml-hybrydowy-wosk-ochronny-z-carnauba","status":"publish","type":"product","link":"https:\/\/liquidmaster.pl\/en\/swag-hybrid-wax-250ml-hybrydowy-wosk-ochronny-z-carnauba\/","title":{"rendered":"Swag HYBRID WAX 250ml \u2013 hybrid protective wax with carnauba"},"content":{"rendered":"<p>Swag Hybrid Wax V.2 jest to profesjonalny wosk ochronny, kt\u00f3ry zosta\u0142 stworzony dla Studi\u00f3w Detailingowych i Entuzjast\u00f3w autokosmetyki. Jego hybrydowa formu\u0142a opiera si\u0119 na po\u0142\u0105czeniu wyselekcjonowanych wosk\u00f3w syntetycznych wraz z naturaln\u0105 carnaub\u0105 o najwy\u017cszej czysto\u015bci, kt\u00f3ra jest najtwardszym i najbardziej ekskluzywnym woskiem na \u015bwiecie. Unikatowy sk\u0142ad zapewnia najwy\u017cszy poziom zabezpieczenia pojazdu przed czynnikami zewn\u0119trznymi, utrudniaj\u0105c oksydacj\u0119 i erozj\u0119 lakieru.<\/p>\n<p>Powierzchnia pokryta Swag Hybrid Wax V.2 staje si\u0119 niezr\u00f3wnanie g\u0142adka i hydrofobowa, k\u0105t zwil\u017cania wody wzrasta do miana powierzchni &#8222;samoczyszcz\u0105cej&#8221;. Niezale\u017cnie od rodzaju lakieru, jego stanu i koloru, synergia sk\u0142adnik\u00f3w zawartych w SHW zapewnia maksymalizacj\u0119 walor\u00f3w wizualnych takich jak: g\u0142\u0119bia koloru, po\u0142ysk, szklisto\u015b\u0107, mienienie si\u0119 metalicznej miki i opalizacj\u0119 per\u0142owych p\u0142atk\u00f3w.<\/p>\n<p>Swag Hybrid Wax V.2 jest innowacyjnym produktem, kt\u00f3ry \u0142\u0105czy wszystkie atrybuty wosk\u00f3w premium z konkursowym wyko\u0144czeniem. Jednocze\u015bnie wykazuje w\u0142a\u015bciwo\u015bci zbli\u017cone do glazu dzi\u0119ki zawarto\u015bci syntetycznych polimer\u00f3w, kt\u00f3re wizualnie poprawiaj\u0105 stan lakieru przez przyciemnienie i maskowanie drobnych niedoskona\u0142o\u015bci typu koliste zarysowania.<\/p>\n<p>Priorytetem w tworzeniu wosku by\u0142 nie tylko najwy\u017cszy potencja\u0142 ochronny i wizualny, ale tak\u017ce prosta i szybka aplikacja, kt\u00f3ra zosta\u0142a uzyskana dzi\u0119ki formie p\u0142ynnej emulsji &#8211; umo\u017cliwiaj\u0105cej nak\u0142adanie r\u0119czne b\u0105d\u017a maszynowe. Swag Hybrid Wax V.2 mo\u017cna aplikowa\u0107 na elementy lakierowane\/metalowe. Czas ochrony uzale\u017cniony jest od przygotowania powierzchni, bie\u017c\u0105cej piel\u0119gnacji pojazdu i jego eksploatacji. U\u017cywaj\u0105c SWAG HYDRO COAT podczas mycia pojazdu mo\u017cesz wyd\u0142u\u017cy\u0107 czas ochrony Swag Hybrid Wax V.2 do 5 miesi\u0119cy.<\/p>\n<p>PROPERTIES\u00a0<\/p>\n<ul>\n<li>Formu\u0142a Syntethic Polymer Sealing<\/li>\n<li>Unparalleled hydrophobic effect<\/li>\n<li>For every car brand<\/li>\n<li>Pot\u0119guje g\u0142\u0119bie i po\u0142ysku lakieru<\/li>\n<li>Enhances metallic reflections<\/li>\n<li>Makes the surface slippery<\/li>\n<li>Reduces the risk of scratches<\/li>\n<li>Makes washing the vehicle easier<\/li>\n<li>Chroni przed degradacjami min. utlenianiem, UV<\/li>\n<li>Exceptional performance<\/li>\n<li>Quick hand and machine application<\/li>\n<li>For AD Studios and Enthusiasts\u00a0<\/li>\n<\/ul>\n<p>HOW TO USE<\/p>\n<ul>\n<li>SHW V.2 aplikuj w zacienionym miejscu na ch\u0142odnej i czystej powierzchni.<\/li>\n<li>Shake the bottle before use.<\/li>\n<\/ul>\n<p>manual application<\/p>\n<li>Apply a few drops to the applicator.<\/li>\n<li>Nie u\u017cywaj\u0105c docisku, rozprowad\u017a cienk\u0105 warstw\u0119 wosku kolistymi ruchami na ca\u0142ym elemencie.<\/li>\n<li>Po aplikacji na wszystkie elementy karoserii odczekaj min. 15 minut.<\/li>\n<li>Przejd\u017a nast\u0119pnie do r\u0119cznego dotarcia.\u00a0<\/li>\n<li>Use a clean, heavy-duty microfiber cloth.<\/li>\n<li>Je\u017celi wosk pozwala si\u0119 dotrze\u0107 i nie tworzy si\u0119 t\u0142usty film oznacza to, \u017ce proces wi\u0105zania jest zako\u0144czony\u00a0i elementy s\u0105 gotowe wypolerowania.<\/li>\n<li>If you have problems with reaching, replace the microfiber with a new one.\u00a0<\/li>\n<p>Application with a polishing machine\u00a0<\/p>\n<li>Apply a few drops to a finishing polishing pad.<\/li>\n<li>Rozprowad\u017a, r\u00f3wn\u0105 warstw\u0119 na ka\u017cdym elemencie.<\/li>\n<li>Work with minimal pressure and the lowest possible revs.<\/li>\n<li>Po aplikacji na wszystkie elementy karoserii odczekaj min. 15 minut.<\/li>\n<li>Przejd\u017a nast\u0119pnie do r\u0119cznego dotarcia.\u00a0<\/li>\n<li>Use a clean, heavy-duty microfiber cloth.<\/li>\n<li>Je\u017celi wosk pozwala si\u0119 dotrze\u0107 i nie tworzy si\u0119 t\u0142usty film oznacza to, \u017ce proces wi\u0105zania jest zako\u0144czony\u00a0i elementy s\u0105 gotowe wypolerowania.<\/li>\n<li>If you have problems with reaching, replace the microfiber with a new one.\u00a0<\/li>\n<p>ADDITIONAL RECOMMENDATIONS\u00a0<\/p>\n<ul>\n<li>Do not freeze.<\/li>\n<li>Shake before use.<\/li>\n<li>Protect from sunlight.<\/li>\n<li>Store in a cool and dry place.<\/li>\n<\/ul>\n<p>Capacity 250 ml<\/p>\n<p>\u00a0<\/p>","protected":false},"excerpt":{"rendered":"<p>Swag Hybrid Wax V.2 jest to profesjonalny wosk ochronny, kt\u00f3ry zosta\u0142 stworzony dla Studi\u00f3w Detailingowych i Entuzjast\u00f3w autokosmetyki. Jego hybrydowa formu\u0142a opiera si\u0119 na po\u0142\u0105czeniu wyselekcjonowanych wosk\u00f3w syntetycznych wraz z naturaln\u0105 carnaub\u0105 o najwy\u017cszej czysto\u015bci, kt\u00f3ra jest najtwardszym i najbardziej ekskluzywnym woskiem na \u015bwiecie. Unikatowy sk\u0142ad zapewnia najwy\u017cszy poziom zabezpieczenia pojazdu przed czynnikami zewn\u0119trznymi, utrudniaj\u0105c&hellip;&nbsp;<a href=\"https:\/\/liquidmaster.pl\/en\/swag-hybrid-wax-250ml-hybrydowy-wosk-ochronny-z-carnauba\/\" rel=\"bookmark\">Read More \u00bb<span class=\"screen-reader-text\">Swag HYBRID WAX 250ml \u2013 hybrid protective wax with carnauba<\/span><\/a><\/p>","protected":false},"featured_media":1907591,"comment_status":"open","ping_status":"open","template":"","meta":{"neve_meta_sidebar":"","neve_meta_container":"","neve_meta_enable_content_width":"","neve_meta_content_width":0,"neve_meta_title_alignment":"","neve_meta_author_avatar":"","neve_post_elements_order":"","neve_meta_disable_header":"","neve_meta_disable_footer":"","neve_meta_disable_title":"","_themeisle_gutenberg_block_has_review":false},"product_brand":[],"product_cat":[733,766,788],"product_tag":[],"class_list":{"0":"post-1907589","1":"product","2":"type-product","3":"status-publish","4":"has-post-thumbnail","6":"product_cat-na-zewnatrz","7":"product_cat-ochrona-lakieru","8":"product_cat-woski","10":"first","11":"instock","12":"taxable","13":"shipping-taxable","14":"purchasable","15":"product-type-simple"},"_links":{"self":[{"href":"https:\/\/liquidmaster.pl\/en\/wp-json\/wp\/v2\/product\/1907589","targetHints":{"allow":["GET"]}}],"collection":[{"href":"https:\/\/liquidmaster.pl\/en\/wp-json\/wp\/v2\/product"}],"about":[{"href":"https:\/\/liquidmaster.pl\/en\/wp-json\/wp\/v2\/types\/product"}],"replies":[{"embeddable":true,"href":"https:\/\/liquidmaster.pl\/en\/wp-json\/wp\/v2\/comments?post=1907589"}],"wp:featuredmedia":[{"embeddable":true,"href":"https:\/\/liquidmaster.pl\/en\/wp-json\/wp\/v2\/media\/1907591"}],"wp:attachment":[{"href":"https:\/\/liquidmaster.pl\/en\/wp-json\/wp\/v2\/media?parent=1907589"}],"wp:term":[{"taxonomy":"product_brand","embeddable":true,"href":"https:\/\/liquidmaster.pl\/en\/wp-json\/wp\/v2\/product_brand?post=1907589"},{"taxonomy":"product_cat","embeddable":true,"href":"https:\/\/liquidmaster.pl\/en\/wp-json\/wp\/v2\/product_cat?post=1907589"},{"taxonomy":"product_tag","embeddable":true,"href":"https:\/\/liquidmaster.pl\/en\/wp-json\/wp\/v2\/product_tag?post=1907589"}],"curies":[{"name":"wp","href":"https:\/\/api.w.org\/{rel}","templated":true}]}}