{"id":1907580,"date":"2025-07-27T14:28:06","date_gmt":"2025-07-27T12:28:06","guid":{"rendered":"https:\/\/liquidmaster.pl\/swag-heavy-cut-v2-150ml-mocno-scierna-pasta-polerska\/"},"modified":"2026-04-19T03:37:58","modified_gmt":"2026-04-19T01:37:58","slug":"swag-heavy-cut-v2-150ml-mocno-scierna-pasta-polerska","status":"publish","type":"product","link":"https:\/\/liquidmaster.pl\/en\/swag-heavy-cut-v2-150ml-mocno-scierna-pasta-polerska\/","title":{"rendered":"Swag HEAVY CUT V2 150ml \u2013 highly abrasive polishing paste"},"content":{"rendered":"<p>Swag HEAVY CUT V.2\u00a0 jest to agresywna pasta polerska typu Heavy Cut. Zosta\u0142a stworzona dla wszystkich Studi\u00f3w Detailingowych i Entuzjast\u00f3w Autokosmetyki, kt\u00f3rzy potrzebuj\u0105 zawansowanego i bezkompromisowego produktu do usuni\u0119cia wi\u0119kszo\u015bci degradacji lakieru, takich jak: rysy, &#8221;wypiaskowanie&#8221;, w\u017cery po ptasich ekskrementach b\u0105d\u017a owadach.\u00a0<\/p>\n<p>Formu\u0142a pasty polerskiej \u0142\u0105czy w sobie dwie technologie PROGRESS ABRASIVE | LOW TEMP, b\u0119d\u0105cych po\u0142\u0105czeniem cz\u0105steczek o szerokim zakresie \u015bcierno\u015bci<br \/>\ni struktury pasty o wysokiej lubryfikacji. Synergia sk\u0142adnik\u00f3w zapewnia wyj\u0105tkowe w\u0142a\u015bciwo\u015bci, du\u017c\u0105 si\u0142\u0119 \u015bciern\u0105 i optymaln\u0105 jako\u015b\u0107 wyko\u0144czenia w po\u0142\u0105czeniu z baz\u0105 pasty wspieraj\u0105c\u0105\u00a0 odprowadzeniem\u00a0 temperatury, kt\u00f3re minimalizuje ryzyko przegrzania lakieru, jednocze\u015bnie u\u0142atwia prowadzenie maszyny polerskiej po karoserii pojazdu.<\/p>\n<p>Technologia pasty umo\u017cliwia prac\u0119 na futrze polerskim, padach g\u0105bkowych i dyskach typu sztruks | jeans. Niezale\u017cnie od formy i techniki pracy, Swag HEAVY CUT V.2 zawsze udost\u0119pnia pe\u0142en potencja\u0142 si\u0142y \u015bciernej, umo\u017cliwiaj\u0105c usuni\u0119cie mocnych degradacji.\u00a0<\/p>\n<p>Swag HEAVY CUT V.2 mimo ogromnej si\u0142y tn\u0105cej, zapewnia wyko\u0144czenia powierzchni na wysokim poziomie. Cz\u0119sto umo\u017cliwiaj\u0105c wykonanie agresywnej korekty One Step w trakcie jednego przejazdu.<\/p>\n<p>Linia past polerskich SWAG POLISHING posiada atrybuty w postaci indywidualnych zapach\u00f3w i kolor\u00f3w, kt\u00f3re uprzyjemniaj\u0105 prac\u0119 w trakcie polerowania i pozwalaj\u0105 \u0142atwo rozr\u00f3\u017cni\u0107 gradacje past.<\/p>\n<p>PROPERTIES\u00a0<\/p>\n<ul>\n<li>Mocno \u015bcierna gradacja<\/li>\n<li>PROGRESS ABRASIVE\u00a0<\/li>\n<li>LOW TEMP<\/li>\n<li>Wspiera korekt\u0119 Heavy One Step<\/li>\n<li>Ogromna si\u0142a ci\u0119cia\u00a0<\/li>\n<li>Usuwa rysy, w\u017cery zmatowienia min. po owadach<\/li>\n<li>Optymalna jako\u015b\u0107 wyko\u0144czenia SPHC V.2<\/li>\n<li>Redukcja temperatury<\/li>\n<li>Struktura pasty u\u0142atwia prowadzenie maszyny<\/li>\n<li>Kompatybilna z polerkami RO i DA<\/li>\n<li>Powerful performance<\/li>\n<li>Fruity scent<\/li>\n<li>Unikatowy kolor<\/li>\n<li>For AD Studios and Enthusiasts<\/li>\n<\/ul>\n<p>HOW TO USE\u00a0<\/p>\n<li>U\u017cywaj w zacienionym miejscu na ch\u0142odnej i czystej powierzchni.<\/li>\n<li>Shake before use.<\/li>\n<li>Na\u0142\u00f3\u017c kilka kropel SPHC V.2 na pad polerski np. Cutting*<\/li>\n<li>*Wybierz twardo\u015b\u0107 i rodzaj pada wzgl\u0119dem rodzaju korekty.<\/li>\n<li>Pracuj na obszarze roboczym oko\u0142o 40 x 40 cm.<\/li>\n<li>Rozprowad\u017a, r\u00f3wn\u0105 warstw\u0119 na ca\u0142ym fragmencie.<\/li>\n<li>U\u017cywaj maszyny polerskiej.<\/li>\n<p>Optymalne obroty maszyny polerskiej<\/p>\n<ul>\n<li>RO do 1500 obrot\u00f3w.<\/li>\n<li>DA wedle preferencji<\/li>\n<li>Poleruj z umiarkowanym dociskiem do czasu wyrobienia pasty.<\/li>\n<li>Je\u015bli lakier ma wysok\u0105 temperatur\u0119 poczekaj a\u017c ostygnie.<\/li>\n<li>Odt\u0142u\u015b\u0107 powierzchnie \u015brodkiem SWAG FINAL INSPECT.\u00a0<\/li>\n<li>Je\u015bli po inspekcji degradacje wci\u0105\u017c wyst\u0119puj\u0105, powt\u00f3rz proces.<\/li>\n<\/ul>\n<p>ADDITIONAL RECOMMENDATIONS\u00a0<\/p>\n<ul>\n<li>Do not freeze.<\/li>\n<li>Shake before use.<\/li>\n<li>Protect from sunlight.<\/li>\n<li>Store in a cool and dry place.<\/li>\n<\/ul>\n<p>Pojemno\u015b\u0107 150 ml<\/p>","protected":false},"excerpt":{"rendered":"<p>Swag HEAVY CUT V.2\u00a0 jest to agresywna pasta polerska typu Heavy Cut. Zosta\u0142a stworzona dla wszystkich Studi\u00f3w Detailingowych i Entuzjast\u00f3w Autokosmetyki, kt\u00f3rzy potrzebuj\u0105 zawansowanego i bezkompromisowego produktu do usuni\u0119cia wi\u0119kszo\u015bci degradacji lakieru, takich jak: rysy, &#8221;wypiaskowanie&#8221;, w\u017cery po ptasich ekskrementach b\u0105d\u017a owadach.\u00a0 Formu\u0142a pasty polerskiej \u0142\u0105czy w sobie dwie technologie PROGRESS ABRASIVE | LOW TEMP,&hellip;&nbsp;<a href=\"https:\/\/liquidmaster.pl\/en\/swag-heavy-cut-v2-150ml-mocno-scierna-pasta-polerska\/\" rel=\"bookmark\">Read More \u00bb<span class=\"screen-reader-text\">Swag HEAVY CUT V2 150ml \u2013 highly abrasive polishing paste<\/span><\/a><\/p>","protected":false},"featured_media":1907582,"comment_status":"open","ping_status":"open","template":"","meta":{"neve_meta_sidebar":"","neve_meta_container":"","neve_meta_enable_content_width":"","neve_meta_content_width":0,"neve_meta_title_alignment":"","neve_meta_author_avatar":"","neve_post_elements_order":"","neve_meta_disable_header":"","neve_meta_disable_footer":"","neve_meta_disable_title":"","_themeisle_gutenberg_block_has_review":false},"product_brand":[],"product_cat":[790,789,748],"product_tag":[],"class_list":{"0":"post-1907580","1":"product","2":"type-product","3":"status-publish","4":"has-post-thumbnail","6":"product_cat-pasty-cuttingowe","7":"product_cat-pasty-polerskie","8":"product_cat-polerowanie","10":"first","11":"instock","12":"taxable","13":"shipping-taxable","14":"purchasable","15":"product-type-simple"},"_links":{"self":[{"href":"https:\/\/liquidmaster.pl\/en\/wp-json\/wp\/v2\/product\/1907580","targetHints":{"allow":["GET"]}}],"collection":[{"href":"https:\/\/liquidmaster.pl\/en\/wp-json\/wp\/v2\/product"}],"about":[{"href":"https:\/\/liquidmaster.pl\/en\/wp-json\/wp\/v2\/types\/product"}],"replies":[{"embeddable":true,"href":"https:\/\/liquidmaster.pl\/en\/wp-json\/wp\/v2\/comments?post=1907580"}],"wp:featuredmedia":[{"embeddable":true,"href":"https:\/\/liquidmaster.pl\/en\/wp-json\/wp\/v2\/media\/1907582"}],"wp:attachment":[{"href":"https:\/\/liquidmaster.pl\/en\/wp-json\/wp\/v2\/media?parent=1907580"}],"wp:term":[{"taxonomy":"product_brand","embeddable":true,"href":"https:\/\/liquidmaster.pl\/en\/wp-json\/wp\/v2\/product_brand?post=1907580"},{"taxonomy":"product_cat","embeddable":true,"href":"https:\/\/liquidmaster.pl\/en\/wp-json\/wp\/v2\/product_cat?post=1907580"},{"taxonomy":"product_tag","embeddable":true,"href":"https:\/\/liquidmaster.pl\/en\/wp-json\/wp\/v2\/product_tag?post=1907580"}],"curies":[{"name":"wp","href":"https:\/\/api.w.org\/{rel}","templated":true}]}}