{"id":1907565,"date":"2025-07-27T14:23:04","date_gmt":"2025-07-27T12:23:04","guid":{"rendered":"https:\/\/liquidmaster.pl\/swag-glass-cleaner-v3-1-500ml-preparat-do-czyszczenia-szyb-i-plastikow\/"},"modified":"2026-04-18T04:49:44","modified_gmt":"2026-04-18T02:49:44","slug":"swag-glass-cleaner-v3-1-500ml-preparat-do-czyszczenia-szyb-i-plastikow","status":"publish","type":"product","link":"https:\/\/liquidmaster.pl\/en\/swag-glass-cleaner-v31-500ml-preparat-do-czyszczenia-szyb-i-plastikow\/","title":{"rendered":"Swag GLASS CLEANER V3.1 500ml \u2013 glass and plastic cleaning agent"},"content":{"rendered":"<p>Swag GLASS CLEANER V.3.1 is a professional glass cleaner designed for detailing studios and car care enthusiasts looking for an effective and safe product for cleaning vehicle glass, as well as critical areas inside, such as air vents.<\/p>\n<p>Swag GLASS CLEANER V.3.1 has a powerful degreasing formula based on selected ingredients that optimize the glass cleaning process by separating stubborn dirt. The agent instantly evaporates during cleaning, leaving a crystal-clear glass surface free of stubborn streaks.<\/p>\n<p>Swag GLASS CLEANER V.3.1 is designed for comprehensive care of windows and mirrors inside and outside the vehicle, as well as plastic elements such as navigation screens, instrument panels, cockpit and decorative strips.<\/p>\n<p>Swag GLASS CLEANER V.3.1 has all the attributes of a professional Glass Cleaner, i.e.: high efficiency, optimal power, fast evaporation, no streaks, versatile operation, safety for cleaned surfaces and a refreshing mint scent.\u00a0<\/p>\n<p>PROPERTIES\u00a0<\/p>\n<ul>\n<li>Formula for glass and plastics<\/li>\n<li>Cleans the cockpit, screens and interior trim.<\/li>\n<li>Provides degreasing properties<\/li>\n<li>Crystalline, streak-free finish\u00a0<\/li>\n<li>Fast evaporation<\/li>\n<li>Extreme effectiveness<\/li>\n<li>Safe for surfaces<\/li>\n<li>Mint-apple scent<\/li>\n<li>Highly efficient<\/li>\n<li>For AD Studios and Enthusiasts<\/li>\n<\/ul>\n<p>HOW TO USE<\/p>\n<ul>\n<li>Use SGC V.3.1 in a shaded place on a cool surface.<\/li>\n<li>Shake the bottle before application.<\/li>\n<\/ul>\n<p>GLASS AND SMOOTH PLASTIC\u00a0<\/p>\n<li>Apply SGC V.3.1 to a microfiber cloth dedicated to glass care.<\/li>\n<li>Wipe the surface to be cleaned.<\/li>\n<li>Wipe dry with a second microfiber cloth.<\/li>\n<li>In case of stubborn dirt, repeat the process.<\/li>\n<p>COCKPIT<\/p>\n<li>Apply SGC V.3.1 to the microfiber.<\/li>\n<li>Wipe the surface to remove any dirt.<\/li>\n<li>In the case of hard-to-reach places, e.g. crevices, spray the work area with a mist, then loosen the dirt with a soft brush.<\/li>\n<li>Use compressed air to accelerate the evaporation of SGC V.3.1.<\/li>\n<p>ADDITIONAL RECOMMENDATIONS\u00a0<\/p>\n<ul>\n<li>Do not freeze.<\/li>\n<li>Shake before use.<\/li>\n<li>Protect from sunlight.<\/li>\n<li>Store in a cool and dry place.<\/li>\n<\/ul>\n<p>Capacity 500 ml<\/p>","protected":false},"excerpt":{"rendered":"<p>Swag GLASS CLEANER V.3.1 jest to profesjonalny Cleaner do czyszczenia powierzchni szklanych. Stworzony zosta\u0142 dla wszystkich Studi\u00f3w Detailingowych i Entuzjast\u00f3w autokosmetyki, kt\u00f3rzy poszukuj\u0105 skutecznego i bezpiecznego produktu do czyszczenia oszklenia pojazd\u00f3w, a tak\u017ce newralgicznych miejsc w jego wn\u0119trzu np. kratek nawiew\u00f3w. Swag GLASS CLEANER V.3.1 posiada silnie odt\u0142uszczaj\u0105c\u0105 formu\u0142\u0119 opart\u0105 o wyselekcjonowane sk\u0142adniki ,kt\u00f3re optymalizuj\u0105&hellip;&nbsp;<a href=\"https:\/\/liquidmaster.pl\/en\/swag-glass-cleaner-v31-500ml-preparat-do-czyszczenia-szyb-i-plastikow\/\" rel=\"bookmark\">Read More \u00bb<span class=\"screen-reader-text\">Swag GLASS CLEANER V3.1 500ml \u2013 glass and plastic cleaning agent<\/span><\/a><\/p>","protected":false},"featured_media":1907567,"comment_status":"open","ping_status":"open","template":"","meta":{"neve_meta_sidebar":"","neve_meta_container":"","neve_meta_enable_content_width":"","neve_meta_content_width":0,"neve_meta_title_alignment":"","neve_meta_author_avatar":"","neve_post_elements_order":"","neve_meta_disable_header":"","neve_meta_disable_footer":"","neve_meta_disable_title":"","_themeisle_gutenberg_block_has_review":false},"product_brand":[],"product_cat":[733,774,773],"product_tag":[],"class_list":{"0":"post-1907565","1":"product","2":"type-product","3":"status-publish","4":"has-post-thumbnail","6":"product_cat-na-zewnatrz","7":"product_cat-plyny-do-szyb","8":"product_cat-szyby","9":"pa_promocja-promocje","11":"first","12":"instock","13":"taxable","14":"shipping-taxable","15":"purchasable","16":"product-type-simple"},"_links":{"self":[{"href":"https:\/\/liquidmaster.pl\/en\/wp-json\/wp\/v2\/product\/1907565","targetHints":{"allow":["GET"]}}],"collection":[{"href":"https:\/\/liquidmaster.pl\/en\/wp-json\/wp\/v2\/product"}],"about":[{"href":"https:\/\/liquidmaster.pl\/en\/wp-json\/wp\/v2\/types\/product"}],"replies":[{"embeddable":true,"href":"https:\/\/liquidmaster.pl\/en\/wp-json\/wp\/v2\/comments?post=1907565"}],"wp:featuredmedia":[{"embeddable":true,"href":"https:\/\/liquidmaster.pl\/en\/wp-json\/wp\/v2\/media\/1907567"}],"wp:attachment":[{"href":"https:\/\/liquidmaster.pl\/en\/wp-json\/wp\/v2\/media?parent=1907565"}],"wp:term":[{"taxonomy":"product_brand","embeddable":true,"href":"https:\/\/liquidmaster.pl\/en\/wp-json\/wp\/v2\/product_brand?post=1907565"},{"taxonomy":"product_cat","embeddable":true,"href":"https:\/\/liquidmaster.pl\/en\/wp-json\/wp\/v2\/product_cat?post=1907565"},{"taxonomy":"product_tag","embeddable":true,"href":"https:\/\/liquidmaster.pl\/en\/wp-json\/wp\/v2\/product_tag?post=1907565"}],"curies":[{"name":"wp","href":"https:\/\/api.w.org\/{rel}","templated":true}]}}