{"id":1907556,"date":"2025-07-27T14:20:07","date_gmt":"2025-07-27T12:20:07","guid":{"rendered":"https:\/\/liquidmaster.pl\/swag-foamer-150ml-butelka-pianujaca\/"},"modified":"2026-04-20T08:30:51","modified_gmt":"2026-04-20T06:30:51","slug":"swag-foamer-150ml-butelka-pianujaca","status":"publish","type":"product","link":"https:\/\/liquidmaster.pl\/en\/swag-foamer-150ml-butelka-pianujaca\/","title":{"rendered":"Swag FOAMER 150ml &#8211; butelka pianuj\u0105ca"},"content":{"rendered":"<p>Swag FOAMER to butelka z pompk\u0105 pianotw\u00f3rcz\u0105 o pojemno\u015bci 150 ml. Stworzona do u\u017cytku z produktami do czyszczenia sk\u00f3ry oraz APC.<\/p>","protected":false},"excerpt":{"rendered":"<p>Swag FOAMER to butelka z pompk\u0105 pianotw\u00f3rcz\u0105 o pojemno\u015bci 150 ml. Stworzona do u\u017cytku z produktami do czyszczenia sk\u00f3ry oraz APC.<\/p>","protected":false},"featured_media":1907558,"comment_status":"open","ping_status":"open","template":"","meta":{"neve_meta_sidebar":"","neve_meta_container":"","neve_meta_enable_content_width":"","neve_meta_content_width":0,"neve_meta_title_alignment":"","neve_meta_author_avatar":"","neve_post_elements_order":"","neve_meta_disable_header":"","neve_meta_disable_footer":"","neve_meta_disable_title":"","_themeisle_gutenberg_block_has_review":false},"product_brand":[],"product_cat":[757,811],"product_tag":[],"class_list":{"0":"post-1907556","1":"product","2":"type-product","3":"status-publish","4":"has-post-thumbnail","6":"product_cat-akcesoria","7":"product_cat-pozostale-akcesoria","9":"first","10":"instock","11":"taxable","12":"shipping-taxable","13":"purchasable","14":"product-type-simple"},"_links":{"self":[{"href":"https:\/\/liquidmaster.pl\/en\/wp-json\/wp\/v2\/product\/1907556","targetHints":{"allow":["GET"]}}],"collection":[{"href":"https:\/\/liquidmaster.pl\/en\/wp-json\/wp\/v2\/product"}],"about":[{"href":"https:\/\/liquidmaster.pl\/en\/wp-json\/wp\/v2\/types\/product"}],"replies":[{"embeddable":true,"href":"https:\/\/liquidmaster.pl\/en\/wp-json\/wp\/v2\/comments?post=1907556"}],"wp:featuredmedia":[{"embeddable":true,"href":"https:\/\/liquidmaster.pl\/en\/wp-json\/wp\/v2\/media\/1907558"}],"wp:attachment":[{"href":"https:\/\/liquidmaster.pl\/en\/wp-json\/wp\/v2\/media?parent=1907556"}],"wp:term":[{"taxonomy":"product_brand","embeddable":true,"href":"https:\/\/liquidmaster.pl\/en\/wp-json\/wp\/v2\/product_brand?post=1907556"},{"taxonomy":"product_cat","embeddable":true,"href":"https:\/\/liquidmaster.pl\/en\/wp-json\/wp\/v2\/product_cat?post=1907556"},{"taxonomy":"product_tag","embeddable":true,"href":"https:\/\/liquidmaster.pl\/en\/wp-json\/wp\/v2\/product_tag?post=1907556"}],"curies":[{"name":"wp","href":"https:\/\/api.w.org\/{rel}","templated":true}]}}