{"id":1907550,"date":"2025-07-27T14:18:06","date_gmt":"2025-07-27T12:18:06","guid":{"rendered":"https:\/\/liquidmaster.pl\/swag-flash-clay-lube-500ml-lubrykant-do-glinkowania\/"},"modified":"2026-04-18T04:49:42","modified_gmt":"2026-04-18T02:49:42","slug":"swag-flash-clay-lube-500ml-lubrykant-do-glinkowania","status":"publish","type":"product","link":"https:\/\/liquidmaster.pl\/en\/swag-flash-clay-lube-500ml-lubrykant-do-glinkowania\/","title":{"rendered":"Swag FLASH CLAY LUBE 500ml &#8211; lubrykant do glinkowania"},"content":{"rendered":"<p>Swag FLASH CLAY LUBE jest to profesjonalny, \u015brodek nadaj\u0105cy po\u015blizg w trakcie oczyszczania lakieru auta za pomoc\u0105 glinki.<\/p>\n<p>Swag FLASH CLAY LUBE wspiera bezpieczny proces glinkowania, pokrywaj\u0105c powierzchni\u0119 auta lubryfikuj\u0105cym filmem, dzi\u0119ki czemu niweluje tarcie i u\u0142atwia odseparowanie osad\u00f3w.<\/p>\n<p>PROPERTIES<\/p>\n<ul>\n<li>Pot\u0119guje po\u015blizg i u\u0142atwia glinkowanie<\/li>\n<li>Chroni glink\u0119 przed zniszczeniem i wyd\u0142u\u017ca jej \u017cywotno\u015b\u0107<\/li>\n<li>Idealny do wszystkich typ\u00f3w glinek<\/li>\n<li>Safe for varnish\u00a0<\/li>\n<li>Posiada przyjemny zapach, kt\u00f3ry umila prac\u0119<\/li>\n<\/ul>\n<p>HOW TO USE<\/p>\n<li>Opryskaj czyszczony element samochodu atomizerem.<\/li>\n<li>Rozpocznij glinkowanie.<\/li>\n<li>W trakcie pracy aplikuj SFCL, aby utrzyma\u0107 optymalny po\u015blizg.<\/li>\n<p>ADDITIONAL RECOMMENDATIONS\u00a0<\/p>\n<ul>\n<li>Do not freeze.<\/li>\n<li>Shake before use.<\/li>\n<li>Protect from sunlight.<\/li>\n<li>Store in a cool and dry place.<\/li>\n<\/ul>\n<p>Capacity 500 ml<\/p>","protected":false},"excerpt":{"rendered":"<p>Swag FLASH CLAY LUBE jest to profesjonalny, \u015brodek nadaj\u0105cy po\u015blizg w trakcie oczyszczania lakieru auta za pomoc\u0105 glinki. Swag FLASH CLAY LUBE wspiera bezpieczny proces glinkowania, pokrywaj\u0105c powierzchni\u0119 auta lubryfikuj\u0105cym filmem, dzi\u0119ki czemu niweluje tarcie i u\u0142atwia odseparowanie osad\u00f3w. W\u0141A\u015aCIWO\u015aCI Pot\u0119guje po\u015blizg i u\u0142atwia glinkowanie Chroni glink\u0119 przed zniszczeniem i wyd\u0142u\u017ca jej \u017cywotno\u015b\u0107 Idealny do&hellip;&nbsp;<a href=\"https:\/\/liquidmaster.pl\/en\/swag-flash-clay-lube-500ml-lubrykant-do-glinkowania\/\" rel=\"bookmark\">Read More \u00bb<span class=\"screen-reader-text\">Swag FLASH CLAY LUBE 500ml &#8211; lubrykant do glinkowania<\/span><\/a><\/p>","protected":false},"featured_media":1907552,"comment_status":"open","ping_status":"open","template":"","meta":{"neve_meta_sidebar":"","neve_meta_container":"","neve_meta_enable_content_width":"","neve_meta_content_width":0,"neve_meta_title_alignment":"","neve_meta_author_avatar":"","neve_post_elements_order":"","neve_meta_disable_header":"","neve_meta_disable_footer":"","neve_meta_disable_title":"","_themeisle_gutenberg_block_has_review":false},"product_brand":[],"product_cat":[743,763,733],"product_tag":[],"class_list":{"0":"post-1907550","1":"product","2":"type-product","3":"status-publish","4":"has-post-thumbnail","6":"product_cat-dekontaminacja","7":"product_cat-glinki-i-lubrykanty","8":"product_cat-na-zewnatrz","10":"first","11":"instock","12":"taxable","13":"shipping-taxable","14":"purchasable","15":"product-type-simple"},"_links":{"self":[{"href":"https:\/\/liquidmaster.pl\/en\/wp-json\/wp\/v2\/product\/1907550","targetHints":{"allow":["GET"]}}],"collection":[{"href":"https:\/\/liquidmaster.pl\/en\/wp-json\/wp\/v2\/product"}],"about":[{"href":"https:\/\/liquidmaster.pl\/en\/wp-json\/wp\/v2\/types\/product"}],"replies":[{"embeddable":true,"href":"https:\/\/liquidmaster.pl\/en\/wp-json\/wp\/v2\/comments?post=1907550"}],"wp:featuredmedia":[{"embeddable":true,"href":"https:\/\/liquidmaster.pl\/en\/wp-json\/wp\/v2\/media\/1907552"}],"wp:attachment":[{"href":"https:\/\/liquidmaster.pl\/en\/wp-json\/wp\/v2\/media?parent=1907550"}],"wp:term":[{"taxonomy":"product_brand","embeddable":true,"href":"https:\/\/liquidmaster.pl\/en\/wp-json\/wp\/v2\/product_brand?post=1907550"},{"taxonomy":"product_cat","embeddable":true,"href":"https:\/\/liquidmaster.pl\/en\/wp-json\/wp\/v2\/product_cat?post=1907550"},{"taxonomy":"product_tag","embeddable":true,"href":"https:\/\/liquidmaster.pl\/en\/wp-json\/wp\/v2\/product_tag?post=1907550"}],"curies":[{"name":"wp","href":"https:\/\/api.w.org\/{rel}","templated":true}]}}