{"id":1907544,"date":"2025-07-27T14:16:06","date_gmt":"2025-07-27T12:16:06","guid":{"rendered":"https:\/\/liquidmaster.pl\/swag-final-inspect-v2-500ml-odtluszczacz-do-inspekcji-lakieru\/"},"modified":"2026-04-21T08:32:26","modified_gmt":"2026-04-21T06:32:26","slug":"swag-final-inspect-v2-500ml-odtluszczacz-do-inspekcji-lakieru","status":"publish","type":"product","link":"https:\/\/liquidmaster.pl\/en\/swag-final-inspect-v2-500ml-odtluszczacz-do-inspekcji-lakieru\/","title":{"rendered":"Swag FINAL INSPECT V2 500ml \u2013 Paint Inspection Degreaser"},"content":{"rendered":"<p>Swag FINAL INSPECT V.2 jest to profesjonalny \u015brodek odt\u0142uszczaj\u0105cy typu wipe out, przeznaczony do finalnej inspekcji lakieru. Zosta\u0142 stworzony dla Studi\u00f3w AD i Entuzjast\u00f3w autokosmetyki. Baz\u0105 naszego produktu s\u0105 najwy\u017cszej jako\u015bci szybko odparowuj\u0105ce rozpuszczalniki i \u015brodki powierzchniowo czynne, kt\u00f3re gwarantuj\u0105 najwy\u017csz\u0105 jako\u015b\u0107 odt\u0142uszczenia i bezpiecze\u0144stwo pracy na elementach lakierowanych. Formu\u0142a produktu optymalizuje czas pracy, jednocze\u015bnie zapewniaj\u0105c w pe\u0142ni ja\u0142ow\u0105 powierzchni\u0119.<\/p>\n<p>Swag FINAL INSPECT V.2 jest ostateczn\u0105 i najskuteczniejsz\u0105 form\u0105 odt\u0142uszczaj\u0105c\u0105, niezb\u0119dn\u0105 szczeg\u00f3lnie w ko\u0144cowym etapie korekty lakieru i jego inspekcji. Jest to tak\u017ce najlepszy wyb\u00f3r do preparowania lakieru przed aplikacj\u0105 pow\u0142oki ceramicznej b\u0105d\u017a usuwania starych pow\u0142ok woskowych i glaze\u2019\u00f3w.<\/p>\n<p>Swag FINAL INSPECT V.2 posiada owocow\u0105 nut\u0119, kt\u00f3ra uprzyjemnia prac\u0119 z produktem.<\/p>\n<p>PROPERTIES<\/p>\n<ul>\n<li>Formu\u0142a szybko odparowuj\u0105ca<\/li>\n<li>Najwy\u017csza jako\u015b\u0107 odt\u0142uszczenia<\/li>\n<li>Optymalizuje czas pracy<\/li>\n<li>Safe for surfaces<\/li>\n<li>Zapewnienia ja\u0142ow\u0105 powierzchni\u0119<\/li>\n<li>Umo\u017cliwia profesjonaln\u0105 inspekcj\u0119 lakieru<\/li>\n<li>Wspiera usuwanie wosk\u00f3w i glaz\u00f3w<\/li>\n<li>Niezb\u0119dny przed aplikacj\u0105 pow\u0142oki<\/li>\n<li>Fruity scent<\/li>\n<li>For Ad Studios and Enthusiasts\u00a0<\/li>\n<\/ul>\n<p>HOW TO USE<\/p>\n<li>Aplikuj w zacienionym miejscu na ch\u0142odnej i powierzchni.<\/li>\n<li>Rozpyl produkt na mikrofibr\u0119.<\/li>\n<li>Kolistymi ruchami przetrzyj element usuwaj\u0105c zat\u0142uszczenie.<\/li>\n<li>Sprawd\u017a lampk\u0105 inspekcyjn\u0105 stan powierzchni.<\/li>\n<li>W razie potrzeby powt\u00f3rz proces u\u017cywaj\u0105c nowej mikrofibry.<\/li>\n<p>ADDITIONAL RECOMMENDATIONS\u00a0<\/p>\n<ul>\n<li>Do not freeze.<\/li>\n<li>Shake before use.<\/li>\n<li>Protect from sunlight.<\/li>\n<li>Store in a cool and dry place.<\/li>\n<\/ul>\n<p>Capacity 500 ml<\/p>","protected":false},"excerpt":{"rendered":"<p>Swag FINAL INSPECT V.2 jest to profesjonalny \u015brodek odt\u0142uszczaj\u0105cy typu wipe out, przeznaczony do finalnej inspekcji lakieru. Zosta\u0142 stworzony dla Studi\u00f3w AD i Entuzjast\u00f3w autokosmetyki. Baz\u0105 naszego produktu s\u0105 najwy\u017cszej jako\u015bci szybko odparowuj\u0105ce rozpuszczalniki i \u015brodki powierzchniowo czynne, kt\u00f3re gwarantuj\u0105 najwy\u017csz\u0105 jako\u015b\u0107 odt\u0142uszczenia i bezpiecze\u0144stwo pracy na elementach lakierowanych. Formu\u0142a produktu optymalizuje czas pracy, jednocze\u015bnie&hellip;&nbsp;<a href=\"https:\/\/liquidmaster.pl\/en\/swag-final-inspect-v2-500ml-odtluszczacz-do-inspekcji-lakieru\/\" rel=\"bookmark\">Read More \u00bb<span class=\"screen-reader-text\">Swag FINAL INSPECT V2 500ml \u2013 Paint Inspection Degreaser<\/span><\/a><\/p>","protected":false},"featured_media":1907546,"comment_status":"open","ping_status":"open","template":"","meta":{"neve_meta_sidebar":"","neve_meta_container":"","neve_meta_enable_content_width":"","neve_meta_content_width":0,"neve_meta_title_alignment":"","neve_meta_author_avatar":"","neve_post_elements_order":"","neve_meta_disable_header":"","neve_meta_disable_footer":"","neve_meta_disable_title":"","_themeisle_gutenberg_block_has_review":false},"product_brand":[],"product_cat":[749,752,748],"product_tag":[],"class_list":{"0":"post-1907544","1":"product","2":"type-product","3":"status-publish","4":"has-post-thumbnail","6":"product_cat-akcesoria-polerskie","7":"product_cat-inspekcja-lakieru-akcesoria-polerskie","8":"product_cat-polerowanie","10":"first","11":"instock","12":"taxable","13":"shipping-taxable","14":"purchasable","15":"product-type-simple"},"_links":{"self":[{"href":"https:\/\/liquidmaster.pl\/en\/wp-json\/wp\/v2\/product\/1907544","targetHints":{"allow":["GET"]}}],"collection":[{"href":"https:\/\/liquidmaster.pl\/en\/wp-json\/wp\/v2\/product"}],"about":[{"href":"https:\/\/liquidmaster.pl\/en\/wp-json\/wp\/v2\/types\/product"}],"replies":[{"embeddable":true,"href":"https:\/\/liquidmaster.pl\/en\/wp-json\/wp\/v2\/comments?post=1907544"}],"wp:featuredmedia":[{"embeddable":true,"href":"https:\/\/liquidmaster.pl\/en\/wp-json\/wp\/v2\/media\/1907546"}],"wp:attachment":[{"href":"https:\/\/liquidmaster.pl\/en\/wp-json\/wp\/v2\/media?parent=1907544"}],"wp:term":[{"taxonomy":"product_brand","embeddable":true,"href":"https:\/\/liquidmaster.pl\/en\/wp-json\/wp\/v2\/product_brand?post=1907544"},{"taxonomy":"product_cat","embeddable":true,"href":"https:\/\/liquidmaster.pl\/en\/wp-json\/wp\/v2\/product_cat?post=1907544"},{"taxonomy":"product_tag","embeddable":true,"href":"https:\/\/liquidmaster.pl\/en\/wp-json\/wp\/v2\/product_tag?post=1907544"}],"curies":[{"name":"wp","href":"https:\/\/api.w.org\/{rel}","templated":true}]}}