{"id":1907538,"date":"2025-07-27T14:14:06","date_gmt":"2025-07-27T12:14:06","guid":{"rendered":"https:\/\/liquidmaster.pl\/swag-exterior-plastic-tire-dressing-gel-v3-150ml-dressing-do-gumy-i-tworzysz-sztucznych\/"},"modified":"2026-04-18T04:49:40","modified_gmt":"2026-04-18T02:49:40","slug":"swag-exterior-plastic-tire-dressing-gel-v3-150ml-dressing-do-gumy-i-tworzysz-sztucznych","status":"publish","type":"product","link":"https:\/\/liquidmaster.pl\/en\/swag-exterior-plastic-tire-dressing-gel-v3-150ml-dressing-do-gumy-i-tworzysz-sztucznych\/","title":{"rendered":"Swag EXTERIOR PLASTIC TIRE DRESSING Gel V3 150ml &#8211; dressing do gumy i tworzysz sztucznych"},"content":{"rendered":"<p>Swag EXTERIOR PLASTIC TIRE DRESSING Gel+ V.3 jest to profesjonalny hydrofobowy dressing do konserwacji element\u00f3w zewn\u0119trznych pojazdu wykonanych z tworzyw sztucznych i gumy. Ten wyj\u0105tkowy Dressing stworzyli\u015bmy dla wszystkich Studi\u00f3w AD i Entuzjast\u00f3w autokosmetyki, kt\u00f3rzy poszukuj\u0105 skutecznego \u015brodka do zabezpieczenia powierzchni opon i element\u00f3w plastikowych karoserii przed negatywnymi czynnikami zewn\u0119trznymi.<\/p>\n<p>Swag EXTERIOR PLASTIC TIRE DRESSING Gel+ V.3 to preparat oparty na zaawansowanej formule Si-Polymer, w kt\u00f3rej zastosowano maksymalne st\u0119\u017cenie aktywnych sk\u0142adnik\u00f3w ochronnych, aby zapewni\u0107 skuteczn\u0105 i d\u0142ugotrwa\u0142\u0105 ochron\u0119 gumy oraz plastiku. G\u0142\u0119boko penetruj\u0105ca formu\u0142a wnika w struktur\u0119 powierzchni, tworz\u0105c trwa\u0142\u0105 i transparentn\u0105 warstw\u0119 ochronn\u0105 opart\u0105 na nowoczesnych polimerach. Dressing zabezpiecza materia\u0142y gumowe, winylowe i plastikowe przed degraduj\u0105cymi czynnikami zewn\u0119trznymi tj.: s\u00f3l drogowa i promieniowanie UV. Funkcja hydrofobowa pow\u0142oki Swag EXTERIOR PLASTIC TIRE DRESSING Gel+ V.3 u\u0142atwia piel\u0119gnacj\u0119 pojazdu przez utrudnienie zabrudzeniom przywierania do konserwowanej powierzchni. Dressing zapewnia najwy\u017csze walory wizualne w postaci wyr\u00f3wnania i pog\u0142\u0119bienia kolorytu konserwowanych element\u00f3w, pozostawiaj\u0105c satynowe wyko\u0144czenie. P\u0142ynna forma produktu umo\u017cliwia szybk\u0105 i dok\u0142adn\u0105 aplikacj\u0119.<\/p>\n<p>Swag EXTERIOR PLASTIC TIRE DRESSING Gel+ V.3 posiada wszystkiego atrybuty profesjonalnego Dressingu do element\u00f3w z tworzyw sztucznych tj.: Formu\u0142a Si-Polymer, wysoka wydajno\u015b\u0107, szybka aplikacja, d\u0142ugi czas ochrony, efekt hydrofobowo\u015bci i spot\u0119gowanie walor\u00f3w wizualnych.<\/p>\n<p>PROPERTIES<\/p>\n<ul>\n<li>Formu\u0142a Si &#8211; Polymer<\/li>\n<li>Hydrophobic protective coating<\/li>\n<li>Satin finish<\/li>\n<li>Does not leave a greasy residue<\/li>\n<li>Evens out and deepens the color<\/li>\n<li>D\u0142ugodystansowa ochrona<\/li>\n<li>Elementy gumowe i plastikowe<\/li>\n<li>Quick and easy application<\/li>\n<li>\u017belowa konsystencja\u00a0<\/li>\n<li>High performance<\/li>\n<li>Fruity scent<\/li>\n<li>For professionals and enthusiasts<\/li>\n<\/ul>\n<p>HOW TO USE<\/p>\n<li>SEPTDG+ V.3 aplikuj w zacienionym miejscu na ch\u0142odnej i czystej powierzchni.<\/li>\n<li>Shake the bottle before use.<\/li>\n<li>Na\u0142\u00f3\u017c niewielk\u0105 ilo\u015b\u0107 SEPTDG+ V.3 na aplikator g\u0105bkowy.<\/li>\n<li>Spread an even layer over the entire element.<\/li>\n<li>Je\u017celi powierzchnia jest zdegradowana i po aplikacji wydaje si\u0119 sucha, na\u0142\u00f3\u017c produkt raz jeszcze.<\/li>\n<li>Odczekaj po aplikacji do 15 min.<\/li>\n<li>Ewentualnie nadmiar mo\u017cesz zebra\u0107 mikrofibr\u0105.<\/li>\n<p>ADDITIONAL RECOMMENDATIONS\u00a0<\/p>\n<ul>\n<li>Do not freeze.<\/li>\n<li>Shake before use.<\/li>\n<li>Protect from sunlight.<\/li>\n<li>Store in a cool and dry place.<\/li>\n<\/ul>\n<p>Pojemno\u015b\u0107 150 ml<\/p>","protected":false},"excerpt":{"rendered":"<p>Swag EXTERIOR PLASTIC TIRE DRESSING Gel+ V.3 jest to profesjonalny hydrofobowy dressing do konserwacji element\u00f3w zewn\u0119trznych pojazdu wykonanych z tworzyw sztucznych i gumy. Ten wyj\u0105tkowy Dressing stworzyli\u015bmy dla wszystkich Studi\u00f3w AD i Entuzjast\u00f3w autokosmetyki, kt\u00f3rzy poszukuj\u0105 skutecznego \u015brodka do zabezpieczenia powierzchni opon i element\u00f3w plastikowych karoserii przed negatywnymi czynnikami zewn\u0119trznymi. Swag EXTERIOR PLASTIC TIRE DRESSING&hellip;&nbsp;<a href=\"https:\/\/liquidmaster.pl\/en\/swag-exterior-plastic-tire-dressing-gel-v3-150ml-dressing-do-gumy-i-tworzysz-sztucznych\/\" rel=\"bookmark\">Read More \u00bb<span class=\"screen-reader-text\">Swag EXTERIOR PLASTIC TIRE DRESSING Gel V3 150ml &#8211; dressing do gumy i tworzysz sztucznych<\/span><\/a><\/p>","protected":false},"featured_media":1907540,"comment_status":"open","ping_status":"open","template":"","meta":{"neve_meta_sidebar":"","neve_meta_container":"","neve_meta_enable_content_width":"","neve_meta_content_width":0,"neve_meta_title_alignment":"","neve_meta_author_avatar":"","neve_post_elements_order":"","neve_meta_disable_header":"","neve_meta_disable_footer":"","neve_meta_disable_title":"","_themeisle_gutenberg_block_has_review":false},"product_brand":[],"product_cat":[765,745,733],"product_tag":[],"class_list":{"0":"post-1907538","1":"product","2":"type-product","3":"status-publish","4":"has-post-thumbnail","6":"product_cat-dressingi","7":"product_cat-kola-i-opony","8":"product_cat-na-zewnatrz","10":"first","11":"instock","12":"taxable","13":"shipping-taxable","14":"purchasable","15":"product-type-simple"},"_links":{"self":[{"href":"https:\/\/liquidmaster.pl\/en\/wp-json\/wp\/v2\/product\/1907538","targetHints":{"allow":["GET"]}}],"collection":[{"href":"https:\/\/liquidmaster.pl\/en\/wp-json\/wp\/v2\/product"}],"about":[{"href":"https:\/\/liquidmaster.pl\/en\/wp-json\/wp\/v2\/types\/product"}],"replies":[{"embeddable":true,"href":"https:\/\/liquidmaster.pl\/en\/wp-json\/wp\/v2\/comments?post=1907538"}],"wp:featuredmedia":[{"embeddable":true,"href":"https:\/\/liquidmaster.pl\/en\/wp-json\/wp\/v2\/media\/1907540"}],"wp:attachment":[{"href":"https:\/\/liquidmaster.pl\/en\/wp-json\/wp\/v2\/media?parent=1907538"}],"wp:term":[{"taxonomy":"product_brand","embeddable":true,"href":"https:\/\/liquidmaster.pl\/en\/wp-json\/wp\/v2\/product_brand?post=1907538"},{"taxonomy":"product_cat","embeddable":true,"href":"https:\/\/liquidmaster.pl\/en\/wp-json\/wp\/v2\/product_cat?post=1907538"},{"taxonomy":"product_tag","embeddable":true,"href":"https:\/\/liquidmaster.pl\/en\/wp-json\/wp\/v2\/product_tag?post=1907538"}],"curies":[{"name":"wp","href":"https:\/\/api.w.org\/{rel}","templated":true}]}}