{"id":1907529,"date":"2025-07-27T14:11:02","date_gmt":"2025-07-27T12:11:02","guid":{"rendered":"https:\/\/liquidmaster.pl\/swag-deiron-bloody-wheel-cleaner-rtu-v1-1-500ml-deironizer-do-felg-i-lakieru\/"},"modified":"2026-04-18T04:49:38","modified_gmt":"2026-04-18T02:49:38","slug":"swag-deiron-bloody-wheel-cleaner-rtu-v1-1-500ml-deironizer-do-felg-i-lakieru","status":"publish","type":"product","link":"https:\/\/liquidmaster.pl\/en\/swag-deiron-bloody-wheel-cleaner-rtu-v11-500ml-deironizer-do-felg-i-lakieru\/","title":{"rendered":"Swag DEIRON BLOODY WHEEL CLEANER RTU V1.1 500ml &#8211; deironizer do felg i lakieru"},"content":{"rendered":"<p>Swag DEIRON BLOODY WHEEL CLEANER RTU V1.1 is a professional, ready-to-use, pH-balanced, gel-like &quot;bleeding&quot; Deironizer that removes metallic deposits. It was created for detailing studios and car care enthusiasts seeking an effective and safe product to neutralize dirt caused by brake dust and airborne rust from wheel and body surfaces.<\/p>\n<p>Swag DEIRON BLOODY WHEEL CLEANER RTU V1.1 has a concentrated gel formula that optimizes the deironization process. Its easy adhesion to surfaces enhances the removal of stubborn dirt. The product&#039;s active action involves reacting with metallic deposits. The process is indicated by the metallic dust changing to purple, which creates a characteristic &quot;bleeding&quot; effect on the surface. The product&#039;s attributes include its green color, which facilitates the identification of the application site, and a fruity scent that neutralizes the characteristic odor associated with deironization products.<\/p>\n<p>Swag DEIRON BLOODY WHEEL CLEANER RTU V1.1 has a safe pH for steel and aluminum rims, with painted and polished finishes.\u00a0<\/p>\n<p>Swag DEIRON BLOODY WHEEL CLEANER RTU V1.1 has all the attributes of a professional deironization product, i.e.: optimal strength, characteristic bleeding effect, increased adhesion to the surface, marking the application site with pigment, versatile action, safety for cleaned surfaces and a fruity scent that makes work more pleasant.<\/p>\n<p>PROPERTIES\u00a0<\/p>\n<ul>\n<li>The optimal formula for deironization<\/li>\n<li>Gel formula<\/li>\n<li>Balanced PH<\/li>\n<li>Bleed effect<\/li>\n<li>Optimal cleaning power<\/li>\n<li>Dedicated to paint decontamination<\/li>\n<li>Extracts metallic compounds<\/li>\n<li>Removes brake dust<\/li>\n<li>Versatile use<\/li>\n<li>High efficiency<\/li>\n<li>Immediate action<\/li>\n<li>Supports ongoing care<\/li>\n<li>For AD Studios and Enthusiasts<\/li>\n<\/ul>\n<p>HOW TO USE<\/p>\n<ul>\n<li>Use the SDBWC RTU in a shaded place on a cool surface.<\/li>\n<li>Do not allow the product to dry out.<\/li>\n<\/ul>\n<p>CLEANING THE RIMS<\/p>\n<li>Apply the agent to the surface using a sprayer.<\/li>\n<li>Wait up to 10 minutes, after a while a &quot;bleeding&quot; effect will appear.<\/li>\n<li>Pre-rinse the rims to remove any loose dirt, this will reduce the risk of scratching the surface.<\/li>\n<li>Repeat the SDBWC RTU application process.<\/li>\n<li>Brush the rims for a final clean.<\/li>\n<li>Rinse the rim surface thoroughly.<\/li>\n<li>Dry the wheels using a microfiber cloth or blower.<\/li>\n<li>To protect the surface, use e.g. SWAG CERAMIC RELOADER.<\/li>\n<p>PAINT DEIRONIZATION | removal of metallic filings<\/p>\n<li>Spray the entire vehicle body using a hand sprayer.<\/li>\n<li>Wait up to 10 minutes for the metallic deposit to be extracted.<\/li>\n<li>Rinse the entire surface of the vehicle.<\/li>\n<li>The varnish prepared in this way is ready for the next stage of decontamination.<\/li>\n<p>ADDITIONAL RECOMMENDATIONS<\/p>\n<ul>\n<li>Do not freeze.<\/li>\n<li>Shake before use.<\/li>\n<li>Protect from sunlight.<\/li>\n<li>Store in a cool and dry place.<\/li>\n<\/ul>\n<p>Capacity 500 ml<\/p>","protected":false},"excerpt":{"rendered":"<p>Swag DEIRON BLOODY WHEEL CLEANER RTU V1.1 jest to profesjonalny &#8221;krwawi\u0105cy&#8221; Deironizer gotowy do u\u017cycia o zbalansowanym pH i \u017celowej konsystencji, usuwaj\u0105cy metaliczne osady. Zosta\u0142 stworzony dla Studi\u00f3w Detailingowych i Entuzjast\u00f3w autokosmetyki, kt\u00f3rzy poszukuj\u0105 skutecznego i bezpiecznego produktu do neutralizacji zabrudze\u0144 spowodowanych py\u0142em hamulcowym i lotn\u0105 rdzy z powierzchni felg i karoserii. Swag DEIRON BLOODY&hellip;&nbsp;<a href=\"https:\/\/liquidmaster.pl\/en\/swag-deiron-bloody-wheel-cleaner-rtu-v11-500ml-deironizer-do-felg-i-lakieru\/\" rel=\"bookmark\">Read More \u00bb<span class=\"screen-reader-text\">Swag DEIRON BLOODY WHEEL CLEANER RTU V1.1 500ml &#8211; deironizer do felg i lakieru<\/span><\/a><\/p>","protected":false},"featured_media":1907531,"comment_status":"open","ping_status":"open","template":"","meta":{"neve_meta_sidebar":"","neve_meta_container":"","neve_meta_enable_content_width":"","neve_meta_content_width":0,"neve_meta_title_alignment":"","neve_meta_author_avatar":"","neve_post_elements_order":"","neve_meta_disable_header":"","neve_meta_disable_footer":"","neve_meta_disable_title":"","_themeisle_gutenberg_block_has_review":false},"product_brand":[],"product_cat":[744,743,733],"product_tag":[],"class_list":{"0":"post-1907529","1":"product","2":"type-product","3":"status-publish","4":"has-post-thumbnail","6":"product_cat-deironizacja","7":"product_cat-dekontaminacja","8":"product_cat-na-zewnatrz","10":"first","11":"instock","12":"taxable","13":"shipping-taxable","14":"purchasable","15":"product-type-simple"},"_links":{"self":[{"href":"https:\/\/liquidmaster.pl\/en\/wp-json\/wp\/v2\/product\/1907529","targetHints":{"allow":["GET"]}}],"collection":[{"href":"https:\/\/liquidmaster.pl\/en\/wp-json\/wp\/v2\/product"}],"about":[{"href":"https:\/\/liquidmaster.pl\/en\/wp-json\/wp\/v2\/types\/product"}],"replies":[{"embeddable":true,"href":"https:\/\/liquidmaster.pl\/en\/wp-json\/wp\/v2\/comments?post=1907529"}],"wp:featuredmedia":[{"embeddable":true,"href":"https:\/\/liquidmaster.pl\/en\/wp-json\/wp\/v2\/media\/1907531"}],"wp:attachment":[{"href":"https:\/\/liquidmaster.pl\/en\/wp-json\/wp\/v2\/media?parent=1907529"}],"wp:term":[{"taxonomy":"product_brand","embeddable":true,"href":"https:\/\/liquidmaster.pl\/en\/wp-json\/wp\/v2\/product_brand?post=1907529"},{"taxonomy":"product_cat","embeddable":true,"href":"https:\/\/liquidmaster.pl\/en\/wp-json\/wp\/v2\/product_cat?post=1907529"},{"taxonomy":"product_tag","embeddable":true,"href":"https:\/\/liquidmaster.pl\/en\/wp-json\/wp\/v2\/product_tag?post=1907529"}],"curies":[{"name":"wp","href":"https:\/\/api.w.org\/{rel}","templated":true}]}}