{"id":1907526,"date":"2025-07-27T14:10:06","date_gmt":"2025-07-27T12:10:06","guid":{"rendered":"https:\/\/liquidmaster.pl\/swag-deiron-bloody-wheel-cleaner-11-v2-500ml-skoncentrowany-deironizer-do-felg-i-lakieru\/"},"modified":"2026-04-20T08:30:46","modified_gmt":"2026-04-20T06:30:46","slug":"swag-deiron-bloody-wheel-cleaner-11-v2-500ml-skoncentrowany-deironizer-do-felg-i-lakieru","status":"publish","type":"product","link":"https:\/\/liquidmaster.pl\/en\/swag-deiron-bloody-wheel-cleaner-11-v2-500ml-skoncentrowany-deironizer-do-felg-i-lakieru\/","title":{"rendered":"Swag DEIRON BLOODY WHEEL CLEANER 1:1 V2 500ml &#8211; skoncentrowany deironizer do felg i lakieru"},"content":{"rendered":"<p>Swag DEIRON BLOODY WHEEL CLEANER+ V.2 jest to profesjonalny &#8221;krwawi\u0105cy&#8221; Deironizer o zbalansowanym pH, usuwaj\u0105cy metaliczne osady. Zosta\u0142 stworzony dla Studi\u00f3w Detailingowych i Entuzjast\u00f3w Autokosmetyki, kt\u00f3rzy poszukuj\u0105 skutecznego i bezpiecznego produktu do neutralizacji zabrudze\u0144 spowodowanych py\u0142em hamulcowym i lotn\u0105 rdzy z powierzchni felg i karoserii.<\/p>\n<p>Swag DEIRON BLOODY WHEEL CLEANER+ V.2 posiada skoncentrowan\u0105 formu\u0142\u0119, kt\u00f3ra optymalizuje proces deironizacji. Ze wzgl\u0119du na swoj\u0105 g\u0119st\u0105 konsystencj\u0119 z \u0142atwo\u015bci\u0105 przywiera do powierzchni, pot\u0119guj\u0105c tym si\u0142\u0119 odseparowania uci\u0105\u017cliwych zabrudze\u0144. Aktywne dzia\u0142anie produktu polega na wej\u015bcie w reakcje z metalicznymi osadami. Stan procesu wyznacza zmiana koloru metalicznego py\u0142u na barw\u0119 fioletow\u0105, kt\u00f3ra zapewnia charakterystyczny efekt \u201ekrwawienia\u201d powierzchni. Atrybutami produktu jest jego zielona barwa kt\u00f3ra u\u0142atwia okre\u015blenie miejsca aplikacji, a tak\u017ce owocowy zapach, kt\u00f3ry niweluje charakterystyczn\u0105 wo\u0144 towarzysz\u0105c\u0105 produktom do deironizacji.<\/p>\n<p>Swag DEIRON BLOODY WHEEL CLEANER+ V.2 posiada bezpieczne PH dla felg wykonanych z stali i aluminium, o wyko\u0144czeniu lakierowanym i polerowanych. Najwy\u017csz\u0105 si\u0142\u0119 produktu osi\u0105gniesz u\u017cywaj\u0105c gotowego SDBWC bez zmiany st\u0119\u017cenia. W celu przeprowadzania ekonomicznej deironizacji karoserii, u\u017cyj roztworu roboczego w st\u0119\u017ceniu 1:1 u\u017cywaj\u0105c opryskiwacza r\u0119cznego b\u0105d\u017a sprawd\u017a technik\u0119 aplikacji dodaj\u0105c SDBWC bezpo\u015brednio do pianownicy PA.<\/p>\n<p>Swag DEIRON BLOODY WHEEL CLEANER+ V.2 posiada wszystkie atrybuty profesjonalnego produktu do Deironizacji tj.: wysokie skoncentrowanie, optymaln\u0105 si\u0142\u0119, charakterystyczny efekt krwawienia, zwi\u0119kszone przywieranie do powierzchni, oznaczanie miejsca aplikacji pigmentem, wszechstronne dzia\u0142anie, bezpiecze\u0144stwo w stosunku do czyszczonych powierzchni i owocowy zapach umilaj\u0105cy prac\u0119.<\/p>\n<p>PROPERTIES\u00a0<\/p>\n<ul>\n<li>The optimal formula for deironization<\/li>\n<li>Balanced PH<\/li>\n<li>Bleed effect<\/li>\n<li>\u017belowa konsystencja<\/li>\n<li>Optimal cleaning power<\/li>\n<li>Dedicated to paint decontamination<\/li>\n<li>Extracts metallic compounds<\/li>\n<li>Removes brake dust<\/li>\n<li>Versatile use<\/li>\n<li>High efficiency<\/li>\n<li>Immediate action<\/li>\n<li>Supports ongoing care<\/li>\n<li>For AD Studios and Enthusiasts<\/li>\n<\/ul>\n<p>PROPORTIONS<\/p>\n<ul>\n<li>W celu przeprowadzania ekonomicznej deironizacji karoserii, u\u017cyj roztworu roboczego z wod\u0105 demineralizowan\u0105<\/li>\n<li>w st\u0119\u017ceniu 1:1 u\u017cywaj\u0105c opryskiwacza r\u0119cznego.<\/li>\n<\/ul>\n<p>HOW TO USE<\/p>\n<ul>\n<li>SDBWC+ u\u017cywaj w zacienionym miejscu na ch\u0142odnej powierzchni.<\/li>\n<li>Do not allow the product to dry out.<\/li>\n<\/ul>\n<p>CLEANING THE RIMS<\/p>\n<li>Apply the agent to the surface using a sprayer.<\/li>\n<li>Wait up to 10 minutes, after a while a &quot;bleeding&quot; effect will appear.<\/li>\n<li>Pre-rinse the rims to remove any loose dirt, this will reduce the risk of scratching the surface.<\/li>\n<li>Powt\u00f3rz proces aplikacji SDBWC+.<\/li>\n<li>Brush the rims for a final clean.<\/li>\n<li>Rinse the rim surface thoroughly.<\/li>\n<li>Dry the wheels using a microfiber cloth or blower.<\/li>\n<li>To protect the surface, use e.g. SWAG CERAMIC RELOADER.<\/li>\n<p>DEIRONIZACJA LAKIERU | usuwanie metalicznych opi\u0142k\u00f3w.<\/p>\n<li>Opryskaj ca\u0142\u0105 karoseri\u0119 pojazdu za pomoc\u0105 opryskiwacza r\u0119cznego b\u0105d\u017a pianownicy PA.<\/li>\n<li>Wait up to 10 minutes for the metallic deposit to be extracted.<\/li>\n<li>Rinse the entire surface of the vehicle.<\/li>\n<li>The varnish prepared in this way is ready for the next stage of decontamination.<\/li>\n<p>ADDITIONAL RECOMMENDATIONS<\/p>\n<ul>\n<li>Do not freeze.<\/li>\n<li>Shake before use.<\/li>\n<li>Protect from sunlight.<\/li>\n<li>Store in a cool and dry place.<\/li>\n<\/ul>\n<p>Capacity 500 ml<\/p>","protected":false},"excerpt":{"rendered":"<p>Swag DEIRON BLOODY WHEEL CLEANER+ V.2 jest to profesjonalny &#8221;krwawi\u0105cy&#8221; Deironizer o zbalansowanym pH, usuwaj\u0105cy metaliczne osady. Zosta\u0142 stworzony dla Studi\u00f3w Detailingowych i Entuzjast\u00f3w Autokosmetyki, kt\u00f3rzy poszukuj\u0105 skutecznego i bezpiecznego produktu do neutralizacji zabrudze\u0144 spowodowanych py\u0142em hamulcowym i lotn\u0105 rdzy z powierzchni felg i karoserii. Swag DEIRON BLOODY WHEEL CLEANER+ V.2 posiada skoncentrowan\u0105 formu\u0142\u0119, kt\u00f3ra&hellip;&nbsp;<a href=\"https:\/\/liquidmaster.pl\/en\/swag-deiron-bloody-wheel-cleaner-11-v2-500ml-skoncentrowany-deironizer-do-felg-i-lakieru\/\" rel=\"bookmark\">Read More \u00bb<span class=\"screen-reader-text\">Swag DEIRON BLOODY WHEEL CLEANER 1:1 V2 500ml &#8211; skoncentrowany deironizer do felg i lakieru<\/span><\/a><\/p>","protected":false},"featured_media":1907528,"comment_status":"open","ping_status":"open","template":"","meta":{"neve_meta_sidebar":"","neve_meta_container":"","neve_meta_enable_content_width":"","neve_meta_content_width":0,"neve_meta_title_alignment":"","neve_meta_author_avatar":"","neve_post_elements_order":"","neve_meta_disable_header":"","neve_meta_disable_footer":"","neve_meta_disable_title":"","_themeisle_gutenberg_block_has_review":false},"product_brand":[],"product_cat":[744,743,733],"product_tag":[],"class_list":{"0":"post-1907526","1":"product","2":"type-product","3":"status-publish","4":"has-post-thumbnail","6":"product_cat-deironizacja","7":"product_cat-dekontaminacja","8":"product_cat-na-zewnatrz","10":"first","11":"instock","12":"taxable","13":"shipping-taxable","14":"purchasable","15":"product-type-simple"},"_links":{"self":[{"href":"https:\/\/liquidmaster.pl\/en\/wp-json\/wp\/v2\/product\/1907526","targetHints":{"allow":["GET"]}}],"collection":[{"href":"https:\/\/liquidmaster.pl\/en\/wp-json\/wp\/v2\/product"}],"about":[{"href":"https:\/\/liquidmaster.pl\/en\/wp-json\/wp\/v2\/types\/product"}],"replies":[{"embeddable":true,"href":"https:\/\/liquidmaster.pl\/en\/wp-json\/wp\/v2\/comments?post=1907526"}],"wp:featuredmedia":[{"embeddable":true,"href":"https:\/\/liquidmaster.pl\/en\/wp-json\/wp\/v2\/media\/1907528"}],"wp:attachment":[{"href":"https:\/\/liquidmaster.pl\/en\/wp-json\/wp\/v2\/media?parent=1907526"}],"wp:term":[{"taxonomy":"product_brand","embeddable":true,"href":"https:\/\/liquidmaster.pl\/en\/wp-json\/wp\/v2\/product_brand?post=1907526"},{"taxonomy":"product_cat","embeddable":true,"href":"https:\/\/liquidmaster.pl\/en\/wp-json\/wp\/v2\/product_cat?post=1907526"},{"taxonomy":"product_tag","embeddable":true,"href":"https:\/\/liquidmaster.pl\/en\/wp-json\/wp\/v2\/product_tag?post=1907526"}],"curies":[{"name":"wp","href":"https:\/\/api.w.org\/{rel}","templated":true}]}}