{"id":1907523,"date":"2025-07-27T14:09:03","date_gmt":"2025-07-27T12:09:03","guid":{"rendered":"https:\/\/liquidmaster.pl\/swag-ceramic-rims-50ml-powloka-ceramiczna-do-felg\/"},"modified":"2026-04-20T08:30:45","modified_gmt":"2026-04-20T06:30:45","slug":"swag-ceramic-rims-50ml-powloka-ceramiczna-do-felg","status":"publish","type":"product","link":"https:\/\/liquidmaster.pl\/en\/swag-ceramic-rims-50ml-powloka-ceramiczna-do-felg\/","title":{"rendered":"Swag CERAMIC RIMS 50ml &#8211; pow\u0142oka ceramiczna do felg"},"content":{"rendered":"<p>Swag CERAMIC RIMS to pow\u0142oka ceramiczna przeznaczona do zabezpieczenia felg aluminiowych, chromowanych, polerowanych i lakierowanych. Stworzyli\u015bmy j\u0105 dla profesjonalist\u00f3w i bezkompromisowych hobbyst\u00f3w.<\/p>\n<p>Swag CERAMIC RIMS zapewnia ochron\u0119 przed czynnikami zewn\u0119trznymi takimi jak kurz, b\u0142oto, olej, s\u00f3l drogowa i metaliczny py\u0142 z ok\u0142adzin klock\u00f3w hamulcowych. Ponadto minimalizuje ryzyko zarysowania, utleniania i korozji felg. Formu\u0142a pow\u0142oki dostosowana jest do trudnych warunk\u00f3w spowodowanych prac\u0105 uk\u0142adu hamulcowego, wysokiej temperatury i kontaktu powierzchni z roz\u017carzonym py\u0142em hamulcowym.<\/p>\n<p>Po na\u0142o\u017ceniu Swag CERAMIC RIMS na elementy lakierowane felg, uzyskujemy niesamowity efekt wizualny \u2013 szklisto\u015b\u0107, g\u0142\u0119bi\u0119 i przyciemnienie powierzchni.<\/p>\n<p>Swag CERAMIC RIMS tworzy pow\u0142ok\u0119 ochronn\u0105 i hydrofobow\u0105, kt\u00f3ra zapewnia efekt \u201esamoczyszcz\u0105cy\u201d, u\u0142atwiaj\u0105c utrzymanie powierzchni w bezwzgl\u0119dnej czysto\u015bci.<\/p>\n<p>NAJWA\u017bNIEJSZE CECHY<\/p>\n<ul>\n<li>Ceramiczna formu\u0142a<\/li>\n<li>Permanentna pow\u0142oka\u00a0<\/li>\n<li>Ochrona felg aluminiowych i stalowych\u00a0<\/li>\n<li>Odporna na wysok\u0105 temperatur\u0119\u00a0<\/li>\n<li>Dla profesjonalist\u00f3w i entuzjast\u00f3w<\/li>\n<li>Efekt p\u0142ynnego szk\u0142a<\/li>\n<li>Niespotykana twardo\u015b\u0107<\/li>\n<li>K\u0105t zwil\u017cania powy\u017cej 120\u00b0<\/li>\n<li>Grubo\u015b\u0107 pow\u0142oki do 0,8 \u03bcm<\/li>\n<li>Odporno\u015b\u0107 na pH 2-11<\/li>\n<li>Niezr\u00f3wnana hydrofobowo\u015b\u0107<\/li>\n<li>Skuteczna d\u0142ugodystansowa protekcja<\/li>\n<li>Reduces the risk of scratches<\/li>\n<li>Chroni przed czynnikami zewn\u0119trznymi<\/li>\n<li>Pot\u0119guje po\u0142ysk i g\u0142\u0119bie lakieru<\/li>\n<li>Enhances metallic reflections<\/li>\n<li>Przyspiesza piel\u0119gnacje felg<\/li>\n<li>Wspiera ka\u017cd\u0105 mark\u0119 samochodow\u0105<\/li>\n<li>Exceptional performance<\/li>\n<li>Easy application\u00a0<\/li>\n<li>Dla studi\u00f3w AD i entuzjast\u00f3w\u00a0<\/li>\n<\/ul>\n<p>CZAS OCHRONY\u00a0<\/p>\n<ul>\n<li>do 2 lat\u00a0<\/li>\n<\/ul>\n<p>APPLICATION METHOD<\/p>\n<li>SCR aplikuj w zamkni\u0119tym pomieszczeniu z temperatur\u0105 powietrza min. 20\u00b0C.<\/li>\n<li>Dla optymalnego efektu, lakier felg nie powinien mie\u0107 zarysowa\u0144.<\/li>\n<li>W przypadku degradacji wypoleruj lakier zgodnie z technik\u0105 np. SWAG ONE STEP POLISH<\/li>\n<li>Powierzchnia do aplikacji powinna by\u0107 sucha, ch\u0142odna i wolna od zat\u0142uszcze\u0144.<\/li>\n<li>Przed u\u017cyciem w strz\u0105\u015bnij butelk\u0105.<\/li>\n<li>Na aplikator g\u0105bkowy owini\u0119ty \u015bciereczk\u0105 typu Suede, na\u0142\u00f3\u017c kilka kropli SCR.<\/li>\n<li>SCR Aplikuj na wybranym obszarze roboczy np. front felgi, ruchem krzy\u017cowym pion poziom.<\/li>\n<li>Po ok. 10 min. delikatnie wypoleruj powierzchni\u0119 mikrofibr\u0105 w celu wyr\u00f3wnania warstwy pow\u0142oki.<\/li>\n<li>Przejd\u017a do wewn\u0119trznej cz\u0119\u015bci felgi, post\u0119puj zgodnie z procedur\u0105 aplikacji SCR, do czasu pokrycia ca\u0142ego kompletu k\u00f3\u0142.<\/li>\n<li>Odczekaj min. 3h, je\u015bli posiadasz lamp\u0119 IR wygrzej pow\u0142ok\u0119 w temp. 50-60\u00b0C do 10 minut, aby skr\u00f3ci\u0107 czas wi\u0105zania.<\/li>\n<li>Po interwale czasowym, na\u0142o\u017cy\u0107 kolejn\u0105 warstw\u0119 zgodnie z technik\u0105.<\/li>\n<li>Ilo\u015b\u0107 zalecanych warstw 2-3.<\/li>\n<li>Czas utwardzenia wst\u0119pnego pow\u0142oki 12h \u2013 bez kontaktu z wod\u0105.<\/li>\n<li>Pe\u0142ne utwardzenie nast\u0119puje po min. 7 dniach.<\/li>\n<li>W tym okresie nale\u017cy my\u0107 auto bez u\u017cycia chemii, tylko sp\u0142ukuj\u0105c wod\u0105.<\/li>\n<li>Tylko profesjonalne przygotowanie felgi i dok\u0142adna aplikacja gwarantuj\u0105 doskona\u0142\u0105 trwa\u0142o\u015b\u0107 i w\u0142a\u015bciwo\u015bci ochronne pow\u0142oki.<\/li>\n<li>Do czyszczenia pojazdu u\u017cywaj kosmetyk\u00f3w o PH neutralnym b\u0105d\u017a lekko kwa\u015bnym\/zasadowym.<\/li>\n<li>Do piel\u0119gnacji pow\u0142oki zalecamy u\u017cycie SWAG CERAMIC RELOADER w czasie bie\u017c\u0105cego mycia pojazdu.<\/li>\n<p>ADDITIONAL RECOMMENDATIONS<\/p>\n<ul>\n<li>Do not freeze.<\/li>\n<li>Shake before use.<\/li>\n<li>Protect from sunlight.<\/li>\n<li>Store in a cool and dry place.<\/li>\n<\/ul>\n<p>THE SET INCLUDES\u00a0<\/p>\n<ul>\n<li>1 x Aplikator<\/li>\n<li>1 x Kroplomierz do precyzyjnej aplikacji pow\u0142oki<\/li>\n<li>3 x Mikrofibrow\u0105 \u015bciereczk\u0119 typu suede<\/li>\n<li>2 x Holograficzny certyfikat z miejscem na dat\u0119 aplikacji do umiejscowienia w progu pojazdu<\/li>\n<li>1 x \u015aciereczka mikrofibrow\u0105 o wysokiej gramaturze i laserowo ci\u0119tych rogach<\/li>\n<\/ul>\n<p>CAPACITY<\/p>\n<ul>\n<li>50ml\u00a0 |\u00a0 Wystarczy na zabezpieczenie do 3 komplet\u00f3w felg.<\/li>\n<\/ul>","protected":false},"excerpt":{"rendered":"<p>Swag CERAMIC RIMS to pow\u0142oka ceramiczna przeznaczona do zabezpieczenia felg aluminiowych, chromowanych, polerowanych i lakierowanych. Stworzyli\u015bmy j\u0105 dla profesjonalist\u00f3w i bezkompromisowych hobbyst\u00f3w. Swag CERAMIC RIMS zapewnia ochron\u0119 przed czynnikami zewn\u0119trznymi takimi jak kurz, b\u0142oto, olej, s\u00f3l drogowa i metaliczny py\u0142 z ok\u0142adzin klock\u00f3w hamulcowych. Ponadto minimalizuje ryzyko zarysowania, utleniania i korozji felg. Formu\u0142a pow\u0142oki dostosowana&hellip;&nbsp;<a href=\"https:\/\/liquidmaster.pl\/en\/swag-ceramic-rims-50ml-powloka-ceramiczna-do-felg\/\" rel=\"bookmark\">Read More \u00bb<span class=\"screen-reader-text\">Swag CERAMIC RIMS 50ml &#8211; pow\u0142oka ceramiczna do felg<\/span><\/a><\/p>","protected":false},"featured_media":1907525,"comment_status":"open","ping_status":"open","template":"","meta":{"neve_meta_sidebar":"","neve_meta_container":"","neve_meta_enable_content_width":"","neve_meta_content_width":0,"neve_meta_title_alignment":"","neve_meta_author_avatar":"","neve_post_elements_order":"","neve_meta_disable_header":"","neve_meta_disable_footer":"","neve_meta_disable_title":"","_themeisle_gutenberg_block_has_review":false},"product_brand":[],"product_cat":[745,733,776],"product_tag":[],"class_list":{"0":"post-1907523","1":"product","2":"type-product","3":"status-publish","4":"has-post-thumbnail","6":"product_cat-kola-i-opony","7":"product_cat-na-zewnatrz","8":"product_cat-zabezpieczanie-felg","10":"first","11":"outofstock","12":"taxable","13":"shipping-taxable","14":"purchasable","15":"product-type-simple"},"_links":{"self":[{"href":"https:\/\/liquidmaster.pl\/en\/wp-json\/wp\/v2\/product\/1907523","targetHints":{"allow":["GET"]}}],"collection":[{"href":"https:\/\/liquidmaster.pl\/en\/wp-json\/wp\/v2\/product"}],"about":[{"href":"https:\/\/liquidmaster.pl\/en\/wp-json\/wp\/v2\/types\/product"}],"replies":[{"embeddable":true,"href":"https:\/\/liquidmaster.pl\/en\/wp-json\/wp\/v2\/comments?post=1907523"}],"wp:featuredmedia":[{"embeddable":true,"href":"https:\/\/liquidmaster.pl\/en\/wp-json\/wp\/v2\/media\/1907525"}],"wp:attachment":[{"href":"https:\/\/liquidmaster.pl\/en\/wp-json\/wp\/v2\/media?parent=1907523"}],"wp:term":[{"taxonomy":"product_brand","embeddable":true,"href":"https:\/\/liquidmaster.pl\/en\/wp-json\/wp\/v2\/product_brand?post=1907523"},{"taxonomy":"product_cat","embeddable":true,"href":"https:\/\/liquidmaster.pl\/en\/wp-json\/wp\/v2\/product_cat?post=1907523"},{"taxonomy":"product_tag","embeddable":true,"href":"https:\/\/liquidmaster.pl\/en\/wp-json\/wp\/v2\/product_tag?post=1907523"}],"curies":[{"name":"wp","href":"https:\/\/api.w.org\/{rel}","templated":true}]}}