{"id":1907514,"date":"2025-07-27T14:06:06","date_gmt":"2025-07-27T12:06:06","guid":{"rendered":"https:\/\/liquidmaster.pl\/swag-ceramic-one-50ml-zaawansowana-powloka-ceramiczna-do-lakieru\/"},"modified":"2026-04-20T08:30:43","modified_gmt":"2026-04-20T06:30:43","slug":"swag-ceramic-one-50ml-zaawansowana-powloka-ceramiczna-do-lakieru","status":"publish","type":"product","link":"https:\/\/liquidmaster.pl\/en\/swag-ceramic-one-50ml-zaawansowana-powloka-ceramiczna-do-lakieru\/","title":{"rendered":"Swag CERAMIC ONE 50ml \u2013 advanced ceramic paint coating"},"content":{"rendered":"<p>Swag CERAMIC ONE jest to jednokomponentowa pow\u0142oka ceramiczna, kt\u00f3r\u0105 stworzyli\u015bmy dla profesjonalist\u00f3w i bezkompromisowych hobbyst\u00f3w. Zadaniem naszej pow\u0142oki jest ochrona element\u00f3w lakierowanych, plastikowych i metalowych przed negatywnymi czynnikami zewn\u0119trznymi \u2013 minimalizuj\u0105c ryzyko zarysowania, utleniania i korozji.<\/p>\n<p>Formu\u0142a pow\u0142oki Swag CERAMIC ONE wywodzi si\u0119 z naszego najbardziej zaawansowanego produktu Ceramicznego w wersji PRO.<\/p>\n<p>Swag CERAMIC ONE wizualnie zwi\u0119ksza g\u0142\u0119bi\u0119 koloru i szklisto\u015b\u0107 lakieru, a tak\u017ce nadaje w\u0142a\u015bciwo\u015bci hydrofobowe powierzchni zapewniaj\u0105c efekt &#8221;samooczyszczenia\u201d, u\u0142atwiaj\u0105c utrzymanie powierzchni w bezwzgl\u0119dnej czysto\u015bci.<\/p>\n<p>PROPERTIES\u00a0<\/p>\n<ul>\n<li>Ceramiczna formu\u0142a<\/li>\n<li>Permanentna pow\u0142oka\u00a0<\/li>\n<li>Dla profesjonalist\u00f3w i entuzjast\u00f3w<\/li>\n<li>Efekt p\u0142ynnego szk\u0142a<\/li>\n<li>Niespotykana twardo\u015b\u0107<\/li>\n<li>K\u0105t zwil\u017cania: powy\u017cej 120\u00b0<\/li>\n<li>Niezr\u00f3wnana hydrofobowo\u015b\u0107<\/li>\n<li>Skuteczna d\u0142ugodystansowa protekcja<\/li>\n<li>Reduces the risk of scratches<\/li>\n<li>Chroni przed czynnikami zewn\u0119trznymi<\/li>\n<li>Pot\u0119guje po\u0142ysk i g\u0142\u0119bie lakieru<\/li>\n<li>Enhances metallic reflections<\/li>\n<li>Przyspiesza mycie pojazdu<\/li>\n<li>Wspiera ka\u017cd\u0105 mark\u0119 samochodow\u0105<\/li>\n<li>Exceptional performance<\/li>\n<li>Grubo\u015b\u0107 pow\u0142oki do 0,7 \u03bcm<\/li>\n<li>Odporno\u015b\u0107 na pH 2-11<\/li>\n<li>For AD Studios and Enthusiasts\u00a0<\/li>\n<\/ul>\n<p>CZAS OCHRONY\u00a0<\/p>\n<ul>\n<li>do 2 lat<\/li>\n<\/ul>\n<p>APPLICATION METHOD<\/p>\n<li>SCO zalecamy nak\u0142ada\u0107 w zamkni\u0119tym pomieszczeniu z temperatur\u0105 powietrza min. 20\u00b0C.<\/li>\n<li>Dla optymalnego efektu, lakier felg nie powinien posiada\u0107 zarysowa\u0144.<\/li>\n<li>W przypadku degradacji wypoleruj lakier zgodnie z technik\u0105 np. SWAG ONE STEP POLISH.<\/li>\n<li>Powierzchnia do aplikacji powinna by\u0107 sucha, ch\u0142odna i wolna od zat\u0142uszcze\u0144.<\/li>\n<li>Shake the bottle before use.<\/li>\n<li>Na aplikator g\u0105bkowy owini\u0119ty \u015bciereczk\u0105 typu suede, na\u0142\u00f3\u017c kilka kropli SCO.<\/li>\n<li>Aplikuj SCO na obszarze do 50&#215;50 cm, ruchem krzy\u017cowym \u2013 pion \/ poziom.<\/li>\n<li>Odczekaj min. 3 minuty, delikatnie wypoleruj powierzchni\u0119 mikrofibr\u0105 w celu wyr\u00f3wnania warstwy pow\u0142oki.<\/li>\n<li>Przejd\u017a do nast\u0119pnego elementu, post\u0119puj zgodnie z procedur\u0105 do czasu pokrycia SCO ca\u0142ej karoserii.<\/li>\n<li>Odczekaj min. 3h, je\u015bli posiadasz lamp\u0119 IR wygrzej pow\u0142ok\u0119 w temp. 50-60\u00b0C do 10 minut, aby skr\u00f3ci\u0107 czas wi\u0105zania.<\/li>\n<li>Po interwale czasowym, na\u0142o\u017cy\u0107 kolejn\u0105 warstw\u0119 zgodnie z technik\u0105. Ilo\u015b\u0107 zalecanych warstw 2-3.<\/li>\n<li>Czas utwardzenia wst\u0119pnego pow\u0142oki 12h \u2013 bez kontaktu z wod\u0105.<\/li>\n<li>Pe\u0142ne utwardzenie nast\u0119puje po min. 7 dniach.<\/li>\n<li>W tym okresie nale\u017cy my\u0107 auto bez u\u017cycia chemii, tylko sp\u0142ukuj\u0105c wod\u0105.<\/li>\n<li>Tylko profesjonalne przygotowanie lakieru i dok\u0142adna aplikacja gwarantuj\u0105 doskona\u0142\u0105 trwa\u0142o\u015b\u0107 i w\u0142a\u015bciwo\u015bci ochronne pow\u0142oki.<\/li>\n<li>Do czyszczenia pojazdu u\u017cywaj kosmetyk\u00f3w o PH neutralnym b\u0105d\u017a lekko kwa\u015bnym\/zasadowym.<\/li>\n<li>Do piel\u0119gnacji pow\u0142oki w czasie bie\u017c\u0105cego mycia u\u017cywaj SWAG CERAMIC REOLOADER.<\/li>\n<p>ADDITIONAL RECOMMENDATIONS<\/p>\n<ul>\n<li>Do not freeze.<\/li>\n<li>Shake before use.<\/li>\n<li>Protect from sunlight.<\/li>\n<li>Store in a cool and dry place.<\/li>\n<\/ul>\n<p>THE SET INCLUDES<\/p>\n<ul>\n<li>1 x Aplikator<\/li>\n<li>1 x Kroplomierz do precyzyjnej aplikacji pow\u0142oki<\/li>\n<li>3 x Mikrofibrowa \u015bciereczka typu suede<\/li>\n<li>2 x Holograficzny certyfikat z miejscem na dat\u0119 aplikacji do umiejscowienia w progu pojazdu<\/li>\n<li>1 x \u015aciereczka mikrofibrowa o wysokiej gramaturze i laserowo ci\u0119tych rogach<\/li>\n<\/ul>\n<p>CAPACITY\u00a0<\/p>\n<ul>\n<li>50ml | Wystarczy na zabezpieczenie do 2 aut.\u00a0<\/li>\n<\/ul>","protected":false},"excerpt":{"rendered":"<p>Swag CERAMIC ONE jest to jednokomponentowa pow\u0142oka ceramiczna, kt\u00f3r\u0105 stworzyli\u015bmy dla profesjonalist\u00f3w i bezkompromisowych hobbyst\u00f3w. Zadaniem naszej pow\u0142oki jest ochrona element\u00f3w lakierowanych, plastikowych i metalowych przed negatywnymi czynnikami zewn\u0119trznymi \u2013 minimalizuj\u0105c ryzyko zarysowania, utleniania i korozji. Formu\u0142a pow\u0142oki Swag CERAMIC ONE wywodzi si\u0119 z naszego najbardziej zaawansowanego produktu Ceramicznego w wersji PRO. Swag CERAMIC ONE&hellip;&nbsp;<a href=\"https:\/\/liquidmaster.pl\/en\/swag-ceramic-one-50ml-zaawansowana-powloka-ceramiczna-do-lakieru\/\" rel=\"bookmark\">Read More \u00bb<span class=\"screen-reader-text\">Swag CERAMIC ONE 50ml \u2013 advanced ceramic paint coating<\/span><\/a><\/p>","protected":false},"featured_media":1907516,"comment_status":"open","ping_status":"open","template":"","meta":{"neve_meta_sidebar":"","neve_meta_container":"","neve_meta_enable_content_width":"","neve_meta_content_width":0,"neve_meta_title_alignment":"","neve_meta_author_avatar":"","neve_post_elements_order":"","neve_meta_disable_header":"","neve_meta_disable_footer":"","neve_meta_disable_title":"","_themeisle_gutenberg_block_has_review":false},"product_brand":[],"product_cat":[733,766,775],"product_tag":[],"class_list":{"0":"post-1907514","1":"product","2":"type-product","3":"status-publish","4":"has-post-thumbnail","6":"product_cat-na-zewnatrz","7":"product_cat-ochrona-lakieru","8":"product_cat-powloki-ceramiczne","10":"first","11":"outofstock","12":"taxable","13":"shipping-taxable","14":"purchasable","15":"product-type-simple"},"_links":{"self":[{"href":"https:\/\/liquidmaster.pl\/en\/wp-json\/wp\/v2\/product\/1907514","targetHints":{"allow":["GET"]}}],"collection":[{"href":"https:\/\/liquidmaster.pl\/en\/wp-json\/wp\/v2\/product"}],"about":[{"href":"https:\/\/liquidmaster.pl\/en\/wp-json\/wp\/v2\/types\/product"}],"replies":[{"embeddable":true,"href":"https:\/\/liquidmaster.pl\/en\/wp-json\/wp\/v2\/comments?post=1907514"}],"wp:featuredmedia":[{"embeddable":true,"href":"https:\/\/liquidmaster.pl\/en\/wp-json\/wp\/v2\/media\/1907516"}],"wp:attachment":[{"href":"https:\/\/liquidmaster.pl\/en\/wp-json\/wp\/v2\/media?parent=1907514"}],"wp:term":[{"taxonomy":"product_brand","embeddable":true,"href":"https:\/\/liquidmaster.pl\/en\/wp-json\/wp\/v2\/product_brand?post=1907514"},{"taxonomy":"product_cat","embeddable":true,"href":"https:\/\/liquidmaster.pl\/en\/wp-json\/wp\/v2\/product_cat?post=1907514"},{"taxonomy":"product_tag","embeddable":true,"href":"https:\/\/liquidmaster.pl\/en\/wp-json\/wp\/v2\/product_tag?post=1907514"}],"curies":[{"name":"wp","href":"https:\/\/api.w.org\/{rel}","templated":true}]}}