{"id":1907511,"date":"2025-07-27T14:05:03","date_gmt":"2025-07-27T12:05:03","guid":{"rendered":"https:\/\/liquidmaster.pl\/swag-ceramic-coat-reloader-v3-500ml-hybrydowa-powloka-ochronna\/"},"modified":"2026-04-18T04:49:35","modified_gmt":"2026-04-18T02:49:35","slug":"swag-ceramic-coat-reloader-v3-500ml-hybrydowa-powloka-ochronna","status":"publish","type":"product","link":"https:\/\/liquidmaster.pl\/en\/swag-ceramic-coat-reloader-v3-500ml-hybrydowa-powloka-ochronna\/","title":{"rendered":"Swag CERAMIC COAT RELOADER V3 500ml \u2013 hybrid protective coating"},"content":{"rendered":"<p>Swag Ceramic Coat Reloader V.3\u00a0 jest to profesjonalna, hybrydowa pow\u0142oka ochronna. Zosta\u0142a stworzona dla wszystkich Studi\u00f3w AD i Entuzjast\u00f3w autokosmetyki, kt\u00f3rzy poszukuj\u0105 produktu \u0142\u0105cz\u0105cego indywidulne zabezpieczenie pojazdu i reloader do piel\u0119gnacji pow\u0142ok ceramicznych.<\/p>\n<p>Swag Ceramic Coat Reloader V.3\u00a0 opiera si\u0119 o wyj\u0105tkow\u0105, now\u0105 ceramiczn\u0105 formu\u0142\u0119, kt\u00f3ra natychmiastowo po aplikacji wi\u0105\u017ce si\u0119 z powierzchni\u0105. Pow\u0142oka zapewnia ochron\u0119 przed czynnikami zewn\u0119trznymi tj.: s\u00f3l drogowa b\u0105d\u017a promieniowanie UV, kt\u00f3re wp\u0142ywaj\u0105 na oksydacj\u0119 i erozj\u0119 lakieru.<\/p>\n<p>Pokryte elementy Swag Ceramic Coat Reloader V.3 nabieraj\u0105 w\u0142a\u015bciwo\u015bci hydrofobowych, k\u0105t zwil\u017cania wody wzrasta do miana powierzchni &#8221;samoczyszcz\u0105cej\u201d. Niezale\u017cnie od rodzaju lakieru, jego stanu i koloru, produkt pot\u0119guje walory wizualne tj.: g\u0142\u0119bi\u0119 koloru, po\u0142ysk, szklisto\u015b\u0107, mienienie si\u0119 metalicznej miki i opalizacj\u0119 per\u0142owych p\u0142atk\u00f3w.<\/p>\n<p>Swag Ceramic Coat Reloader V.3\u00a0 jest wszechstronn\u0105 pow\u0142ok\u0105, kt\u00f3ra skutecznie zabezpiecza powierzchnie: lakierowane, szklane, plastikowe i twarde gumowe. Czas ochrony uzale\u017cniony jest od przygotowania powierzchni, bie\u017c\u0105cej piel\u0119gnacji pojazdu i jego eksploatacji. U\u017cywaj\u0105c SWAG HYDRO COAT podczas mycia pojazdu wyd\u0142u\u017cysz czas ochrony reloadera do 4 miesi\u0119cy.<\/p>\n<p>Swag Ceramic Coat Reloader V.3 posiada wszystkie atrybuty profesjonalnego Ceramic reloadera tj.: wysoka wydajno\u015b\u0107, szybka aplikacja, d\u0142ugi czas ochrony, efekt hydrofobowo\u015bci, podniesienie walor\u00f3w wizualnych i owocowy zapach umilaj\u0105cy prac\u0119.<\/p>\n<p>PROPERTIES\u00a0<\/p>\n<ul>\n<li>Quick Ceramic Formula<\/li>\n<li>Unparalleled hydrophobic effect<\/li>\n<li>Ceramic coating booster<\/li>\n<li>Pot\u0119guje g\u0142\u0119bie i po\u0142ysku lakieru<\/li>\n<li>Supports the protection of glass and hard plastic<\/li>\n<li>Chroni przed degradacjami min. utlenianiem, UV<\/li>\n<li>Reduces the risk of scratches<\/li>\n<li>Makes washing the vehicle easier<\/li>\n<li>Instant application<\/li>\n<li>High performance<\/li>\n<li>For AD Studios and Enthusiasts<\/li>\n<\/ul>\n<p>APPLICATION METHOD<\/p>\n<li>SCCR V.3 aplikuj na suchej, ch\u0142odne i wolnej od zat\u0142uszcze\u0144 powierzchni.<\/li>\n<li>Shake the bottle before use.<\/li>\n<li>Apply a small amount to a sponge\/microfiber applicator.<\/li>\n<li>Rozprowad\u017a SCCR V.3 na ca\u0142ej powierzchni elementu.<\/li>\n<li>Dotrzyj produkt od razu po na\u0142o\u017ceniu.\u00a0<\/li>\n<li>Polish the surface with a heavy-duty microfiber cloth.<\/li>\n<li>W przypadku trudno\u015bci z dotarciem zmie\u0144 mikrofibr\u0119 na now\u0105.<\/li>\n<p>ADDITIONAL RECOMMENDATIONS<\/p>\n<ul>\n<li>Do not freeze.<\/li>\n<li>Shake before use.<\/li>\n<li>Protect from sunlight.<\/li>\n<li>Store in a cool and dry place.<\/li>\n<\/ul>\n<p>CAPACITY<\/p>\n<ul>\n<li>\u00a02 x 250ml<\/li>\n<\/ul>","protected":false},"excerpt":{"rendered":"<p>Swag Ceramic Coat Reloader V.3\u00a0 jest to profesjonalna, hybrydowa pow\u0142oka ochronna. Zosta\u0142a stworzona dla wszystkich Studi\u00f3w AD i Entuzjast\u00f3w autokosmetyki, kt\u00f3rzy poszukuj\u0105 produktu \u0142\u0105cz\u0105cego indywidulne zabezpieczenie pojazdu i reloader do piel\u0119gnacji pow\u0142ok ceramicznych. Swag Ceramic Coat Reloader V.3\u00a0 opiera si\u0119 o wyj\u0105tkow\u0105, now\u0105 ceramiczn\u0105 formu\u0142\u0119, kt\u00f3ra natychmiastowo po aplikacji wi\u0105\u017ce si\u0119 z powierzchni\u0105. Pow\u0142oka zapewnia&hellip;&nbsp;<a href=\"https:\/\/liquidmaster.pl\/en\/swag-ceramic-coat-reloader-v3-500ml-hybrydowa-powloka-ochronna\/\" rel=\"bookmark\">Read More \u00bb<span class=\"screen-reader-text\">Swag CERAMIC COAT RELOADER V3 500ml \u2013 hybrid protective coating<\/span><\/a><\/p>","protected":false},"featured_media":1907513,"comment_status":"open","ping_status":"open","template":"","meta":{"neve_meta_sidebar":"","neve_meta_container":"","neve_meta_enable_content_width":"","neve_meta_content_width":0,"neve_meta_title_alignment":"","neve_meta_author_avatar":"","neve_post_elements_order":"","neve_meta_disable_header":"","neve_meta_disable_footer":"","neve_meta_disable_title":"","_themeisle_gutenberg_block_has_review":false},"product_brand":[],"product_cat":[733,766,775],"product_tag":[],"class_list":{"0":"post-1907511","1":"product","2":"type-product","3":"status-publish","4":"has-post-thumbnail","6":"product_cat-na-zewnatrz","7":"product_cat-ochrona-lakieru","8":"product_cat-powloki-ceramiczne","10":"first","11":"instock","12":"taxable","13":"shipping-taxable","14":"purchasable","15":"product-type-simple"},"_links":{"self":[{"href":"https:\/\/liquidmaster.pl\/en\/wp-json\/wp\/v2\/product\/1907511","targetHints":{"allow":["GET"]}}],"collection":[{"href":"https:\/\/liquidmaster.pl\/en\/wp-json\/wp\/v2\/product"}],"about":[{"href":"https:\/\/liquidmaster.pl\/en\/wp-json\/wp\/v2\/types\/product"}],"replies":[{"embeddable":true,"href":"https:\/\/liquidmaster.pl\/en\/wp-json\/wp\/v2\/comments?post=1907511"}],"wp:featuredmedia":[{"embeddable":true,"href":"https:\/\/liquidmaster.pl\/en\/wp-json\/wp\/v2\/media\/1907513"}],"wp:attachment":[{"href":"https:\/\/liquidmaster.pl\/en\/wp-json\/wp\/v2\/media?parent=1907511"}],"wp:term":[{"taxonomy":"product_brand","embeddable":true,"href":"https:\/\/liquidmaster.pl\/en\/wp-json\/wp\/v2\/product_brand?post=1907511"},{"taxonomy":"product_cat","embeddable":true,"href":"https:\/\/liquidmaster.pl\/en\/wp-json\/wp\/v2\/product_cat?post=1907511"},{"taxonomy":"product_tag","embeddable":true,"href":"https:\/\/liquidmaster.pl\/en\/wp-json\/wp\/v2\/product_tag?post=1907511"}],"curies":[{"name":"wp","href":"https:\/\/api.w.org\/{rel}","templated":true}]}}