{"id":1907493,"date":"2025-07-27T13:58:05","date_gmt":"2025-07-27T11:58:05","guid":{"rendered":"https:\/\/liquidmaster.pl\/swag-basic-textil-cleaner-500ml-srodek-do-czyszczenia-tekstyliow\/"},"modified":"2026-04-18T04:49:32","modified_gmt":"2026-04-18T02:49:32","slug":"swag-basic-textil-cleaner-500ml-srodek-do-czyszczenia-tekstyliow","status":"publish","type":"product","link":"https:\/\/liquidmaster.pl\/en\/swag-basic-textil-cleaner-500ml-srodek-do-czyszczenia-tekstyliow\/","title":{"rendered":"Swag BASIC TEXTIL CLEANER 500ml &#8211; \u015brodek do czyszczenia tekstyli\u00f3w"},"content":{"rendered":"<p>Swag BASIC TEXTIL CLEANER to gotowy do u\u017cycia, wielozadaniowy \u015brodek do czyszczenia wszystkich materia\u0142\u00f3w tekstylnych. Zosta\u0142 stworzony z my\u015bl\u0105 o Hobbystach, kt\u00f3rzy szukaj\u0105 skutecznego i bezpiecznego produktu do piel\u0119gnacji tapicerki, podsufitki, wyk\u0142adzin i dywanik\u00f3w.<\/p>\n<p>Jego formu\u0142a oparta na wyselekcjonowanych sk\u0142adnikach aktywnych natychmiast oddziela zabrudzenia od tkanin, u\u0142atwiaj\u0105c dalsz\u0105 prac\u0119. Usuwa \u015bwie\u017ce zabrudzenia bia\u0142kowe, t\u0142uszczowe i nikotynowe. Mo\u017ce by\u0107 stosowany jako \u015brodek do benetowania czyli czyszczenia r\u0119cznego tekstyli\u00f3w, a tak\u017ce jako pre-spray przed p\u0142ukaniem odkurzaczem esktrakcyjnym.<\/p>\n<p>Swag BASIC TEXTIL CLEANER to po\u0142\u0105czenie wysokiej si\u0142y czyszcz\u0105cej, wszechstronno\u015bci i bezpiecze\u0144stwa \u2013 bez ryzyka bia\u0142ych osad\u00f3w. Owocowy zapach uprzyjemnia prac\u0119, a szybkie dzia\u0142anie skraca czas prania tapicerki.<\/p>\n<p>PROPERTIES<\/p>\n<ul>\n<li>Formu\u0142a Textil pre-spray<\/li>\n<li>Cleans all textile materials<\/li>\n<li>Usuwa zabrudzenia: t\u0142uszczowe, bia\u0142kowe, film nikotynowy<\/li>\n<li>Du\u017ca si\u0142a czyszcz\u0105ca<\/li>\n<li>Immediate action<\/li>\n<li>Hand bonetting\u00a0<\/li>\n<li>Free from white deposits<\/li>\n<li>Safety in relation to cleaned surfaces<\/li>\n<li>Fruity scent<\/li>\n<li>For Hobbyists<\/li>\n<\/ul>\n<p>HOW TO USE<\/p>\n<ul>\n<li>Use in a shaded place on a cool surface.<\/li>\n<li>Sprawd\u017a dzia\u0142anie preparatu w niewidocznym miejscu.<\/li>\n<\/ul>\n<p>Bonnetting<\/p>\n<li>Opcja 1 Nanie\u015b SBTC na mikrofibr\u0119 i przetrzyj zabrudzon\u0105 powierzchni\u0119 w celu zebrania osad\u00f3w.<\/li>\n<li>Opcja 2 Opryskaj powierzchni\u0119 mgie\u0142k\u0105 i poczekaj do 10 minut.<\/li>\n<li>Then, remove the dirt with a brush or proceed directly to wiping the panel with a microfiber cloth.<\/li>\n<p>Pranie dwufazowe Opryskaj SBTC obszar roboczy.<\/p>\n<li>Odczekaj 5 minut i przejd\u017a do zaprania powierzchni r\u0119cznie \/ mechanicznie mi\u0119kk\u0105 szczoteczk\u0105<\/li>\n<li>Nast\u0119pnie za pomoc\u0105 odkurzacza ekstrakcyjnego wyp\u0142ucz wszystkie elementy czyst\u0105, ciep\u0142a wod\u0105.<\/li>\n<p>Pranie ekstrakcyjne<\/p>\n<li>Dodaj SBTC do zbiornika odkurzacza ekstrakcyjnego i opryskaj ca\u0142\u0105 powierzchni\u0119.<\/li>\n<li>Odczekaj do 10 minut.<\/li>\n<li>Nast\u0119pnie za pomoc\u0105 odkurzacza ekstrakcyjnego wyp\u0142ucz wszystkie elementy czyst\u0105, ciep\u0142\u0105 wod\u0105.<\/li>\n<p>Odplamianie<\/p>\n<li>Nanie\u015b wi\u0119ksz\u0105 ilo\u015b\u0107 SBTC na uporczywe zabrudzenie i odczekaj do 10 minut.\u00a0<\/li>\n<li>Then wash the item using your preferred method.<\/li>\n<li>To increase cleaning power, you can use a steam cleaner.<\/li>\n<p>ADDITIONAL RECOMMENDATIONS<\/p>\n<ul>\n<li>Shake before use.<\/li>\n<li>Do not freeze.<\/li>\n<li>Protect from sunlight.<\/li>\n<li>Store in a cool and dry place.<\/li>\n<\/ul>\n<p>Capacity 500 ml<\/p>","protected":false},"excerpt":{"rendered":"<p>Swag BASIC TEXTIL CLEANER to gotowy do u\u017cycia, wielozadaniowy \u015brodek do czyszczenia wszystkich materia\u0142\u00f3w tekstylnych. Zosta\u0142 stworzony z my\u015bl\u0105 o Hobbystach, kt\u00f3rzy szukaj\u0105 skutecznego i bezpiecznego produktu do piel\u0119gnacji tapicerki, podsufitki, wyk\u0142adzin i dywanik\u00f3w. Jego formu\u0142a oparta na wyselekcjonowanych sk\u0142adnikach aktywnych natychmiast oddziela zabrudzenia od tkanin, u\u0142atwiaj\u0105c dalsz\u0105 prac\u0119. Usuwa \u015bwie\u017ce zabrudzenia bia\u0142kowe, t\u0142uszczowe i&hellip;&nbsp;<a href=\"https:\/\/liquidmaster.pl\/en\/swag-basic-textil-cleaner-500ml-srodek-do-czyszczenia-tekstyliow\/\" rel=\"bookmark\">Read More \u00bb<span class=\"screen-reader-text\">Swag BASIC TEXTIL CLEANER 500ml &#8211; \u015brodek do czyszczenia tekstyli\u00f3w<\/span><\/a><\/p>","protected":false},"featured_media":1907495,"comment_status":"open","ping_status":"open","template":"","meta":{"neve_meta_sidebar":"","neve_meta_container":"","neve_meta_enable_content_width":"","neve_meta_content_width":0,"neve_meta_title_alignment":"","neve_meta_author_avatar":"","neve_post_elements_order":"","neve_meta_disable_header":"","neve_meta_disable_footer":"","neve_meta_disable_title":"","_themeisle_gutenberg_block_has_review":false},"product_brand":[],"product_cat":[771,769,768],"product_tag":[],"class_list":{"0":"post-1907493","1":"product","2":"type-product","3":"status-publish","4":"has-post-thumbnail","6":"product_cat-czyszczenie","7":"product_cat-tapicerka-i-dywaniki","8":"product_cat-wnetrze-auta","9":"pa_promocja-promocje","11":"first","12":"instock","13":"taxable","14":"shipping-taxable","15":"purchasable","16":"product-type-simple"},"_links":{"self":[{"href":"https:\/\/liquidmaster.pl\/en\/wp-json\/wp\/v2\/product\/1907493","targetHints":{"allow":["GET"]}}],"collection":[{"href":"https:\/\/liquidmaster.pl\/en\/wp-json\/wp\/v2\/product"}],"about":[{"href":"https:\/\/liquidmaster.pl\/en\/wp-json\/wp\/v2\/types\/product"}],"replies":[{"embeddable":true,"href":"https:\/\/liquidmaster.pl\/en\/wp-json\/wp\/v2\/comments?post=1907493"}],"wp:featuredmedia":[{"embeddable":true,"href":"https:\/\/liquidmaster.pl\/en\/wp-json\/wp\/v2\/media\/1907495"}],"wp:attachment":[{"href":"https:\/\/liquidmaster.pl\/en\/wp-json\/wp\/v2\/media?parent=1907493"}],"wp:term":[{"taxonomy":"product_brand","embeddable":true,"href":"https:\/\/liquidmaster.pl\/en\/wp-json\/wp\/v2\/product_brand?post=1907493"},{"taxonomy":"product_cat","embeddable":true,"href":"https:\/\/liquidmaster.pl\/en\/wp-json\/wp\/v2\/product_cat?post=1907493"},{"taxonomy":"product_tag","embeddable":true,"href":"https:\/\/liquidmaster.pl\/en\/wp-json\/wp\/v2\/product_tag?post=1907493"}],"curies":[{"name":"wp","href":"https:\/\/api.w.org\/{rel}","templated":true}]}}