{"id":1907490,"date":"2025-07-27T13:57:04","date_gmt":"2025-07-27T11:57:04","guid":{"rendered":"https:\/\/liquidmaster.pl\/swag-basic-tar-glue-remover-500ml-srodek-do-usuwania-smoly-i-kleju\/"},"modified":"2026-04-21T08:32:15","modified_gmt":"2026-04-21T06:32:15","slug":"swag-basic-tar-glue-remover-500ml-srodek-do-usuwania-smoly-i-kleju","status":"publish","type":"product","link":"https:\/\/liquidmaster.pl\/en\/swag-basic-tar-glue-remover-500ml-srodek-do-usuwania-smoly-i-kleju\/","title":{"rendered":"Swag BASIC TAR GLUE REMOVER 500ml \u2013 Tar and glue remover"},"content":{"rendered":"<p>Swag BASIC TAR GLUE REMOVER is designed to remove asphalt, grease, and adhesive residue from vehicle bodywork. It was created for all hobbyists looking for an effective cleaner to remove stubborn paint residue before further care.<\/p>\n<p>Thanks to its versatile formula, Swag BASIC TAR GLUE REMOVER has high cleaning power that effectively removes stubborn contaminants from exterior elements \u2013 bodywork, rims, and windows. After application, it actively penetrates asphalt dirt and residues of grease, assembly paste, and stickers.<\/p>\n<p>Swag BASIC TAR GLUE REMOVER is an essential step in comprehensive car decontamination, preparing the surface for paint correction or the application of protective coatings.<\/p>\n<p>PROPERTIES<\/p>\n<ul>\n<li>Removes asphalt, grease, and glue<\/li>\n<li>For decontamination of paintwork<\/li>\n<li>Fast acting<\/li>\n<li>Easy application<\/li>\n<li>High performance<\/li>\n<li>Fruity Scent<\/li>\n<li>Safe for surfaces\u00a0<\/li>\n<li>Great price<\/li>\n<li>For Hobbyists\u00a0<\/li>\n<\/ul>\n<p>HOW TO USE<\/p>\n<li>Apply in a shaded place on a cool and clean surface.<\/li>\n<li>Test the effect in an inconspicuous place.\u00a0<\/li>\n<li>Apply the agent to a dry surface using an applicator or sprayer.<\/li>\n<li>Wait up to 10 minutes (do not allow the agent to dry).<\/li>\n<li>Rinse the surface with water.<\/li>\n<li>Wash the vehicle using e.g. SWAG BASIC APC \/ SWAG NEUTRAL SHAMPOO.<\/li>\n<p>For stubborn stains, try one of these techniques:<\/p>\n<ul>\n<li>Saturate the microfiber with the agent and wipe the element spot-by-spot.<\/li>\n<li>Spray the element and use a plastic blade to separate the dirt.<\/li>\n<li>After washing the surface, remove deposits with CLAY BAR.<\/li>\n<\/ul>\n<p>ADDITIONAL RECOMMENDATIONS<\/p>\n<ul>\n<li>Do not freeze.<\/li>\n<li>Shake before use.<\/li>\n<li>Protect from sunlight.<\/li>\n<li>Store in a cool and dry place.<\/li>\n<\/ul>\n<p>Capacity 500 ml<\/p>","protected":false},"excerpt":{"rendered":"<p>Swag BASIC TAR GLUE REMOVER jest to \u015brodek przeznaczony do usuwania z karoserii pojazdu zabrudze\u0144 z asfaltu, smaru i kleju. Zosta\u0142 stworzony dla wszystkich hobbyst\u00f3w, kt\u00f3rzy szukaj\u0105 skutecznego Cleaneru do usuni\u0119cia uporczywych osad\u00f3w z lakieru przed dalsz\u0105 piel\u0119gnacj\u0105. Dzi\u0119ki swojej wszechstronnej formule Swag BASIC TAR GLUE REMOVER posiada wysok\u0105 si\u0142\u0119 czyszcz\u0105c\u0105 kt\u00f3ra skutecznie usuwa trudne&hellip;&nbsp;<a href=\"https:\/\/liquidmaster.pl\/en\/swag-basic-tar-glue-remover-500ml-srodek-do-usuwania-smoly-i-kleju\/\" rel=\"bookmark\">Read More \u00bb<span class=\"screen-reader-text\">Swag BASIC TAR GLUE REMOVER 500ml \u2013 Tar and glue remover<\/span><\/a><\/p>","protected":false},"featured_media":1907492,"comment_status":"open","ping_status":"open","template":"","meta":{"neve_meta_sidebar":"","neve_meta_container":"","neve_meta_enable_content_width":"","neve_meta_content_width":0,"neve_meta_title_alignment":"","neve_meta_author_avatar":"","neve_post_elements_order":"","neve_meta_disable_header":"","neve_meta_disable_footer":"","neve_meta_disable_title":"","_themeisle_gutenberg_block_has_review":false},"product_brand":[],"product_cat":[743,733,793],"product_tag":[],"class_list":{"0":"post-1907490","1":"product","2":"type-product","3":"status-publish","4":"has-post-thumbnail","6":"product_cat-dekontaminacja","7":"product_cat-na-zewnatrz","8":"product_cat-usuwanie-smoly-i-kleju","10":"first","11":"instock","12":"taxable","13":"shipping-taxable","14":"purchasable","15":"product-type-simple"},"_links":{"self":[{"href":"https:\/\/liquidmaster.pl\/en\/wp-json\/wp\/v2\/product\/1907490","targetHints":{"allow":["GET"]}}],"collection":[{"href":"https:\/\/liquidmaster.pl\/en\/wp-json\/wp\/v2\/product"}],"about":[{"href":"https:\/\/liquidmaster.pl\/en\/wp-json\/wp\/v2\/types\/product"}],"replies":[{"embeddable":true,"href":"https:\/\/liquidmaster.pl\/en\/wp-json\/wp\/v2\/comments?post=1907490"}],"wp:featuredmedia":[{"embeddable":true,"href":"https:\/\/liquidmaster.pl\/en\/wp-json\/wp\/v2\/media\/1907492"}],"wp:attachment":[{"href":"https:\/\/liquidmaster.pl\/en\/wp-json\/wp\/v2\/media?parent=1907490"}],"wp:term":[{"taxonomy":"product_brand","embeddable":true,"href":"https:\/\/liquidmaster.pl\/en\/wp-json\/wp\/v2\/product_brand?post=1907490"},{"taxonomy":"product_cat","embeddable":true,"href":"https:\/\/liquidmaster.pl\/en\/wp-json\/wp\/v2\/product_cat?post=1907490"},{"taxonomy":"product_tag","embeddable":true,"href":"https:\/\/liquidmaster.pl\/en\/wp-json\/wp\/v2\/product_tag?post=1907490"}],"curies":[{"name":"wp","href":"https:\/\/api.w.org\/{rel}","templated":true}]}}